{"id":429071,"date":"2026-01-09T21:10:22","date_gmt":"2026-01-09T21:10:22","guid":{"rendered":"https:\/\/irankiuzona.lt\/product\/domkratas-hidraulinis-pakopinis-3ton-188-363mm-2\/"},"modified":"2026-04-16T12:17:32","modified_gmt":"2026-04-16T12:17:32","slug":"domkratas-hidraulinis-pakopinis-3ton-188-363mm-2","status":"publish","type":"product","link":"https:\/\/irankiuzona.lt\/ru\/product\/domkratas-hidraulinis-pakopinis-3ton-188-363mm-2\/","title":{"rendered":"Domkratas hidraulinis pakopinis 3Ton (188-363mm)"},"content":{"rendered":"<p>Keliamoji galia: 3000 kgMinimalus k\u0117limo auk\u0161tis &#8211; 188 mmMaksimalus k\u0117limo auk\u0161tis &#8211; 363 mm<\/p>","protected":false},"excerpt":{"rendered":"<p>Domkratas hidraulinis pakopinis 3Ton (188-363mm)<\/p>","protected":false},"featured_media":312005,"comment_status":"open","ping_status":"open","template":"","meta":[],"product_cat":[9707],"product_tag":[10143],"class_list":{"0":"post-429071","1":"product","2":"type-product","3":"status-publish","4":"has-post-thumbnail","6":"product_brand-jcb","7":"product_cat-domkratai-pakopiniai","8":"product_tag-jcb","10":"first","11":"outofstock","12":"purchasable","13":"product-type-simple"},"jetpack_sharing_enabled":true,"_links":{"self":[{"href":"https:\/\/irankiuzona.lt\/ru\/wp-json\/wp\/v2\/product\/429071","targetHints":{"allow":["GET"]}}],"collection":[{"href":"https:\/\/irankiuzona.lt\/ru\/wp-json\/wp\/v2\/product"}],"about":[{"href":"https:\/\/irankiuzona.lt\/ru\/wp-json\/wp\/v2\/types\/product"}],"replies":[{"embeddable":true,"href":"https:\/\/irankiuzona.lt\/ru\/wp-json\/wp\/v2\/comments?post=429071"}],"version-history":[{"count":1,"href":"https:\/\/irankiuzona.lt\/ru\/wp-json\/wp\/v2\/product\/429071\/revisions"}],"predecessor-version":[{"id":429072,"href":"https:\/\/irankiuzona.lt\/ru\/wp-json\/wp\/v2\/product\/429071\/revisions\/429072"}],"wp:featuredmedia":[{"embeddable":true,"href":"https:\/\/irankiuzona.lt\/ru\/wp-json\/wp\/v2\/media\/312005"}],"wp:attachment":[{"href":"https:\/\/irankiuzona.lt\/ru\/wp-json\/wp\/v2\/media?parent=429071"}],"wp:term":[{"taxonomy":"product_cat","embeddable":true,"href":"https:\/\/irankiuzona.lt\/ru\/wp-json\/wp\/v2\/product_cat?post=429071"},{"taxonomy":"product_tag","embeddable":true,"href":"https:\/\/irankiuzona.lt\/ru\/wp-json\/wp\/v2\/product_tag?post=429071"}],"curies":[{"name":"wp","href":"https:\/\/api.w.org\/{rel}","templated":true}]}}