{"id":429073,"date":"2026-01-09T21:26:29","date_gmt":"2026-01-09T21:26:29","guid":{"rendered":"https:\/\/irankiuzona.lt\/product\/darbines-kelnes-tauber-xl-dydis\/"},"modified":"2026-04-16T13:43:21","modified_gmt":"2026-04-16T13:43:21","slug":"darbines-kelnes-tauber-xl-dydis","status":"publish","type":"product","link":"https:\/\/irankiuzona.lt\/ru\/product\/darbines-kelnes-tauber-xl-dydis\/","title":{"rendered":"Darbin\u0117s keln\u0117s TAUBER, XL dydis"},"content":{"rendered":"<p>TAUBER profesionalios vyri\u0161kos apsaugin\u0117s keln\u0117s pagamintos i\u0161 auk\u0161\u010diausios kokyb\u0117s med\u017eiag\u0173. Tvirtas pynimas u\u017etikrina auk\u0161t\u0105 patvarum\u0105. Standartinis 4 kryp\u010di\u0173 tempimas padidina kelni\u0173 elastingum\u0105, o tai suteikia didel\u0119 jud\u0117jimo laisv\u0119 d\u0117v\u0117jui. \u0160vies\u0105 atspindin\u010dios detal\u0117s naudojamos siekiant padidinti darbo saugum\u0105 sutemus. Didelis ki\u0161eni\u0173 skai\u010dius \u012ftakoja gaminio naudojimo patogum\u0105 ir u\u017etikrina, kad \u012frankiai visada b\u016bt\u0173 po ranka. Ki\u0161en\u0117se ir keliuose naudojami CORDURA sutvirtinimai. Papildoma u\u017edengta ki\u0161en\u0117 turi tvirt\u0105 u\u017etrauktuk\u0105, kad niekas nei\u0161slyst\u0173 ar neb\u016bt\u0173 pa\u017eeista. Jos reguliuojamos vidine elastine juosta juosmens viduryje. Keln\u0117s yra madingos tamsiai pilkos spalvos su m\u0117lynais akcentais ir plataus dyd\u017ei\u0173 pasirinkimo (nuo S iki 3XL). Jos skirtos profesionalams. Puikiai tinka gamybos, statybos, transporto darbuotojams ir automobili\u0173 mechanikams. Jos idealiai tinka aptarnavimo, montavimo ir techniniams darbams. Savyb\u0117s 4 kryp\u010di\u0173 tempimasis elastingas audinys, u\u017etikrinantis jud\u0117jimo laisv\u0119; med\u017eiagos svoris 250 g\/m\u00b2; med\u017eiaga: audinys 92% poliamido, 8% elastano; Pagaminta pagal EN ISO 13688:2013 standart\u0105; YKK pagrindinis u\u017etrauktukas; 2 nuimamos CORDURA ki\u0161en\u0117s; 1 u\u017edengta ki\u0161en\u0117; 2 \u0161onin\u0117s krovinin\u0117s ki\u0161en\u0117s; 2 ki\u0161en\u0117s CORDURA keli\u0173 apsaugai; 1 ki\u0161en\u0117 mobiliajam telefonui; 1 ki\u0161en\u0117 liniuotei; 2 talpios u\u017epakalin\u0117s ki\u0161en\u0117s, 1 u\u017etraukiama, 1 lipni juosta; papildomas \u012fd\u0117klas tarpkojyje; vidin\u0117 elastin\u0117 juosta juosmens viduryje, laikanti kelnes vietoje; u\u017etraukiama ventiliacijos anga gale; pla\u010dios kilpos \u012frankiams pritvirtinti; trigubos sutvirtintos si\u016bl\u0117s; koj\u0173 apa\u010dios sutvirtinimas CORDURA audiniu; prailginamos kojos; \u0161vies\u0105 atspindintys elementai.<\/p>","protected":false},"excerpt":{"rendered":"<p>TAUBER apsaugin\u0117s keln\u0117s, 4 kryptimis tampr\u0117s, tamsiai pilkos, XL (54)<\/p>","protected":false},"featured_media":429075,"comment_status":"open","ping_status":"open","template":"","meta":[],"product_cat":[9992],"product_tag":[9969],"class_list":{"0":"post-429073","1":"product","2":"type-product","3":"status-publish","4":"has-post-thumbnail","6":"product_brand-hogert-technik-vokietija","7":"product_cat-darbines-kelnes","8":"product_tag-hogert-technik-vokietija","10":"first","11":"instock","12":"purchasable","13":"product-type-simple"},"jetpack_sharing_enabled":true,"_links":{"self":[{"href":"https:\/\/irankiuzona.lt\/ru\/wp-json\/wp\/v2\/product\/429073","targetHints":{"allow":["GET"]}}],"collection":[{"href":"https:\/\/irankiuzona.lt\/ru\/wp-json\/wp\/v2\/product"}],"about":[{"href":"https:\/\/irankiuzona.lt\/ru\/wp-json\/wp\/v2\/types\/product"}],"replies":[{"embeddable":true,"href":"https:\/\/irankiuzona.lt\/ru\/wp-json\/wp\/v2\/comments?post=429073"}],"version-history":[{"count":1,"href":"https:\/\/irankiuzona.lt\/ru\/wp-json\/wp\/v2\/product\/429073\/revisions"}],"predecessor-version":[{"id":429074,"href":"https:\/\/irankiuzona.lt\/ru\/wp-json\/wp\/v2\/product\/429073\/revisions\/429074"}],"wp:featuredmedia":[{"embeddable":true,"href":"https:\/\/irankiuzona.lt\/ru\/wp-json\/wp\/v2\/media\/429075"}],"wp:attachment":[{"href":"https:\/\/irankiuzona.lt\/ru\/wp-json\/wp\/v2\/media?parent=429073"}],"wp:term":[{"taxonomy":"product_cat","embeddable":true,"href":"https:\/\/irankiuzona.lt\/ru\/wp-json\/wp\/v2\/product_cat?post=429073"},{"taxonomy":"product_tag","embeddable":true,"href":"https:\/\/irankiuzona.lt\/ru\/wp-json\/wp\/v2\/product_tag?post=429073"}],"curies":[{"name":"wp","href":"https:\/\/api.w.org\/{rel}","templated":true}]}}