{"id":429076,"date":"2026-01-09T21:49:12","date_gmt":"2026-01-09T21:49:12","guid":{"rendered":"https:\/\/irankiuzona.lt\/product\/slifavimo-diskas-50mm\/"},"modified":"2026-04-16T14:53:46","modified_gmt":"2026-04-16T14:53:46","slug":"slifavimo-diskas-50mm","status":"publish","type":"product","link":"https:\/\/irankiuzona.lt\/ru\/product\/slifavimo-diskas-50mm\/","title":{"rendered":"\u0160lifavimo diskas 50mm"},"content":{"rendered":"<p>Pagamintas i\u0161 auk\u0161tos kokyb\u0117s med\u017eiag\u0173<br \/>\n Efektyvus ir patvarus Vielinis tvirtinimas sutvirtintas plieniniais \u017eiedais<br \/>\n Neaustin\u0117 viela \u0160epe\u010dio skersmuo: 50 mm<br \/>\n Kotelio skersmuo: 6 mm<br \/>\nMaks. apsisukim\u0173 skai\u010dius: 4500 aps.\/min.<\/p>","protected":false},"excerpt":{"rendered":"<p>Abrazyvinis \u0161lifavimo diskas | juodas | \u00d8 50 mm<\/p>","protected":false},"featured_media":429078,"comment_status":"open","ping_status":"open","template":"","meta":[],"product_cat":[9450],"product_tag":[9483],"class_list":{"0":"post-429076","1":"product","2":"type-product","3":"status-publish","4":"has-post-thumbnail","6":"product_brand-yato-lenkija","7":"product_cat-sepeciai-greztuvui-slif-pj-irankiui","8":"product_tag-yato-lenkija","10":"first","11":"instock","12":"purchasable","13":"product-type-simple"},"jetpack_sharing_enabled":true,"_links":{"self":[{"href":"https:\/\/irankiuzona.lt\/ru\/wp-json\/wp\/v2\/product\/429076","targetHints":{"allow":["GET"]}}],"collection":[{"href":"https:\/\/irankiuzona.lt\/ru\/wp-json\/wp\/v2\/product"}],"about":[{"href":"https:\/\/irankiuzona.lt\/ru\/wp-json\/wp\/v2\/types\/product"}],"replies":[{"embeddable":true,"href":"https:\/\/irankiuzona.lt\/ru\/wp-json\/wp\/v2\/comments?post=429076"}],"version-history":[{"count":1,"href":"https:\/\/irankiuzona.lt\/ru\/wp-json\/wp\/v2\/product\/429076\/revisions"}],"predecessor-version":[{"id":429077,"href":"https:\/\/irankiuzona.lt\/ru\/wp-json\/wp\/v2\/product\/429076\/revisions\/429077"}],"wp:featuredmedia":[{"embeddable":true,"href":"https:\/\/irankiuzona.lt\/ru\/wp-json\/wp\/v2\/media\/429078"}],"wp:attachment":[{"href":"https:\/\/irankiuzona.lt\/ru\/wp-json\/wp\/v2\/media?parent=429076"}],"wp:term":[{"taxonomy":"product_cat","embeddable":true,"href":"https:\/\/irankiuzona.lt\/ru\/wp-json\/wp\/v2\/product_cat?post=429076"},{"taxonomy":"product_tag","embeddable":true,"href":"https:\/\/irankiuzona.lt\/ru\/wp-json\/wp\/v2\/product_tag?post=429076"}],"curies":[{"name":"wp","href":"https:\/\/api.w.org\/{rel}","templated":true}]}}