{"id":429102,"date":"2026-01-09T21:58:17","date_gmt":"2026-01-09T21:58:17","guid":{"rendered":"https:\/\/irankiuzona.lt\/product\/montiruote-multifunkcine-150mm\/"},"modified":"2026-04-17T00:59:25","modified_gmt":"2026-04-17T00:59:25","slug":"montiruote-multifunkcine-150mm","status":"publish","type":"product","link":"https:\/\/irankiuzona.lt\/ru\/product\/montiruote-multifunkcine-150mm\/","title":{"rendered":"Montiruot\u0117 multifunkcin\u0117 150mm"},"content":{"rendered":"<p>6&quot; 65Mn 150x20x2,5 mm. Skirta greitam ir patogiam apdailos plok\u0161\u010di\u0173 ir automobilio salono element\u0173 (radijo imtuv\u0173, dur\u0173 apvad\u0173, molding\u0173 ir kt.) nu\u0117mimui su lau\u017etuvais \u017eiedams ir spaustukams nuimti.<\/p>","protected":false},"excerpt":{"rendered":"<p>Daugiafunkcin\u0117 montiruot\u0117 | ner\u016bdijantis plienas | 150 mm<\/p>","protected":false},"featured_media":429104,"comment_status":"open","ping_status":"open","template":"","meta":[],"product_cat":[9529],"product_tag":[9435],"class_list":{"0":"post-429102","1":"product","2":"type-product","3":"status-publish","4":"has-post-thumbnail","6":"product_brand-kinija","7":"product_cat-irankiai-apdailos-ardymui","8":"product_tag-kinija","10":"first","11":"instock","12":"purchasable","13":"product-type-simple"},"jetpack_sharing_enabled":true,"_links":{"self":[{"href":"https:\/\/irankiuzona.lt\/ru\/wp-json\/wp\/v2\/product\/429102","targetHints":{"allow":["GET"]}}],"collection":[{"href":"https:\/\/irankiuzona.lt\/ru\/wp-json\/wp\/v2\/product"}],"about":[{"href":"https:\/\/irankiuzona.lt\/ru\/wp-json\/wp\/v2\/types\/product"}],"replies":[{"embeddable":true,"href":"https:\/\/irankiuzona.lt\/ru\/wp-json\/wp\/v2\/comments?post=429102"}],"version-history":[{"count":1,"href":"https:\/\/irankiuzona.lt\/ru\/wp-json\/wp\/v2\/product\/429102\/revisions"}],"predecessor-version":[{"id":429103,"href":"https:\/\/irankiuzona.lt\/ru\/wp-json\/wp\/v2\/product\/429102\/revisions\/429103"}],"wp:featuredmedia":[{"embeddable":true,"href":"https:\/\/irankiuzona.lt\/ru\/wp-json\/wp\/v2\/media\/429104"}],"wp:attachment":[{"href":"https:\/\/irankiuzona.lt\/ru\/wp-json\/wp\/v2\/media?parent=429102"}],"wp:term":[{"taxonomy":"product_cat","embeddable":true,"href":"https:\/\/irankiuzona.lt\/ru\/wp-json\/wp\/v2\/product_cat?post=429102"},{"taxonomy":"product_tag","embeddable":true,"href":"https:\/\/irankiuzona.lt\/ru\/wp-json\/wp\/v2\/product_tag?post=429102"}],"curies":[{"name":"wp","href":"https:\/\/api.w.org\/{rel}","templated":true}]}}