{"id":429159,"date":"2026-01-17T21:22:05","date_gmt":"2026-01-17T21:22:05","guid":{"rendered":"https:\/\/irankiuzona.lt\/product\/dazu-storio-matuoklis\/"},"modified":"2026-04-17T05:48:30","modified_gmt":"2026-04-17T05:48:30","slug":"dazu-storio-matuoklis","status":"publish","type":"product","link":"https:\/\/irankiuzona.lt\/ru\/product\/dazu-storio-matuoklis\/","title":{"rendered":"Da\u017e\u0173 storio matuoklis"},"content":{"rendered":"<p>Apra\u0161ymas leid\u017eia matuoti da\u017e\u0173 ir plastiko dangos stor\u012f ant metalini\u0173 pavir\u0161i\u0173 idealiai tinka transporto priemoni\u0173 prekybai, netinkamai atliktus k\u0117bulo remonto darbus galima greitai ir be dideli\u0173 pastang\u0173 rasti i\u0161vestis per 3 spalv\u0173 \u0161viesos diodus: raudonas \u0161viesos diodas: da\u017e\u0173 storis didesnis nei 1,8 mm, geltonas \u0161viesos diodas: da\u017e\u0173 storis yra nuo 1,0 iki 1,8 mm, \u017ealias \u0161viesos diodas: da\u017e\u0173 storis ma\u017eesnis nei 1,0 mm palyginamieji matavimai galimi ant atskaitos pagrindo matavimo galvut\u0117 apsaugota nuimamu dangteliu Techniniai duomenys CE standartas: taip ilgis: 68 mm plotis: 40 mm<\/p>","protected":false},"excerpt":{"rendered":"<p>Da\u017e\u0173 storio matuoklis<\/p>","protected":false},"featured_media":429161,"comment_status":"open","ping_status":"open","template":"","meta":[],"product_cat":[9697],"product_tag":[9845],"class_list":{"0":"post-429159","1":"product","2":"type-product","3":"status-publish","4":"has-post-thumbnail","6":"product_brand-vokietija-germany","7":"product_cat-aksesuarai-automobiliams","8":"product_tag-vokietija-germany","10":"first","11":"instock","12":"purchasable","13":"product-type-simple"},"jetpack_sharing_enabled":true,"_links":{"self":[{"href":"https:\/\/irankiuzona.lt\/ru\/wp-json\/wp\/v2\/product\/429159","targetHints":{"allow":["GET"]}}],"collection":[{"href":"https:\/\/irankiuzona.lt\/ru\/wp-json\/wp\/v2\/product"}],"about":[{"href":"https:\/\/irankiuzona.lt\/ru\/wp-json\/wp\/v2\/types\/product"}],"replies":[{"embeddable":true,"href":"https:\/\/irankiuzona.lt\/ru\/wp-json\/wp\/v2\/comments?post=429159"}],"version-history":[{"count":1,"href":"https:\/\/irankiuzona.lt\/ru\/wp-json\/wp\/v2\/product\/429159\/revisions"}],"predecessor-version":[{"id":429160,"href":"https:\/\/irankiuzona.lt\/ru\/wp-json\/wp\/v2\/product\/429159\/revisions\/429160"}],"wp:featuredmedia":[{"embeddable":true,"href":"https:\/\/irankiuzona.lt\/ru\/wp-json\/wp\/v2\/media\/429161"}],"wp:attachment":[{"href":"https:\/\/irankiuzona.lt\/ru\/wp-json\/wp\/v2\/media?parent=429159"}],"wp:term":[{"taxonomy":"product_cat","embeddable":true,"href":"https:\/\/irankiuzona.lt\/ru\/wp-json\/wp\/v2\/product_cat?post=429159"},{"taxonomy":"product_tag","embeddable":true,"href":"https:\/\/irankiuzona.lt\/ru\/wp-json\/wp\/v2\/product_tag?post=429159"}],"curies":[{"name":"wp","href":"https:\/\/api.w.org\/{rel}","templated":true}]}}