{"id":429175,"date":"2026-01-17T22:16:59","date_gmt":"2026-01-17T22:16:59","guid":{"rendered":"https:\/\/irankiuzona.lt\/product\/sepetys-lekste-st-plienas-100mm\/"},"modified":"2026-04-21T23:47:39","modified_gmt":"2026-04-21T23:47:39","slug":"sepetys-lekste-st-plienas-100mm","status":"publish","type":"product","link":"https:\/\/irankiuzona.lt\/ru\/product\/sepetys-lekste-st-plienas-100mm\/","title":{"rendered":"\u0160epetys l\u0117k\u0161t\u0117 st.plienas 100mm"},"content":{"rendered":"","protected":false},"excerpt":{"rendered":"<p>\u0160epetys vielinis l\u0117k\u0161t\u0117s tipo | stambus plienas | 100 mm | M14<\/p>","protected":false},"featured_media":429177,"comment_status":"open","ping_status":"open","template":"","meta":[],"product_cat":[9450],"product_tag":[9435],"class_list":{"0":"post-429175","1":"product","2":"type-product","3":"status-publish","4":"has-post-thumbnail","6":"product_brand-kinija","7":"product_cat-sepeciai-greztuvui-slif-pj-irankiui","8":"product_tag-kinija","10":"first","11":"instock","12":"purchasable","13":"product-type-simple"},"jetpack_sharing_enabled":true,"_links":{"self":[{"href":"https:\/\/irankiuzona.lt\/ru\/wp-json\/wp\/v2\/product\/429175","targetHints":{"allow":["GET"]}}],"collection":[{"href":"https:\/\/irankiuzona.lt\/ru\/wp-json\/wp\/v2\/product"}],"about":[{"href":"https:\/\/irankiuzona.lt\/ru\/wp-json\/wp\/v2\/types\/product"}],"replies":[{"embeddable":true,"href":"https:\/\/irankiuzona.lt\/ru\/wp-json\/wp\/v2\/comments?post=429175"}],"version-history":[{"count":1,"href":"https:\/\/irankiuzona.lt\/ru\/wp-json\/wp\/v2\/product\/429175\/revisions"}],"predecessor-version":[{"id":429176,"href":"https:\/\/irankiuzona.lt\/ru\/wp-json\/wp\/v2\/product\/429175\/revisions\/429176"}],"wp:featuredmedia":[{"embeddable":true,"href":"https:\/\/irankiuzona.lt\/ru\/wp-json\/wp\/v2\/media\/429177"}],"wp:attachment":[{"href":"https:\/\/irankiuzona.lt\/ru\/wp-json\/wp\/v2\/media?parent=429175"}],"wp:term":[{"taxonomy":"product_cat","embeddable":true,"href":"https:\/\/irankiuzona.lt\/ru\/wp-json\/wp\/v2\/product_cat?post=429175"},{"taxonomy":"product_tag","embeddable":true,"href":"https:\/\/irankiuzona.lt\/ru\/wp-json\/wp\/v2\/product_tag?post=429175"}],"curies":[{"name":"wp","href":"https:\/\/api.w.org\/{rel}","templated":true}]}}