{"id":429181,"date":"2026-01-17T22:29:03","date_gmt":"2026-01-17T22:29:03","guid":{"rendered":"https:\/\/irankiuzona.lt\/product\/jcb-domkratas-hidraulinis-3ton-75-505mm-th33013\/"},"modified":"2026-01-19T07:07:47","modified_gmt":"2026-01-19T07:07:47","slug":"jcb-domkratas-hidraulinis-3ton-75-505mm-th33013","status":"publish","type":"product","link":"https:\/\/irankiuzona.lt\/ru\/product\/jcb-domkratas-hidraulinis-3ton-75-505mm-th33013\/","title":{"rendered":"JCB Domkratas hidraulinis 3Ton 75-505mm (TH33013)"},"content":{"rendered":"<p>Privalumai: Galima dirbti prie-20 \u00b0C temperat\u016brosPatogus ried\u0117jimas po pagrindu naudojant ratus;Nuimama rankena, kad b\u016bt\u0173 galima skland\u017eiai kelti su minimaliomis pastangomisDomkratas yra optimalus automobili\u0173 servisams ir padang\u0173 centrams. Domkrato elementai pagaminti i\u0161 itin tvirto ir patvaraus metalo. Specifikacijos: Maks., apkrova 3TMin. k\u0117limo auk\u0161tis 75mmMaks. k\u0117limo auk\u0161tis 505mmYpa\u010d \u017eemo profilio dizainasGreitas pak\u0117limasPasukami galiniai ratai<\/p>","protected":false},"excerpt":{"rendered":"<p>JCB-TH33013 hidraulinis domkratas 3Ton, k\u0117limo auk\u0161tis 75-505mm<\/p>","protected":false},"featured_media":388173,"comment_status":"open","ping_status":"closed","template":"","meta":[],"product_cat":[9959],"product_tag":[10143],"class_list":{"0":"post-429181","1":"product","2":"type-product","3":"status-publish","4":"has-post-thumbnail","6":"product_brand-jcb","7":"product_cat-domkratai-hidrauliniai","8":"product_tag-jcb","10":"first","11":"instock","12":"purchasable","13":"product-type-simple"},"jetpack_sharing_enabled":true,"_links":{"self":[{"href":"https:\/\/irankiuzona.lt\/ru\/wp-json\/wp\/v2\/product\/429181","targetHints":{"allow":["GET"]}}],"collection":[{"href":"https:\/\/irankiuzona.lt\/ru\/wp-json\/wp\/v2\/product"}],"about":[{"href":"https:\/\/irankiuzona.lt\/ru\/wp-json\/wp\/v2\/types\/product"}],"replies":[{"embeddable":true,"href":"https:\/\/irankiuzona.lt\/ru\/wp-json\/wp\/v2\/comments?post=429181"}],"version-history":[{"count":1,"href":"https:\/\/irankiuzona.lt\/ru\/wp-json\/wp\/v2\/product\/429181\/revisions"}],"predecessor-version":[{"id":429182,"href":"https:\/\/irankiuzona.lt\/ru\/wp-json\/wp\/v2\/product\/429181\/revisions\/429182"}],"wp:featuredmedia":[{"embeddable":true,"href":"https:\/\/irankiuzona.lt\/ru\/wp-json\/wp\/v2\/media\/388173"}],"wp:attachment":[{"href":"https:\/\/irankiuzona.lt\/ru\/wp-json\/wp\/v2\/media?parent=429181"}],"wp:term":[{"taxonomy":"product_cat","embeddable":true,"href":"https:\/\/irankiuzona.lt\/ru\/wp-json\/wp\/v2\/product_cat?post=429181"},{"taxonomy":"product_tag","embeddable":true,"href":"https:\/\/irankiuzona.lt\/ru\/wp-json\/wp\/v2\/product_tag?post=429181"}],"curies":[{"name":"wp","href":"https:\/\/api.w.org\/{rel}","templated":true}]}}