{"id":429183,"date":"2026-01-17T22:30:13","date_gmt":"2026-01-17T22:30:13","guid":{"rendered":"https:\/\/irankiuzona.lt\/product\/pjovimo-diskeliai-o-75-x-1-0-x-10-mm-5vnt\/"},"modified":"2026-05-09T07:45:50","modified_gmt":"2026-05-09T07:45:50","slug":"pjovimo-diskeliai-o-75-x-1-0-x-10-mm-5vnt","status":"publish","type":"product","link":"https:\/\/irankiuzona.lt\/ru\/product\/pjovimo-diskeliai-o-75-x-1-0-x-10-mm-5vnt\/","title":{"rendered":"Pjovimo diskeliai \u00d8 75 x 1.0 x 10 mm (5vnt.)"},"content":{"rendered":"","protected":false},"excerpt":{"rendered":"<p>Pjovimo disk\u0173 rinkinys | ner\u016bdijan\u010diam plienui | \u00d8 75 x 1,0 x 10 mm | 5 vnt.<\/p>","protected":false},"featured_media":429185,"comment_status":"open","ping_status":"open","template":"","meta":[],"product_cat":[9584],"product_tag":[9845],"class_list":{"0":"post-429183","1":"product","2":"type-product","3":"status-publish","4":"has-post-thumbnail","6":"product_brand-vokietija-germany","7":"product_cat-metalo-pjovimo-diskai","8":"product_tag-vokietija-germany","10":"first","11":"instock","12":"purchasable","13":"product-type-simple"},"jetpack_sharing_enabled":true,"_links":{"self":[{"href":"https:\/\/irankiuzona.lt\/ru\/wp-json\/wp\/v2\/product\/429183","targetHints":{"allow":["GET"]}}],"collection":[{"href":"https:\/\/irankiuzona.lt\/ru\/wp-json\/wp\/v2\/product"}],"about":[{"href":"https:\/\/irankiuzona.lt\/ru\/wp-json\/wp\/v2\/types\/product"}],"replies":[{"embeddable":true,"href":"https:\/\/irankiuzona.lt\/ru\/wp-json\/wp\/v2\/comments?post=429183"}],"version-history":[{"count":1,"href":"https:\/\/irankiuzona.lt\/ru\/wp-json\/wp\/v2\/product\/429183\/revisions"}],"predecessor-version":[{"id":429184,"href":"https:\/\/irankiuzona.lt\/ru\/wp-json\/wp\/v2\/product\/429183\/revisions\/429184"}],"wp:featuredmedia":[{"embeddable":true,"href":"https:\/\/irankiuzona.lt\/ru\/wp-json\/wp\/v2\/media\/429185"}],"wp:attachment":[{"href":"https:\/\/irankiuzona.lt\/ru\/wp-json\/wp\/v2\/media?parent=429183"}],"wp:term":[{"taxonomy":"product_cat","embeddable":true,"href":"https:\/\/irankiuzona.lt\/ru\/wp-json\/wp\/v2\/product_cat?post=429183"},{"taxonomy":"product_tag","embeddable":true,"href":"https:\/\/irankiuzona.lt\/ru\/wp-json\/wp\/v2\/product_tag?post=429183"}],"curies":[{"name":"wp","href":"https:\/\/api.w.org\/{rel}","templated":true}]}}