{"id":429189,"date":"2026-01-17T22:43:24","date_gmt":"2026-01-17T22:43:24","guid":{"rendered":"https:\/\/irankiuzona.lt\/product\/asies-galvute-ford-transit-rwd\/"},"modified":"2026-04-19T14:13:22","modified_gmt":"2026-04-19T14:13:22","slug":"asies-galvute-ford-transit-rwd","status":"publish","type":"product","link":"https:\/\/irankiuzona.lt\/ru\/product\/asies-galvute-ford-transit-rwd\/","title":{"rendered":"A\u0161ies galvut\u0117 FORD TRANSIT RWD"},"content":{"rendered":"<p>Apra\u0161ymas<br \/>\n skirtas galin\u0117s a\u0161ies stebul\u0117s tvirtinimo ver\u017elei atlaisvinti ir priver\u017eti tinka naudoti rankiniu ir sm\u016bginiu ver\u017eliarak\u010diu skirtas dideliems priver\u017eimo ir atleidimo sukimo momentams tinka \u0161iems transporto priemoni\u0173 modeliams:<br \/>\n \u201eFord Transit\u201c (nuo 2014 m.) su galini\u0173 rat\u0173 pavara naudojamas kaip \u201eFord OEM 205-1007\u201c i\u0161vesties pavaros profilis: 4 dantys<br \/>\nTechniniai duomenys naudojamas kaip \u201eOEM1 205-1007 Ford\u201c Pavaros profilis Vidinis kvadratinis Pavaros profilio dydis, metrinis 12,5 mm I\u0161vesties profilis Specialus profilis Pavaros profilio dydis, colis 1\/2 colio<\/p>","protected":false},"excerpt":{"rendered":"<p>A\u0161ies ver\u017el\u0117s galvut\u0117 | Ford Transit RWD<\/p>","protected":false},"featured_media":429191,"comment_status":"open","ping_status":"open","template":"","meta":[],"product_cat":[9731],"product_tag":[9845],"class_list":{"0":"post-429189","1":"product","2":"type-product","3":"status-publish","4":"has-post-thumbnail","6":"product_brand-vokietija-germany","7":"product_cat-guoliu-sailentbloku-presavimo-irankiai","8":"product_tag-vokietija-germany","10":"first","11":"instock","12":"purchasable","13":"product-type-simple"},"jetpack_sharing_enabled":true,"_links":{"self":[{"href":"https:\/\/irankiuzona.lt\/ru\/wp-json\/wp\/v2\/product\/429189","targetHints":{"allow":["GET"]}}],"collection":[{"href":"https:\/\/irankiuzona.lt\/ru\/wp-json\/wp\/v2\/product"}],"about":[{"href":"https:\/\/irankiuzona.lt\/ru\/wp-json\/wp\/v2\/types\/product"}],"replies":[{"embeddable":true,"href":"https:\/\/irankiuzona.lt\/ru\/wp-json\/wp\/v2\/comments?post=429189"}],"version-history":[{"count":1,"href":"https:\/\/irankiuzona.lt\/ru\/wp-json\/wp\/v2\/product\/429189\/revisions"}],"predecessor-version":[{"id":429190,"href":"https:\/\/irankiuzona.lt\/ru\/wp-json\/wp\/v2\/product\/429189\/revisions\/429190"}],"wp:featuredmedia":[{"embeddable":true,"href":"https:\/\/irankiuzona.lt\/ru\/wp-json\/wp\/v2\/media\/429191"}],"wp:attachment":[{"href":"https:\/\/irankiuzona.lt\/ru\/wp-json\/wp\/v2\/media?parent=429189"}],"wp:term":[{"taxonomy":"product_cat","embeddable":true,"href":"https:\/\/irankiuzona.lt\/ru\/wp-json\/wp\/v2\/product_cat?post=429189"},{"taxonomy":"product_tag","embeddable":true,"href":"https:\/\/irankiuzona.lt\/ru\/wp-json\/wp\/v2\/product_tag?post=429189"}],"curies":[{"name":"wp","href":"https:\/\/api.w.org\/{rel}","templated":true}]}}