{"id":429192,"date":"2026-01-17T22:44:08","date_gmt":"2026-01-17T22:44:08","guid":{"rendered":"https:\/\/irankiuzona.lt\/product\/transmisijo-alyvos-matuoklis-fiat-dodge-jeep\/"},"modified":"2026-04-14T23:31:29","modified_gmt":"2026-04-14T23:31:29","slug":"transmisijo-alyvos-matuoklis-fiat-dodge-jeep","status":"publish","type":"product","link":"https:\/\/irankiuzona.lt\/ru\/product\/transmisijo-alyvos-matuoklis-fiat-dodge-jeep\/","title":{"rendered":"Transmisijo alyvos matuoklis   FIAT\/DODGE\/JEEP"},"content":{"rendered":"<p>Fiat 500Dodge DartJeep CherokeeJeep CompassJeep PatriotTechnical dataGross weight 124 g<br \/>\nTransmisijos alyvos lygiui patikrinti Tinka automatinei transmisijai 6F24 Lengvai \u012fskaitomi, \u012fspausti \u017eym\u0117jimai<\/p>","protected":false},"excerpt":{"rendered":"<p>Transmisijos alyvos matuoklis | Fiat, Dodge, Jeep<\/p>","protected":false},"featured_media":429194,"comment_status":"open","ping_status":"open","template":"","meta":[],"product_cat":[9741],"product_tag":[9845],"class_list":{"0":"post-429192","1":"product","2":"type-product","3":"status-publish","4":"has-post-thumbnail","6":"product_brand-vokietija-germany","7":"product_cat-matuokliai-tepalo-lygiui","8":"product_tag-vokietija-germany","10":"first","11":"instock","12":"purchasable","13":"product-type-simple"},"jetpack_sharing_enabled":true,"_links":{"self":[{"href":"https:\/\/irankiuzona.lt\/ru\/wp-json\/wp\/v2\/product\/429192","targetHints":{"allow":["GET"]}}],"collection":[{"href":"https:\/\/irankiuzona.lt\/ru\/wp-json\/wp\/v2\/product"}],"about":[{"href":"https:\/\/irankiuzona.lt\/ru\/wp-json\/wp\/v2\/types\/product"}],"replies":[{"embeddable":true,"href":"https:\/\/irankiuzona.lt\/ru\/wp-json\/wp\/v2\/comments?post=429192"}],"version-history":[{"count":1,"href":"https:\/\/irankiuzona.lt\/ru\/wp-json\/wp\/v2\/product\/429192\/revisions"}],"predecessor-version":[{"id":429193,"href":"https:\/\/irankiuzona.lt\/ru\/wp-json\/wp\/v2\/product\/429192\/revisions\/429193"}],"wp:featuredmedia":[{"embeddable":true,"href":"https:\/\/irankiuzona.lt\/ru\/wp-json\/wp\/v2\/media\/429194"}],"wp:attachment":[{"href":"https:\/\/irankiuzona.lt\/ru\/wp-json\/wp\/v2\/media?parent=429192"}],"wp:term":[{"taxonomy":"product_cat","embeddable":true,"href":"https:\/\/irankiuzona.lt\/ru\/wp-json\/wp\/v2\/product_cat?post=429192"},{"taxonomy":"product_tag","embeddable":true,"href":"https:\/\/irankiuzona.lt\/ru\/wp-json\/wp\/v2\/product_tag?post=429192"}],"curies":[{"name":"wp","href":"https:\/\/api.w.org\/{rel}","templated":true}]}}