{"id":429201,"date":"2026-01-17T22:51:01","date_gmt":"2026-01-17T22:51:01","guid":{"rendered":"https:\/\/irankiuzona.lt\/product\/kilimeliu-eva-komplektas-600x600x10mm-6vnt\/"},"modified":"2026-05-06T17:57:27","modified_gmt":"2026-05-06T17:57:27","slug":"kilimeliu-eva-komplektas-600x600x10mm-6vnt","status":"publish","type":"product","link":"https:\/\/irankiuzona.lt\/ru\/product\/kilimeliu-eva-komplektas-600x600x10mm-6vnt\/","title":{"rendered":"Kilim\u0117li\u0173 EVA komplektas 600x600x10mm (6vnt.)"},"content":{"rendered":"<p>Apsauginis kilim\u0117lis skirtas automobili\u0173 dirbtuv\u0117ms ar \u012franki\u0173 spintoms. Puikiai apsaugo vis\u0173 tip\u0173 grindis nuo mechanini\u0173 pa\u017eeidim\u0173.Kilim\u0117lis taip pat suma\u017eina triuk\u0161mo lyg\u012f patalpoje. Jis i\u0161siskiria dviem pavir\u0161iais \u2013 lygiu ir tekst\u016bruotu\u012e komplekt\u0105 \u012feina \u0161e\u0161i kilim\u0117liai, kuri\u0173 matmenys 600x600mm ir storis 10mm. Kiekvienas kilim\u0117lis turi dvi briaunas, tod\u0117l galima laisvai i\u0161sid\u0117lioti kaip patoguKilim\u0117liai pagaminti i\u0161 atspari\u0173 EVA put\u0173. Jie susideda kaip d\u0117lion\u0117, galite apsaugoti bet kok\u012f didel\u012f pavir\u0161i\u0173Puikus pavir\u0161ius dirbtuv\u0117ms, \u012franki\u0173 spintoms ir sporto sal\u0117ms.<\/p>","protected":false},"excerpt":{"rendered":"<p>Kilim\u0117li\u0173 EVA rink. dirbtuv\u0117ms\/\u012franki\u0173 spintel\u0117ms 600x600x10mm 6vnt.<\/p>","protected":false},"featured_media":429203,"comment_status":"open","ping_status":"open","template":"","meta":[],"product_cat":[10079],"product_tag":[9435],"class_list":{"0":"post-429201","1":"product","2":"type-product","3":"status-publish","4":"has-post-thumbnail","6":"product_brand-kinija","7":"product_cat-darbastaliai","8":"product_tag-kinija","10":"first","11":"outofstock","12":"purchasable","13":"product-type-simple"},"jetpack_sharing_enabled":true,"_links":{"self":[{"href":"https:\/\/irankiuzona.lt\/ru\/wp-json\/wp\/v2\/product\/429201","targetHints":{"allow":["GET"]}}],"collection":[{"href":"https:\/\/irankiuzona.lt\/ru\/wp-json\/wp\/v2\/product"}],"about":[{"href":"https:\/\/irankiuzona.lt\/ru\/wp-json\/wp\/v2\/types\/product"}],"replies":[{"embeddable":true,"href":"https:\/\/irankiuzona.lt\/ru\/wp-json\/wp\/v2\/comments?post=429201"}],"version-history":[{"count":1,"href":"https:\/\/irankiuzona.lt\/ru\/wp-json\/wp\/v2\/product\/429201\/revisions"}],"predecessor-version":[{"id":429202,"href":"https:\/\/irankiuzona.lt\/ru\/wp-json\/wp\/v2\/product\/429201\/revisions\/429202"}],"wp:featuredmedia":[{"embeddable":true,"href":"https:\/\/irankiuzona.lt\/ru\/wp-json\/wp\/v2\/media\/429203"}],"wp:attachment":[{"href":"https:\/\/irankiuzona.lt\/ru\/wp-json\/wp\/v2\/media?parent=429201"}],"wp:term":[{"taxonomy":"product_cat","embeddable":true,"href":"https:\/\/irankiuzona.lt\/ru\/wp-json\/wp\/v2\/product_cat?post=429201"},{"taxonomy":"product_tag","embeddable":true,"href":"https:\/\/irankiuzona.lt\/ru\/wp-json\/wp\/v2\/product_tag?post=429201"}],"curies":[{"name":"wp","href":"https:\/\/api.w.org\/{rel}","templated":true}]}}