{"id":429248,"date":"2026-01-17T23:22:27","date_gmt":"2026-01-17T23:22:27","guid":{"rendered":"https:\/\/irankiuzona.lt\/product\/galvute-1-4-ilga-7mm-12-kampe-2\/"},"modified":"2026-04-06T00:54:25","modified_gmt":"2026-04-06T00:54:25","slug":"galvute-1-4-ilga-7mm-12-kampe-2","status":"publish","type":"product","link":"https:\/\/irankiuzona.lt\/ru\/product\/galvute-1-4-ilga-7mm-12-kampe-2\/","title":{"rendered":"GALVUT\u0116 1\/4 ILGA 7MM 12-KAMP\u0116"},"content":{"rendered":"","protected":false},"excerpt":{"rendered":"<p>Galvut\u0117 ilga 12-kamp\u0117 | 6,3 mm (1\/4&#8243;) | 7 mm<\/p>","protected":false},"featured_media":429250,"comment_status":"open","ping_status":"closed","template":"","meta":[],"product_cat":[9835],"product_tag":[9845],"class_list":{"0":"post-429248","1":"product","2":"type-product","3":"status-publish","4":"has-post-thumbnail","6":"product_brand-vokietija-germany","7":"product_cat-1-4-63-mm-dvylikakampes-galvutes","8":"product_tag-vokietija-germany","10":"first","11":"outofstock","12":"purchasable","13":"product-type-simple"},"jetpack_sharing_enabled":true,"_links":{"self":[{"href":"https:\/\/irankiuzona.lt\/ru\/wp-json\/wp\/v2\/product\/429248","targetHints":{"allow":["GET"]}}],"collection":[{"href":"https:\/\/irankiuzona.lt\/ru\/wp-json\/wp\/v2\/product"}],"about":[{"href":"https:\/\/irankiuzona.lt\/ru\/wp-json\/wp\/v2\/types\/product"}],"replies":[{"embeddable":true,"href":"https:\/\/irankiuzona.lt\/ru\/wp-json\/wp\/v2\/comments?post=429248"}],"version-history":[{"count":0,"href":"https:\/\/irankiuzona.lt\/ru\/wp-json\/wp\/v2\/product\/429248\/revisions"}],"wp:featuredmedia":[{"embeddable":true,"href":"https:\/\/irankiuzona.lt\/ru\/wp-json\/wp\/v2\/media\/429250"}],"wp:attachment":[{"href":"https:\/\/irankiuzona.lt\/ru\/wp-json\/wp\/v2\/media?parent=429248"}],"wp:term":[{"taxonomy":"product_cat","embeddable":true,"href":"https:\/\/irankiuzona.lt\/ru\/wp-json\/wp\/v2\/product_cat?post=429248"},{"taxonomy":"product_tag","embeddable":true,"href":"https:\/\/irankiuzona.lt\/ru\/wp-json\/wp\/v2\/product_tag?post=429248"}],"curies":[{"name":"wp","href":"https:\/\/api.w.org\/{rel}","templated":true}]}}