{"id":429282,"date":"2026-01-25T19:49:29","date_gmt":"2026-01-25T19:49:29","guid":{"rendered":"https:\/\/irankiuzona.lt\/product\/l-formos-lenktu-prailgintu-torx-komplektas-su-skyle-2\/"},"modified":"2026-04-06T05:39:25","modified_gmt":"2026-04-06T05:39:25","slug":"l-formos-lenktu-prailgintu-torx-komplektas-su-skyle-2","status":"publish","type":"product","link":"https:\/\/irankiuzona.lt\/ru\/product\/l-formos-lenktu-prailgintu-torx-komplektas-su-skyle-2\/","title":{"rendered":"L-formos lenkt\u0173, prailgint\u0173 TORX komplektas su skyle"},"content":{"rendered":"","protected":false},"excerpt":{"rendered":"<p>L-formos lenkt\u0173, prailgint\u0173 TORX komplektas su skyle (T10-T50)<\/p>","protected":false},"featured_media":224357,"comment_status":"open","ping_status":"open","template":"","meta":[],"product_cat":[9560],"product_tag":[9628],"class_list":{"0":"post-429282","1":"product","2":"type-product","3":"status-publish","4":"has-post-thumbnail","6":"product_brand-condor-lenkija","7":"product_cat-l-formos-torx-ir-hex-raktu-komplektai","8":"product_tag-condor-lenkija","10":"first","11":"instock","12":"purchasable","13":"product-type-simple"},"jetpack_sharing_enabled":true,"_links":{"self":[{"href":"https:\/\/irankiuzona.lt\/ru\/wp-json\/wp\/v2\/product\/429282","targetHints":{"allow":["GET"]}}],"collection":[{"href":"https:\/\/irankiuzona.lt\/ru\/wp-json\/wp\/v2\/product"}],"about":[{"href":"https:\/\/irankiuzona.lt\/ru\/wp-json\/wp\/v2\/types\/product"}],"replies":[{"embeddable":true,"href":"https:\/\/irankiuzona.lt\/ru\/wp-json\/wp\/v2\/comments?post=429282"}],"version-history":[{"count":0,"href":"https:\/\/irankiuzona.lt\/ru\/wp-json\/wp\/v2\/product\/429282\/revisions"}],"wp:featuredmedia":[{"embeddable":true,"href":"https:\/\/irankiuzona.lt\/ru\/wp-json\/wp\/v2\/media\/224357"}],"wp:attachment":[{"href":"https:\/\/irankiuzona.lt\/ru\/wp-json\/wp\/v2\/media?parent=429282"}],"wp:term":[{"taxonomy":"product_cat","embeddable":true,"href":"https:\/\/irankiuzona.lt\/ru\/wp-json\/wp\/v2\/product_cat?post=429282"},{"taxonomy":"product_tag","embeddable":true,"href":"https:\/\/irankiuzona.lt\/ru\/wp-json\/wp\/v2\/product_tag?post=429282"}],"curies":[{"name":"wp","href":"https:\/\/api.w.org\/{rel}","templated":true}]}}