{"id":429288,"date":"2026-01-25T20:05:35","date_gmt":"2026-01-25T20:05:35","guid":{"rendered":"https:\/\/irankiuzona.lt\/product\/l-formos-lenktu-prailgintu-6-kampiu-hex-komplektas-10\/"},"modified":"2026-05-09T15:25:01","modified_gmt":"2026-05-09T15:25:01","slug":"l-formos-lenktu-prailgintu-6-kampiu-hex-komplektas-10","status":"publish","type":"product","link":"https:\/\/irankiuzona.lt\/ru\/product\/l-formos-lenktu-prailgintu-6-kampiu-hex-komplektas-10\/","title":{"rendered":"L-formos lenkt\u0173, prailgint\u0173 6-kampi\u0173 HEX komplektas"},"content":{"rendered":"<p>Prailginti raktai<br \/>\nKomplekte:\u00a01.5, 2, 2.5, 3, 4, 5, 6, 8, 10 mm.<\/p>","protected":false},"excerpt":{"rendered":"<p>L-formos lenkt\u0173, prailgint\u0173 6-kampi\u0173 HEX komplektas<\/p>","protected":false},"featured_media":228396,"comment_status":"open","ping_status":"open","template":"","meta":[],"product_cat":[9560],"product_tag":[9646],"class_list":{"0":"post-429288","1":"product","2":"type-product","3":"status-publish","4":"has-post-thumbnail","6":"product_brand-drel-lenkija","7":"product_cat-l-formos-torx-ir-hex-raktu-komplektai","8":"product_tag-drel-lenkija","10":"first","11":"instock","12":"purchasable","13":"product-type-simple"},"jetpack_sharing_enabled":true,"_links":{"self":[{"href":"https:\/\/irankiuzona.lt\/ru\/wp-json\/wp\/v2\/product\/429288","targetHints":{"allow":["GET"]}}],"collection":[{"href":"https:\/\/irankiuzona.lt\/ru\/wp-json\/wp\/v2\/product"}],"about":[{"href":"https:\/\/irankiuzona.lt\/ru\/wp-json\/wp\/v2\/types\/product"}],"replies":[{"embeddable":true,"href":"https:\/\/irankiuzona.lt\/ru\/wp-json\/wp\/v2\/comments?post=429288"}],"version-history":[{"count":1,"href":"https:\/\/irankiuzona.lt\/ru\/wp-json\/wp\/v2\/product\/429288\/revisions"}],"predecessor-version":[{"id":429289,"href":"https:\/\/irankiuzona.lt\/ru\/wp-json\/wp\/v2\/product\/429288\/revisions\/429289"}],"wp:featuredmedia":[{"embeddable":true,"href":"https:\/\/irankiuzona.lt\/ru\/wp-json\/wp\/v2\/media\/228396"}],"wp:attachment":[{"href":"https:\/\/irankiuzona.lt\/ru\/wp-json\/wp\/v2\/media?parent=429288"}],"wp:term":[{"taxonomy":"product_cat","embeddable":true,"href":"https:\/\/irankiuzona.lt\/ru\/wp-json\/wp\/v2\/product_cat?post=429288"},{"taxonomy":"product_tag","embeddable":true,"href":"https:\/\/irankiuzona.lt\/ru\/wp-json\/wp\/v2\/product_tag?post=429288"}],"curies":[{"name":"wp","href":"https:\/\/api.w.org\/{rel}","templated":true}]}}