{"id":429290,"date":"2026-01-25T21:03:48","date_gmt":"2026-01-25T21:03:48","guid":{"rendered":"https:\/\/irankiuzona.lt\/product\/graztas-o65mm-metalui-su-kietmetaliu-3\/"},"modified":"2026-05-09T09:09:26","modified_gmt":"2026-05-09T09:09:26","slug":"graztas-o65mm-metalui-su-kietmetaliu-3","status":"publish","type":"product","link":"https:\/\/irankiuzona.lt\/ru\/product\/graztas-o65mm-metalui-su-kietmetaliu-3\/","title":{"rendered":"Gr\u0105\u017etas \u00d86,5mm metalui su kietmetaliu"},"content":{"rendered":"<p>Gr\u0105\u017eto diametras &#8211; 6,5 mmIlgis &#8211; 80 mmDarbinis ilgis &#8211; 40 mm<\/p>","protected":false},"excerpt":{"rendered":"<p>Gr\u0105\u017etas metalui su kietmetaliu\u00a0\u00d86,5\u00a0mm<\/p>","protected":false},"featured_media":242678,"comment_status":"open","ping_status":"open","template":"","meta":[],"product_cat":[9840],"product_tag":[9716],"class_list":{"0":"post-429290","1":"product","2":"type-product","3":"status-publish","4":"has-post-thumbnail","6":"product_brand-jufisto-lenkija","7":"product_cat-graztai-metalui-su-kietmetaliu","8":"product_tag-jufisto-lenkija","10":"first","11":"instock","12":"purchasable","13":"product-type-simple"},"jetpack_sharing_enabled":true,"_links":{"self":[{"href":"https:\/\/irankiuzona.lt\/ru\/wp-json\/wp\/v2\/product\/429290","targetHints":{"allow":["GET"]}}],"collection":[{"href":"https:\/\/irankiuzona.lt\/ru\/wp-json\/wp\/v2\/product"}],"about":[{"href":"https:\/\/irankiuzona.lt\/ru\/wp-json\/wp\/v2\/types\/product"}],"replies":[{"embeddable":true,"href":"https:\/\/irankiuzona.lt\/ru\/wp-json\/wp\/v2\/comments?post=429290"}],"version-history":[{"count":1,"href":"https:\/\/irankiuzona.lt\/ru\/wp-json\/wp\/v2\/product\/429290\/revisions"}],"predecessor-version":[{"id":429291,"href":"https:\/\/irankiuzona.lt\/ru\/wp-json\/wp\/v2\/product\/429290\/revisions\/429291"}],"wp:featuredmedia":[{"embeddable":true,"href":"https:\/\/irankiuzona.lt\/ru\/wp-json\/wp\/v2\/media\/242678"}],"wp:attachment":[{"href":"https:\/\/irankiuzona.lt\/ru\/wp-json\/wp\/v2\/media?parent=429290"}],"wp:term":[{"taxonomy":"product_cat","embeddable":true,"href":"https:\/\/irankiuzona.lt\/ru\/wp-json\/wp\/v2\/product_cat?post=429290"},{"taxonomy":"product_tag","embeddable":true,"href":"https:\/\/irankiuzona.lt\/ru\/wp-json\/wp\/v2\/product_tag?post=429290"}],"curies":[{"name":"wp","href":"https:\/\/api.w.org\/{rel}","templated":true}]}}