{"id":429339,"date":"2026-01-26T00:39:29","date_gmt":"2026-01-26T00:39:29","guid":{"rendered":"https:\/\/irankiuzona.lt\/product\/vakuuminis-siurbtukas-su-manometru-200mm-200kg\/"},"modified":"2026-05-16T00:48:55","modified_gmt":"2026-05-16T00:48:55","slug":"vakuuminis-siurbtukas-su-manometru-200mm-200kg","status":"publish","type":"product","link":"https:\/\/irankiuzona.lt\/ru\/product\/vakuuminis-siurbtukas-su-manometru-200mm-200kg\/","title":{"rendered":"Vakuuminis siurbtukas su manometru 200mm, 200kg."},"content":{"rendered":"<p>Stiklo ir plyteli\u0173 laikiklis su vakuuminiu siurbliu. Korpusas pagamintas i\u0161 ABS plastiko ir turi plok\u0161\u010di\u0105 gumin\u012f siurbtuk\u0105, kurio skersmuo 200 mm. Naudokite laikikl\u012f ant \u0161vari\u0173, lygi\u0173 ir nepor\u0117t\u0173 pavir\u0161i\u0173. \u0160is laikiklis leid\u017eia patogiai ir saugiai laikyti plok\u0161\u010dius, nepor\u0117tus daiktus, tokius kaip stiklas, keramin\u0117s plytel\u0117s, laminuoti stalvir\u0161iai ir kt.<br \/>\nTechnin\u0117s specifikacijos:<br \/>\nPatvarus ABS + guminis korpusas 200 mm skersmens guminis siurbtukas<br \/>\nMaksimali apkrova: 200 kg<br \/>\nManometro diapazonas: 0\u2013760 mmHg<\/p>","protected":false},"excerpt":{"rendered":"<p>200 mm plyteli\u0173 siurbimo puodelis su pompa<\/p>","protected":false},"featured_media":429341,"comment_status":"open","ping_status":"closed","template":"","meta":[],"product_cat":[10055],"product_tag":[10087],"class_list":{"0":"post-429339","1":"product","2":"type-product","3":"status-publish","4":"has-post-thumbnail","6":"product_brand-verke","7":"product_cat-stiklu-valytuvu-montavimui","8":"product_tag-verke","10":"first","11":"outofstock","12":"purchasable","13":"product-type-simple"},"jetpack_sharing_enabled":true,"_links":{"self":[{"href":"https:\/\/irankiuzona.lt\/ru\/wp-json\/wp\/v2\/product\/429339","targetHints":{"allow":["GET"]}}],"collection":[{"href":"https:\/\/irankiuzona.lt\/ru\/wp-json\/wp\/v2\/product"}],"about":[{"href":"https:\/\/irankiuzona.lt\/ru\/wp-json\/wp\/v2\/types\/product"}],"replies":[{"embeddable":true,"href":"https:\/\/irankiuzona.lt\/ru\/wp-json\/wp\/v2\/comments?post=429339"}],"version-history":[{"count":2,"href":"https:\/\/irankiuzona.lt\/ru\/wp-json\/wp\/v2\/product\/429339\/revisions"}],"predecessor-version":[{"id":429443,"href":"https:\/\/irankiuzona.lt\/ru\/wp-json\/wp\/v2\/product\/429339\/revisions\/429443"}],"wp:featuredmedia":[{"embeddable":true,"href":"https:\/\/irankiuzona.lt\/ru\/wp-json\/wp\/v2\/media\/429341"}],"wp:attachment":[{"href":"https:\/\/irankiuzona.lt\/ru\/wp-json\/wp\/v2\/media?parent=429339"}],"wp:term":[{"taxonomy":"product_cat","embeddable":true,"href":"https:\/\/irankiuzona.lt\/ru\/wp-json\/wp\/v2\/product_cat?post=429339"},{"taxonomy":"product_tag","embeddable":true,"href":"https:\/\/irankiuzona.lt\/ru\/wp-json\/wp\/v2\/product_tag?post=429339"}],"curies":[{"name":"wp","href":"https:\/\/api.w.org\/{rel}","templated":true}]}}