{"id":429390,"date":"2026-01-26T00:40:45","date_gmt":"2026-01-26T00:40:45","guid":{"rendered":"https:\/\/irankiuzona.lt\/product\/pjovimo-peiliukai-geleztes-152mm-12vnt\/"},"modified":"2026-04-17T00:59:28","modified_gmt":"2026-04-17T00:59:28","slug":"pjovimo-peiliukai-geleztes-152mm-12vnt","status":"publish","type":"product","link":"https:\/\/irankiuzona.lt\/ru\/product\/pjovimo-peiliukai-geleztes-152mm-12vnt\/","title":{"rendered":"Pjovimo peiliukai-gele\u017et\u0117s 152mm 12vnt."},"content":{"rendered":"<p>Profesionalus VERKE slankiojan\u010di\u0173 pj\u016bkl\u0173 gele\u017e\u010di\u0173 rinkinys, skirtas \u012fvairiems pjovimo darbams. Rinkin\u012f sudaro 12 gele\u017e\u010di\u0173, kuri\u0173 kiekvieno ilgis 152 mm, puikiai tinkan\u010dios naudoti tiek namuose, tiek dirbtuv\u0117se.<br \/>\n Rinkin\u012f sudaro gele\u017et\u0117s, skirtos: medienai \u2013 greitam ir tiksliam medini\u0173 med\u017eiag\u0173 pjovimui, metalui \u2013 pagaminti naudojant BI-METAL technologij\u0105, kad b\u016bt\u0173 didesnis patvarumas ir atsparumas dilimui, universalaus naudojimo \u2013 idealiai tinka pjauti \u012fvairias med\u017eiagas, \u012fskaitant metal\u0105 su mediniais elementais (pvz., vinimis, var\u017etais).<br \/>\n Gele\u017et\u0117s pagamintos i\u0161 auk\u0161tos kokyb\u0117s med\u017eiag\u0173, u\u017etikrinan\u010di\u0173 ilg\u0105 tarnavimo laik\u0105, efektyv\u0173 pjovim\u0105 ir suderinamum\u0105 su populiariausiais rinkoje esan\u010diais slankiojan\u010diais pj\u016bklais.<br \/>\nSpecifikacijos:<br \/>\n Komplekto kiekis:<br \/>\n12 4 x 6&quot;\/6 TPI med\u017eiui<br \/>\n4 x 6&quot;\/14 TPI metalui<br \/>\n4 x 6&quot;\/5-8 TPI<br \/>\nuniversaliam naudojimui<br \/>\nA\u0161men\u0173 ilgis: 152 mm<br \/>\nPaskirtis: mediena, metalas, universalus pjovimas<\/p>","protected":false},"excerpt":{"rendered":"<p>Gele\u017e\u010di\u0173 komplektas tiesiniam pj\u016bklui<\/p>","protected":false},"featured_media":429392,"comment_status":"open","ping_status":"open","template":"","meta":[],"product_cat":[10013],"product_tag":[10087],"class_list":{"0":"post-429390","1":"product","2":"type-product","3":"status-publish","4":"has-post-thumbnail","6":"product_brand-verke","7":"product_cat-geleztes-siaurapjukliui-tiesiniam-pjuklui","8":"product_tag-verke","10":"first","11":"instock","12":"purchasable","13":"product-type-simple"},"jetpack_sharing_enabled":true,"_links":{"self":[{"href":"https:\/\/irankiuzona.lt\/ru\/wp-json\/wp\/v2\/product\/429390","targetHints":{"allow":["GET"]}}],"collection":[{"href":"https:\/\/irankiuzona.lt\/ru\/wp-json\/wp\/v2\/product"}],"about":[{"href":"https:\/\/irankiuzona.lt\/ru\/wp-json\/wp\/v2\/types\/product"}],"replies":[{"embeddable":true,"href":"https:\/\/irankiuzona.lt\/ru\/wp-json\/wp\/v2\/comments?post=429390"}],"version-history":[{"count":1,"href":"https:\/\/irankiuzona.lt\/ru\/wp-json\/wp\/v2\/product\/429390\/revisions"}],"predecessor-version":[{"id":429391,"href":"https:\/\/irankiuzona.lt\/ru\/wp-json\/wp\/v2\/product\/429390\/revisions\/429391"}],"wp:featuredmedia":[{"embeddable":true,"href":"https:\/\/irankiuzona.lt\/ru\/wp-json\/wp\/v2\/media\/429392"}],"wp:attachment":[{"href":"https:\/\/irankiuzona.lt\/ru\/wp-json\/wp\/v2\/media?parent=429390"}],"wp:term":[{"taxonomy":"product_cat","embeddable":true,"href":"https:\/\/irankiuzona.lt\/ru\/wp-json\/wp\/v2\/product_cat?post=429390"},{"taxonomy":"product_tag","embeddable":true,"href":"https:\/\/irankiuzona.lt\/ru\/wp-json\/wp\/v2\/product_tag?post=429390"}],"curies":[{"name":"wp","href":"https:\/\/api.w.org\/{rel}","templated":true}]}}