{"id":429393,"date":"2026-01-26T00:40:56","date_gmt":"2026-01-26T00:40:56","guid":{"rendered":"https:\/\/irankiuzona.lt\/product\/hidraulinis-presas-12t-2\/"},"modified":"2026-05-15T02:13:20","modified_gmt":"2026-05-15T02:13:20","slug":"hidraulinis-presas-12t-2","status":"publish","type":"product","link":"https:\/\/irankiuzona.lt\/ru\/product\/hidraulinis-presas-12t-2\/","title":{"rendered":"Hidraulinis presas 12T"},"content":{"rendered":"<p>Auk\u0161tos kokyb\u0117s hidraulinis presas su 12 ton\u0173 sl\u0117giu. D\u0117l tvirtos ir patvarios konstrukcijos jis tinka bet kurioms automobili\u0173 ar gamybos dirbtuv\u0117ms. Skirtas tiesinimui, lenkimui, presavimui ir st\u016bmimui.<br \/>\n\u00a0Parametrai:<br \/>\n Maksimalus sl\u0117gis: 12 ton\u0173<\/p>","protected":false},"excerpt":{"rendered":"<p>12T hidraulinis presas<\/p>","protected":false},"featured_media":429395,"comment_status":"open","ping_status":"open","template":"","meta":[],"product_cat":[9946],"product_tag":[11010],"class_list":{"0":"post-429393","1":"product","2":"type-product","3":"status-publish","4":"has-post-thumbnail","6":"product_brand-notig-tools","7":"product_cat-hidrauliniai-presai","8":"product_tag-notig-tools","10":"first","11":"outofstock","12":"purchasable","13":"product-type-simple"},"jetpack_sharing_enabled":true,"_links":{"self":[{"href":"https:\/\/irankiuzona.lt\/ru\/wp-json\/wp\/v2\/product\/429393","targetHints":{"allow":["GET"]}}],"collection":[{"href":"https:\/\/irankiuzona.lt\/ru\/wp-json\/wp\/v2\/product"}],"about":[{"href":"https:\/\/irankiuzona.lt\/ru\/wp-json\/wp\/v2\/types\/product"}],"replies":[{"embeddable":true,"href":"https:\/\/irankiuzona.lt\/ru\/wp-json\/wp\/v2\/comments?post=429393"}],"version-history":[{"count":1,"href":"https:\/\/irankiuzona.lt\/ru\/wp-json\/wp\/v2\/product\/429393\/revisions"}],"predecessor-version":[{"id":429394,"href":"https:\/\/irankiuzona.lt\/ru\/wp-json\/wp\/v2\/product\/429393\/revisions\/429394"}],"wp:featuredmedia":[{"embeddable":true,"href":"https:\/\/irankiuzona.lt\/ru\/wp-json\/wp\/v2\/media\/429395"}],"wp:attachment":[{"href":"https:\/\/irankiuzona.lt\/ru\/wp-json\/wp\/v2\/media?parent=429393"}],"wp:term":[{"taxonomy":"product_cat","embeddable":true,"href":"https:\/\/irankiuzona.lt\/ru\/wp-json\/wp\/v2\/product_cat?post=429393"},{"taxonomy":"product_tag","embeddable":true,"href":"https:\/\/irankiuzona.lt\/ru\/wp-json\/wp\/v2\/product_tag?post=429393"}],"curies":[{"name":"wp","href":"https:\/\/api.w.org\/{rel}","templated":true}]}}