{"id":429396,"date":"2026-01-26T00:40:59","date_gmt":"2026-01-26T00:40:59","guid":{"rendered":"https:\/\/irankiuzona.lt\/product\/guoliu-presavimo-k-tas-76-91mm\/"},"modified":"2026-04-17T04:07:44","modified_gmt":"2026-04-17T04:07:44","slug":"guoliu-presavimo-k-tas-76-91mm","status":"publish","type":"product","link":"https:\/\/irankiuzona.lt\/ru\/product\/guoliu-presavimo-k-tas-76-91mm\/","title":{"rendered":"Guoli\u0173 presavimo k-tas 76-91mm"},"content":{"rendered":"<p>\u0160is priekinio rato guolio ir stebul\u0117s nu\u0117m\u0117j\u0173 rinkinys skirtas profesionaliam priekinio rato guolio keitimui, nereikalaujant i\u0161ardyti stebul\u0117s ar kit\u0173 komponent\u0173.<br \/>\nGuoliui pritvirtintas i\u0161\u0117m\u0117jo var\u017etas leid\u017eia darb\u0105 atlikti greitai ir efektyviai, u\u017etikrinant didel\u012f tikslum\u0105 i\u0161imant guol\u012f.<br \/>\nRinkin\u012f sudaro: 9 diskai: 55,5 mm, 59 mm, 62 mm, 65 mm, 66 mm, 71,5 mm, 73 mm, 78 mm, 84 mm 3 tarpikliai: 76 mm, 86 mm, 91 mm 6 var\u017etai: \u012fskaitant 270 mm ilgio \u012fsukam\u0105j\u012f var\u017et\u0105 Ver\u017el\u0117s ir tarpikliai: M12 x 1,5 mm ir M14 x 1,5 mm<\/p>","protected":false},"excerpt":{"rendered":"<p>Stebul\u0117s guolio i\u0161traukiklis<\/p>","protected":false},"featured_media":429398,"comment_status":"open","ping_status":"closed","template":"","meta":[],"product_cat":[9731],"product_tag":[10087],"class_list":{"0":"post-429396","1":"product","2":"type-product","3":"status-publish","4":"has-post-thumbnail","6":"product_brand-verke","7":"product_cat-guoliu-sailentbloku-presavimo-irankiai","8":"product_tag-verke","10":"first","11":"outofstock","12":"purchasable","13":"product-type-simple"},"jetpack_sharing_enabled":true,"_links":{"self":[{"href":"https:\/\/irankiuzona.lt\/ru\/wp-json\/wp\/v2\/product\/429396","targetHints":{"allow":["GET"]}}],"collection":[{"href":"https:\/\/irankiuzona.lt\/ru\/wp-json\/wp\/v2\/product"}],"about":[{"href":"https:\/\/irankiuzona.lt\/ru\/wp-json\/wp\/v2\/types\/product"}],"replies":[{"embeddable":true,"href":"https:\/\/irankiuzona.lt\/ru\/wp-json\/wp\/v2\/comments?post=429396"}],"version-history":[{"count":2,"href":"https:\/\/irankiuzona.lt\/ru\/wp-json\/wp\/v2\/product\/429396\/revisions"}],"predecessor-version":[{"id":429438,"href":"https:\/\/irankiuzona.lt\/ru\/wp-json\/wp\/v2\/product\/429396\/revisions\/429438"}],"wp:featuredmedia":[{"embeddable":true,"href":"https:\/\/irankiuzona.lt\/ru\/wp-json\/wp\/v2\/media\/429398"}],"wp:attachment":[{"href":"https:\/\/irankiuzona.lt\/ru\/wp-json\/wp\/v2\/media?parent=429396"}],"wp:term":[{"taxonomy":"product_cat","embeddable":true,"href":"https:\/\/irankiuzona.lt\/ru\/wp-json\/wp\/v2\/product_cat?post=429396"},{"taxonomy":"product_tag","embeddable":true,"href":"https:\/\/irankiuzona.lt\/ru\/wp-json\/wp\/v2\/product_tag?post=429396"}],"curies":[{"name":"wp","href":"https:\/\/api.w.org\/{rel}","templated":true}]}}