{"id":429399,"date":"2026-01-26T00:41:05","date_gmt":"2026-01-26T00:41:05","guid":{"rendered":"https:\/\/irankiuzona.lt\/product\/pjovimo-peiliukai-geleztes-200mm-9vnt\/"},"modified":"2026-04-17T00:59:29","modified_gmt":"2026-04-17T00:59:29","slug":"pjovimo-peiliukai-geleztes-200mm-9vnt","status":"publish","type":"product","link":"https:\/\/irankiuzona.lt\/ru\/product\/pjovimo-peiliukai-geleztes-200mm-9vnt\/","title":{"rendered":"Pjovimo peiliukai-gele\u017et\u0117s 200mm 9vnt."},"content":{"rendered":"<p>Profesionalus VERKE slankiojan\u010dio pj\u016bklo gele\u017e\u010di\u0173 rinkinys, skirtas \u012fvairiems pjovimo darbams. Rinkin\u012f sudaro devyni 200 mm ilgio gele\u017et\u0117s, puikiai tinkan\u010dios naudoti tiek namuose, tiek dirbtuv\u0117se.<br \/>\nRinkin\u012f sudaro gele\u017et\u0117s, skirtos: medienai \u2013 greitam ir tiksliam medini\u0173 med\u017eiag\u0173 pjovimui, metalui \u2013 pagaminti naudojant BI-METAL technologij\u0105, kad b\u016bt\u0173 didesnis patvarumas ir atsparumas dilimui, gele\u017et\u0117s pagamintos i\u0161 auk\u0161tos kokyb\u0117s med\u017eiag\u0173, u\u017etikrinan\u010di\u0173 ilg\u0105 tarnavimo laik\u0105, efektyv\u0173 pjovim\u0105 ir suderinamum\u0105 su populiariausiais rinkoje esan\u010diais slankiojan\u010diais pj\u016bklais.<br \/>\nSpecifikacijos:<br \/>\nKiekis rinkinyje: 9 vnt.<br \/>\n3 x 8&#8243;\/6 TPI medienai pjauti<br \/>\n3 x 8&#8243;\/10 TPI medienai pjauti<br \/>\n3 x 8&#8243;\/24 TPI metalui pjauti<br \/>\nGele\u017et\u0117s ilgis: 200 mm<br \/>\nPaskirtis: mediena, metalas<\/p>","protected":false},"excerpt":{"rendered":"<p>Gele\u017e\u010di\u0173 komplektas tiesiniam pj\u016bklui<\/p>","protected":false},"featured_media":429401,"comment_status":"open","ping_status":"closed","template":"","meta":[],"product_cat":[10013],"product_tag":[10087],"class_list":{"0":"post-429399","1":"product","2":"type-product","3":"status-publish","4":"has-post-thumbnail","6":"product_brand-verke","7":"product_cat-geleztes-siaurapjukliui-tiesiniam-pjuklui","8":"product_tag-verke","10":"first","11":"instock","12":"purchasable","13":"product-type-simple"},"jetpack_sharing_enabled":true,"_links":{"self":[{"href":"https:\/\/irankiuzona.lt\/ru\/wp-json\/wp\/v2\/product\/429399","targetHints":{"allow":["GET"]}}],"collection":[{"href":"https:\/\/irankiuzona.lt\/ru\/wp-json\/wp\/v2\/product"}],"about":[{"href":"https:\/\/irankiuzona.lt\/ru\/wp-json\/wp\/v2\/types\/product"}],"replies":[{"embeddable":true,"href":"https:\/\/irankiuzona.lt\/ru\/wp-json\/wp\/v2\/comments?post=429399"}],"version-history":[{"count":2,"href":"https:\/\/irankiuzona.lt\/ru\/wp-json\/wp\/v2\/product\/429399\/revisions"}],"predecessor-version":[{"id":429437,"href":"https:\/\/irankiuzona.lt\/ru\/wp-json\/wp\/v2\/product\/429399\/revisions\/429437"}],"wp:featuredmedia":[{"embeddable":true,"href":"https:\/\/irankiuzona.lt\/ru\/wp-json\/wp\/v2\/media\/429401"}],"wp:attachment":[{"href":"https:\/\/irankiuzona.lt\/ru\/wp-json\/wp\/v2\/media?parent=429399"}],"wp:term":[{"taxonomy":"product_cat","embeddable":true,"href":"https:\/\/irankiuzona.lt\/ru\/wp-json\/wp\/v2\/product_cat?post=429399"},{"taxonomy":"product_tag","embeddable":true,"href":"https:\/\/irankiuzona.lt\/ru\/wp-json\/wp\/v2\/product_tag?post=429399"}],"curies":[{"name":"wp","href":"https:\/\/api.w.org\/{rel}","templated":true}]}}