{"id":429402,"date":"2026-01-26T00:41:24","date_gmt":"2026-01-26T00:41:24","guid":{"rendered":"https:\/\/irankiuzona.lt\/product\/kampainis-aliumininis-45-90\/"},"modified":"2026-04-17T04:07:44","modified_gmt":"2026-04-17T04:07:44","slug":"kampainis-aliumininis-45-90","status":"publish","type":"product","link":"https:\/\/irankiuzona.lt\/ru\/product\/kampainis-aliumininis-45-90\/","title":{"rendered":"Kampainis aliumininis 45\/90\u00b0"},"content":{"rendered":"<p>\u0160is 3D japoni\u0161kas kampainis idealiai tinka matuoti ir nustatyti kampus ant bet kokio pavir\u0161iaus. Jis leid\u017eia dirbti su 3D med\u017eiagomis, tokiomis kaip medin\u0117s sijos, vamzd\u017eiai ir kt. Sukurtas atsi\u017evelgiant \u012f funkcionalum\u0105, jis turi 45\u00b0 ir 90\u00b0 kamp\u0173 ribotuv\u0105, kampamat\u012f, matavimo perk\u0117lim\u0105, gr\u0105\u017eto dyd\u017eio nustatym\u0105 ir lygiagre\u010dias linijas. Platus jo pritaikymo spektras palengvins darb\u0105 tiek profesionalams, tiek m\u0117g\u0117jams.<\/p>","protected":false},"excerpt":{"rendered":"<p>JAPONI\u0160KAS KAMPINIS 3D<\/p>","protected":false},"featured_media":429404,"comment_status":"open","ping_status":"open","template":"","meta":[],"product_cat":[9999],"product_tag":[10087],"class_list":{"0":"post-429402","1":"product","2":"type-product","3":"status-publish","4":"has-post-thumbnail","6":"product_brand-verke","7":"product_cat-matavimo-priemones-slankmaciai-ruletes-gulsciukai-liniuotes","8":"product_tag-verke","10":"first","11":"instock","12":"purchasable","13":"product-type-simple"},"jetpack_sharing_enabled":true,"_links":{"self":[{"href":"https:\/\/irankiuzona.lt\/ru\/wp-json\/wp\/v2\/product\/429402","targetHints":{"allow":["GET"]}}],"collection":[{"href":"https:\/\/irankiuzona.lt\/ru\/wp-json\/wp\/v2\/product"}],"about":[{"href":"https:\/\/irankiuzona.lt\/ru\/wp-json\/wp\/v2\/types\/product"}],"replies":[{"embeddable":true,"href":"https:\/\/irankiuzona.lt\/ru\/wp-json\/wp\/v2\/comments?post=429402"}],"version-history":[{"count":1,"href":"https:\/\/irankiuzona.lt\/ru\/wp-json\/wp\/v2\/product\/429402\/revisions"}],"predecessor-version":[{"id":429403,"href":"https:\/\/irankiuzona.lt\/ru\/wp-json\/wp\/v2\/product\/429402\/revisions\/429403"}],"wp:featuredmedia":[{"embeddable":true,"href":"https:\/\/irankiuzona.lt\/ru\/wp-json\/wp\/v2\/media\/429404"}],"wp:attachment":[{"href":"https:\/\/irankiuzona.lt\/ru\/wp-json\/wp\/v2\/media?parent=429402"}],"wp:term":[{"taxonomy":"product_cat","embeddable":true,"href":"https:\/\/irankiuzona.lt\/ru\/wp-json\/wp\/v2\/product_cat?post=429402"},{"taxonomy":"product_tag","embeddable":true,"href":"https:\/\/irankiuzona.lt\/ru\/wp-json\/wp\/v2\/product_tag?post=429402"}],"curies":[{"name":"wp","href":"https:\/\/api.w.org\/{rel}","templated":true}]}}