{"id":429420,"date":"2026-01-26T00:42:00","date_gmt":"2026-01-26T00:42:00","guid":{"rendered":"https:\/\/irankiuzona.lt\/product\/gelezte-4555015mm-2\/"},"modified":"2026-05-15T03:26:33","modified_gmt":"2026-05-15T03:26:33","slug":"gelezte-4555015mm-2","status":"publish","type":"product","link":"https:\/\/irankiuzona.lt\/ru\/product\/gelezte-4555015mm-2\/","title":{"rendered":"Gele\u017et\u0117 455*50*1,5mm"},"content":{"rendered":"<p>\u2022 Dant\u0173 tarpas: 12,7 mm \/ 2 TPI \/ 32 dant\u0173<br \/>\n\u2022 Ilgis: 455 mm<br \/>\n\u2022 Plotis: 50 mm<br \/>\n\u2022 Storis: 1,5 mm<\/p>","protected":false},"excerpt":{"rendered":"<p>Gele\u017et\u0117 plytel\u0117ms, betonui<\/p>","protected":false},"featured_media":429422,"comment_status":"open","ping_status":"open","template":"","meta":[],"product_cat":[9834],"product_tag":[10087],"class_list":{"0":"post-429420","1":"product","2":"type-product","3":"status-publish","4":"has-post-thumbnail","6":"product_brand-verke","7":"product_cat-geleztes-betonui","8":"product_tag-verke","10":"first","11":"instock","12":"purchasable","13":"product-type-simple"},"jetpack_sharing_enabled":true,"_links":{"self":[{"href":"https:\/\/irankiuzona.lt\/ru\/wp-json\/wp\/v2\/product\/429420","targetHints":{"allow":["GET"]}}],"collection":[{"href":"https:\/\/irankiuzona.lt\/ru\/wp-json\/wp\/v2\/product"}],"about":[{"href":"https:\/\/irankiuzona.lt\/ru\/wp-json\/wp\/v2\/types\/product"}],"replies":[{"embeddable":true,"href":"https:\/\/irankiuzona.lt\/ru\/wp-json\/wp\/v2\/comments?post=429420"}],"version-history":[{"count":1,"href":"https:\/\/irankiuzona.lt\/ru\/wp-json\/wp\/v2\/product\/429420\/revisions"}],"predecessor-version":[{"id":429421,"href":"https:\/\/irankiuzona.lt\/ru\/wp-json\/wp\/v2\/product\/429420\/revisions\/429421"}],"wp:featuredmedia":[{"embeddable":true,"href":"https:\/\/irankiuzona.lt\/ru\/wp-json\/wp\/v2\/media\/429422"}],"wp:attachment":[{"href":"https:\/\/irankiuzona.lt\/ru\/wp-json\/wp\/v2\/media?parent=429420"}],"wp:term":[{"taxonomy":"product_cat","embeddable":true,"href":"https:\/\/irankiuzona.lt\/ru\/wp-json\/wp\/v2\/product_cat?post=429420"},{"taxonomy":"product_tag","embeddable":true,"href":"https:\/\/irankiuzona.lt\/ru\/wp-json\/wp\/v2\/product_tag?post=429420"}],"curies":[{"name":"wp","href":"https:\/\/api.w.org\/{rel}","templated":true}]}}