{"id":429510,"date":"2026-01-31T11:15:03","date_gmt":"2026-01-31T11:15:03","guid":{"rendered":"https:\/\/irankiuzona.lt\/product\/galvuciu-komplektas-3-8-12-kampu-8-19mm-2\/"},"modified":"2026-04-20T09:15:03","modified_gmt":"2026-04-20T09:15:03","slug":"galvuciu-komplektas-3-8-12-kampu-8-19mm-2","status":"publish","type":"product","link":"https:\/\/irankiuzona.lt\/ru\/product\/galvuciu-komplektas-3-8-12-kampu-8-19mm-2\/","title":{"rendered":"Galvu\u010di\u0173 komplektas 3\/8 12-kamp\u0173 (8-19mm)"},"content":{"rendered":"<p>CrVKomplekte: 8, 10, 11, 12, 13, 14, 15, 16, 17, 19 mm<\/p>","protected":false},"excerpt":{"rendered":"<p>Dvylikakampi\u0173 galvu\u010di\u0173 komplektas 3\/8 terk\u0161lei, 8-19mm. Cr-V<\/p>","protected":false},"featured_media":269056,"comment_status":"open","ping_status":"open","template":"","meta":[],"product_cat":[9497],"product_tag":[10131],"class_list":{"0":"post-429510","1":"product","2":"type-product","3":"status-publish","4":"has-post-thumbnail","6":"product_brand-asta-lenkija","7":"product_cat-3-8-10-mm-galvuciu-komplektai","8":"product_tag-asta-lenkija","10":"first","11":"outofstock","12":"purchasable","13":"product-type-simple"},"jetpack_sharing_enabled":true,"_links":{"self":[{"href":"https:\/\/irankiuzona.lt\/ru\/wp-json\/wp\/v2\/product\/429510","targetHints":{"allow":["GET"]}}],"collection":[{"href":"https:\/\/irankiuzona.lt\/ru\/wp-json\/wp\/v2\/product"}],"about":[{"href":"https:\/\/irankiuzona.lt\/ru\/wp-json\/wp\/v2\/types\/product"}],"replies":[{"embeddable":true,"href":"https:\/\/irankiuzona.lt\/ru\/wp-json\/wp\/v2\/comments?post=429510"}],"version-history":[{"count":1,"href":"https:\/\/irankiuzona.lt\/ru\/wp-json\/wp\/v2\/product\/429510\/revisions"}],"predecessor-version":[{"id":429511,"href":"https:\/\/irankiuzona.lt\/ru\/wp-json\/wp\/v2\/product\/429510\/revisions\/429511"}],"wp:featuredmedia":[{"embeddable":true,"href":"https:\/\/irankiuzona.lt\/ru\/wp-json\/wp\/v2\/media\/269056"}],"wp:attachment":[{"href":"https:\/\/irankiuzona.lt\/ru\/wp-json\/wp\/v2\/media?parent=429510"}],"wp:term":[{"taxonomy":"product_cat","embeddable":true,"href":"https:\/\/irankiuzona.lt\/ru\/wp-json\/wp\/v2\/product_cat?post=429510"},{"taxonomy":"product_tag","embeddable":true,"href":"https:\/\/irankiuzona.lt\/ru\/wp-json\/wp\/v2\/product_tag?post=429510"}],"curies":[{"name":"wp","href":"https:\/\/api.w.org\/{rel}","templated":true}]}}