{"id":429519,"date":"2026-01-31T12:28:10","date_gmt":"2026-01-31T12:28:10","guid":{"rendered":"https:\/\/irankiuzona.lt\/product\/terksle-1-2-90t\/"},"modified":"2026-04-26T08:03:58","modified_gmt":"2026-04-26T08:03:58","slug":"terksle-1-2-90t","status":"publish","type":"product","link":"https:\/\/irankiuzona.lt\/ru\/product\/terksle-1-2-90t\/","title":{"rendered":"Terk\u0161l\u0117 1\/2&#8221; 90T"},"content":{"rendered":"<p>1\/2 colio dulk\u0117ms atspari rankena<br \/>\n40CR+42CRMO, veidrodin\u0117 apdaila 90 dantuk\u0173<br \/>\n512 Nm * 1,3 Nuo dulki\u0173 apsaugota\u00a0 rankena u\u017etikrina patvarum\u0105 net ir sunkiomis darbo s\u0105lygomis.<\/p>","protected":false},"excerpt":{"rendered":"<p>Rankena galvut\u0117ms terk\u0161lin\u0117 | atspari dulk\u0117ms | 90T | 12.5 mm (1\/2&quot;)<\/p>","protected":false},"featured_media":429521,"comment_status":"open","ping_status":"open","template":"","meta":[],"product_cat":[9507],"product_tag":[],"class_list":{"0":"post-429519","1":"product","2":"type-product","3":"status-publish","4":"has-post-thumbnail","6":"product_cat-terksles-galvutems","8":"first","9":"instock","10":"purchasable","11":"product-type-simple"},"jetpack_sharing_enabled":true,"_links":{"self":[{"href":"https:\/\/irankiuzona.lt\/ru\/wp-json\/wp\/v2\/product\/429519","targetHints":{"allow":["GET"]}}],"collection":[{"href":"https:\/\/irankiuzona.lt\/ru\/wp-json\/wp\/v2\/product"}],"about":[{"href":"https:\/\/irankiuzona.lt\/ru\/wp-json\/wp\/v2\/types\/product"}],"replies":[{"embeddable":true,"href":"https:\/\/irankiuzona.lt\/ru\/wp-json\/wp\/v2\/comments?post=429519"}],"version-history":[{"count":1,"href":"https:\/\/irankiuzona.lt\/ru\/wp-json\/wp\/v2\/product\/429519\/revisions"}],"predecessor-version":[{"id":429520,"href":"https:\/\/irankiuzona.lt\/ru\/wp-json\/wp\/v2\/product\/429519\/revisions\/429520"}],"wp:featuredmedia":[{"embeddable":true,"href":"https:\/\/irankiuzona.lt\/ru\/wp-json\/wp\/v2\/media\/429521"}],"wp:attachment":[{"href":"https:\/\/irankiuzona.lt\/ru\/wp-json\/wp\/v2\/media?parent=429519"}],"wp:term":[{"taxonomy":"product_cat","embeddable":true,"href":"https:\/\/irankiuzona.lt\/ru\/wp-json\/wp\/v2\/product_cat?post=429519"},{"taxonomy":"product_tag","embeddable":true,"href":"https:\/\/irankiuzona.lt\/ru\/wp-json\/wp\/v2\/product_tag?post=429519"}],"curies":[{"name":"wp","href":"https:\/\/api.w.org\/{rel}","templated":true}]}}