{"id":429528,"date":"2026-01-31T12:28:25","date_gmt":"2026-01-31T12:28:25","guid":{"rendered":"https:\/\/irankiuzona.lt\/product\/terksle-3-8-90t\/"},"modified":"2026-04-15T18:09:12","modified_gmt":"2026-04-15T18:09:12","slug":"terksle-3-8-90t","status":"publish","type":"product","link":"https:\/\/irankiuzona.lt\/ru\/product\/terksle-3-8-90t\/","title":{"rendered":"Terk\u0161l\u0117 3\/8&#8221; 90T"},"content":{"rendered":"<p>3\/8 colio dulk\u0117ms atspari rankena 40CR+42CRMO, veidrodin\u0117 apdaila<br \/>\n90 dantuk\u0173<br \/>\n202 Nm * 1,3 Dulk\u0117ms atspari\u00a0 rankena u\u017etikrina patvarum\u0105 net ir sunkiomis darbo s\u0105lygomis.<\/p>","protected":false},"excerpt":{"rendered":"<p>Rankena galvut\u0117ms terk\u0161lin\u0117 | atspari dulk\u0117ms | 90T | 10 mm (3\/8&quot;)<\/p>","protected":false},"featured_media":429530,"comment_status":"open","ping_status":"open","template":"","meta":[],"product_cat":[9507],"product_tag":[],"class_list":{"0":"post-429528","1":"product","2":"type-product","3":"status-publish","4":"has-post-thumbnail","6":"product_cat-terksles-galvutems","8":"first","9":"instock","10":"purchasable","11":"product-type-simple"},"jetpack_sharing_enabled":true,"_links":{"self":[{"href":"https:\/\/irankiuzona.lt\/ru\/wp-json\/wp\/v2\/product\/429528","targetHints":{"allow":["GET"]}}],"collection":[{"href":"https:\/\/irankiuzona.lt\/ru\/wp-json\/wp\/v2\/product"}],"about":[{"href":"https:\/\/irankiuzona.lt\/ru\/wp-json\/wp\/v2\/types\/product"}],"replies":[{"embeddable":true,"href":"https:\/\/irankiuzona.lt\/ru\/wp-json\/wp\/v2\/comments?post=429528"}],"version-history":[{"count":1,"href":"https:\/\/irankiuzona.lt\/ru\/wp-json\/wp\/v2\/product\/429528\/revisions"}],"predecessor-version":[{"id":429529,"href":"https:\/\/irankiuzona.lt\/ru\/wp-json\/wp\/v2\/product\/429528\/revisions\/429529"}],"wp:featuredmedia":[{"embeddable":true,"href":"https:\/\/irankiuzona.lt\/ru\/wp-json\/wp\/v2\/media\/429530"}],"wp:attachment":[{"href":"https:\/\/irankiuzona.lt\/ru\/wp-json\/wp\/v2\/media?parent=429528"}],"wp:term":[{"taxonomy":"product_cat","embeddable":true,"href":"https:\/\/irankiuzona.lt\/ru\/wp-json\/wp\/v2\/product_cat?post=429528"},{"taxonomy":"product_tag","embeddable":true,"href":"https:\/\/irankiuzona.lt\/ru\/wp-json\/wp\/v2\/product_tag?post=429528"}],"curies":[{"name":"wp","href":"https:\/\/api.w.org\/{rel}","templated":true}]}}