{"id":429531,"date":"2026-01-31T12:28:28","date_gmt":"2026-01-31T12:28:28","guid":{"rendered":"https:\/\/irankiuzona.lt\/product\/suvirinimo-pusautomatis-forby-mig-200lt-pro-200a-60-sinerginis\/"},"modified":"2026-04-15T13:38:07","modified_gmt":"2026-04-15T13:38:07","slug":"suvirinimo-pusautomatis-forby-mig-200lt-pro-200a-60-sinerginis","status":"publish","type":"product","link":"https:\/\/irankiuzona.lt\/ru\/product\/suvirinimo-pusautomatis-forby-mig-200lt-pro-200a-60-sinerginis\/","title":{"rendered":"Suvirinimo pusautomatis FORBY\u00ae MIG 200LT PRO (200A &#8211; 60%) (sinerginis)"},"content":{"rendered":"<p>Maitinimo \u012ftampa\u00a0 ( V )230\u00b110%Galios koeficientas 0.61 (MIG), 0.65 (TIG), 0.67 (MMA)Efektyvumas ( % ) 81 (MIG), 79 (TIG), 84 (MMA)Izoliacijos klas\u0117 HApsaugos klas\u0117 IP21SFaz\u0117 VienfazisVielos rit\u0117s dydis [kg]\u00a0 \u00a01\u00a0 \u00a05I\u0161matavimai mm\u00a0 \u00a0465X185X295Funkcijos\u00a0 MIG, TIG, MMAMaksimali srov\u0117\u00a0 MMA160Maksimali srov\u0117\u00a0 \u00a0TIG200Maksimali srov\u0117\u00a0 \u00a0MIG\/MAG200Diametras (\u00d8)\u00a0 0.6-0.8-0.9-1.0(MIG), (TIG), \u00d82.5,\u00d83.2\uff0c\u00d84.0 (MMA)Be apkrovos \u012ftampa (V)50\u00a0 \u00a0 (MIG), 1-25 (TIG), 50 (MMA)I\u0161\u0117jimo srov\u0117s diapazonas\u00a0 \u00a0 (A)50-200 (MIG), 10-200 (TIG), 10-160 (MMA)Grynasis svoris (KG)\u00a0 9.38Nominali \u012fvesties talpa\u00a0 \u00a0(KVA)8.4 (MIG), 7 (TIG), 7.5 (MMA)Nominali \u012fvesties srov\u0117\u00a0 \u00a0(Imax\/Ieff) (A)38\/19, 32\/16, 34\/17Darbo ciklas 10min (MIG)\u00a0 60% 200A, 100% 155ADarbo ciklas 10min (TIG)\u00a0 60% 200A, 100% 155ADarbo ciklas 10min (MMA\u00a0 )60% 160A, 100% 124AAu\u0161inimo b\u016bdas\u00a0 Ventiliatorius ir oras<br \/>\nPagrindin\u0117s \u012frenginio savyb\u0117s:<br \/>\nMIG\/MAG re\u017eimas<\/p>\n<p>Srov\u0117s diapazonas: 50\u2013200 A<br \/>\nVielos skersmuo: 0.6 \/ 0.8 \/ 0.9 \/ 1.0 mm<br \/>\nTinka suvirinti:<\/p>\n<p>viela su apsaugin\u0117mis dujomis (CO\u2082 arba Ar\/CO\u2082 mi\u0161inys)<br \/>\nsavisauge (flux-cored) viela be duj\u0173<\/p>\n<p>Poli\u0161kumo keitimas: greitas perjungimas tarp MIG (su dujomis) ir FLUX (be duj\u0173) re\u017eim\u0173 (priekinis poli\u0161kumo perjungimo laidas).<br \/>\nPapildomos funkcijos MIG re\u017eime:<\/p>\n<p>Induktyvumo reguliavimas \u2013 lanko \u201emink\u0161tumui\/kietumui\u201c<br \/>\nVielos padavimo ir duj\u0173 patikra<br \/>\n2T\/4T darbo re\u017eimai<\/p>\n<p>Naudojimas: plienui, ner\u016bdijan\u010diam plienui, aliuminiui (su tinkama viela ir dujomis).<\/p>\n<p>MMA (elektrod\u0173) re\u017eimas<\/p>\n<p>Srov\u0117s diapazonas: 10\u2013200 A<br \/>\nPalaiko elektrodus: \u00d82.0 \/ \u00d82.5 \/ \u00d83.2 \/ \u00d84.0 mm<br \/>\nHot Start funkcija: lengvesniam elektrodo u\u017edegimui.<br \/>\nArc Force funkcija: stabilizuoja lank\u0105, apsaugo nuo elektrodo prilipimo.<br \/>\nVRD funkcija: suma\u017eina tu\u0161\u010dios eigos \u012ftamp\u0105 (saugiam darbui).<br \/>\nNaudojimas: tinkamas daugeliui bendrojo naudojimo elektrod\u0173 (rutile, baziniai).<\/p>\n<p>Lift-TIG re\u017eimas<\/p>\n<p>Srov\u0117s diapazonas: 10\u2013160 A<br \/>\nReikalinga \u012franga: atskiras Lift-TIG degiklis ir argono balionas.<br \/>\nU\u017edegimas: TIG lankas u\u017edegamas palietus ir pak\u0117lus elektrod\u0105 (\u201eLift-TIG\u201c).<br \/>\nNaudojimas: plienas, ner\u016bdijantis plienas (ne aliuminis, nes n\u0117ra HF u\u017edegimo)<\/p>\n<p>Pagrindiniai darbo re\u017eim\u0173 parametrai:<br \/>\nMIG\/MAG (su dujomis) re\u017eimas<\/p>\n<p>Srov\u0117s diapazonas: 50 A \u2013 200 A<br \/>\nSrov\u0117 (I\u2082) prie 60 % darbo ciklo: 200 A<br \/>\nSrov\u0117 (I\u2082) prie 100 % darbo ciklo: 155 A<br \/>\n\u012etampa (U\u2082):<\/p>\n<p>24 V @ 60 %<br \/>\n21.7 V @ 100 %<\/p>\n<p>Tu\u0161\u010dios eigos \u012ftampa (U\u2080): 50 V<br \/>\nMaksimali \u012fvesties srov\u0117 (Imax): 38 A<br \/>\nEfektyvioji \u012fvesties srov\u0117 (Ieff): 19 A<\/p>\n<p>MMA (su elektrodu) re\u017eimas<\/p>\n<p>Srov\u0117s diapazonas: 10 A \u2013 200 A<br \/>\nSrov\u0117 (I\u2082) prie 60 % darbo ciklo: 200 A<br \/>\nSrov\u0117 (I\u2082) prie 100 % darbo ciklo: 155 A<br \/>\n\u012etampa (U\u2082):<\/p>\n<p>18 V @ 60 %<br \/>\n16.2 V @ 100 %<\/p>\n<p>Tu\u0161\u010dios eigos \u012ftampa (U\u2080): 75 V (1\u201325 V su VRD)<br \/>\nMaksimali \u012fvesties srov\u0117 (Imax): 32 A<br \/>\nEfektyvioji \u012fvesties srov\u0117 (Ieff): 16 A<\/p>\n<p>TIG (Lift-TIG) re\u017eimas<\/p>\n<p>Srov\u0117s diapazonas: 10 A \u2013 160 A<br \/>\nSrov\u0117 (I\u2082) prie 60 % darbo ciklo: 160 A<br \/>\nSrov\u0117 (I\u2082) prie 100 % darbo ciklo: 124 A<br \/>\n\u012etampa (U\u2082):<\/p>\n<p>26.4 V @ 60 %<br \/>\n25 V @ 100 %<\/p>\n<p>Tu\u0161\u010dios eigos \u012ftampa (U\u2080): 50 V<br \/>\nMaksimali \u012fvesties srov\u0117 (Imax): 34 A<br \/>\nEfektyvioji \u012fvesties srov\u0117 (Ieff): 17 A<\/p>\n","protected":false},"excerpt":{"rendered":"<p>FORBY\u00ae MIG 200LT PRO (200A &#8211; 60%)<\/p>","protected":false},"featured_media":429533,"comment_status":"open","ping_status":"open","template":"","meta":[],"product_cat":[11022],"product_tag":[],"class_list":{"0":"post-429531","1":"product","2":"type-product","3":"status-publish","4":"has-post-thumbnail","6":"product_cat-suvirinimo-aparatai","8":"first","9":"outofstock","10":"purchasable","11":"product-type-simple"},"jetpack_sharing_enabled":true,"_links":{"self":[{"href":"https:\/\/irankiuzona.lt\/ru\/wp-json\/wp\/v2\/product\/429531","targetHints":{"allow":["GET"]}}],"collection":[{"href":"https:\/\/irankiuzona.lt\/ru\/wp-json\/wp\/v2\/product"}],"about":[{"href":"https:\/\/irankiuzona.lt\/ru\/wp-json\/wp\/v2\/types\/product"}],"replies":[{"embeddable":true,"href":"https:\/\/irankiuzona.lt\/ru\/wp-json\/wp\/v2\/comments?post=429531"}],"version-history":[{"count":1,"href":"https:\/\/irankiuzona.lt\/ru\/wp-json\/wp\/v2\/product\/429531\/revisions"}],"predecessor-version":[{"id":429532,"href":"https:\/\/irankiuzona.lt\/ru\/wp-json\/wp\/v2\/product\/429531\/revisions\/429532"}],"wp:featuredmedia":[{"embeddable":true,"href":"https:\/\/irankiuzona.lt\/ru\/wp-json\/wp\/v2\/media\/429533"}],"wp:attachment":[{"href":"https:\/\/irankiuzona.lt\/ru\/wp-json\/wp\/v2\/media?parent=429531"}],"wp:term":[{"taxonomy":"product_cat","embeddable":true,"href":"https:\/\/irankiuzona.lt\/ru\/wp-json\/wp\/v2\/product_cat?post=429531"},{"taxonomy":"product_tag","embeddable":true,"href":"https:\/\/irankiuzona.lt\/ru\/wp-json\/wp\/v2\/product_tag?post=429531"}],"curies":[{"name":"wp","href":"https:\/\/api.w.org\/{rel}","templated":true}]}}