{"id":429534,"date":"2026-01-31T12:28:36","date_gmt":"2026-01-31T12:28:36","guid":{"rendered":"https:\/\/irankiuzona.lt\/product\/suvirinimo-pusautomatis-forby-mig-210fx-led-200a-sinerginis\/"},"modified":"2026-04-21T17:00:55","modified_gmt":"2026-04-21T17:00:55","slug":"suvirinimo-pusautomatis-forby-mig-210fx-led-200a-sinerginis","status":"publish","type":"product","link":"https:\/\/irankiuzona.lt\/ru\/product\/suvirinimo-pusautomatis-forby-mig-210fx-led-200a-sinerginis\/","title":{"rendered":"Suvirinimo pusautomatis FORBY\u00ae MIG 210FX LED (200A) (sinerginis)"},"content":{"rendered":"<p>Galios koeficientas\u00a0 \u00a0 0.62 (MIG) ,0.65 (LIFT TIG), 0.69 (MMA)Efektyvumas ( % )\u00a0 \u00a0 81 (MIG), 78 LIFT TIG), 83 (MMA)Vielos skersmuo\u00a0 (mm)\u00a0 \u00a00.6-0.8-1.0 (MIG), \/ (LIFT TIG), \u00d82.5,\u00d83.2 (MMA)Izoliacijos klas\u0117\u00a0 \u00a0HMaitinimo \u012ftampa\u00a0 \u00a0 230V \u00b110%Svoris\u00a0 7.58 kgApsaugos klas\u0117\u00a0 \u00a0 IP21SFaz\u0117\u00a0 \u00a0VienfazisAu\u0161inimas\u00a0 \u00a0 Ventiliatorius ir orasVielos rit\u0117s dydis\u00a0 \u00a0 [kg]15I\u0161matavimai mm\u00a0 \u00a0443X161X281FunkcijosMIG, LIFT TIG, MMAMaksimali srov\u0117\u00a0 \u00a0 \u00a0MIG\/MAG200Nominali \u012fvesties galia\u00a0 \u00a0 \u00a0 (KVA)7, 5.3 , 7.3Be apkrovos \u012ftampa (V)\u00a0 \u00a0 50(MIG), 1-25(LIFT TIG), 50 (MMA)Nominali \u012fvesties srov\u0117 (Imax\/Ieff)\u00a0 \u00a0 \u00a0 (A)36\/16, 24\/11, 31\/14Darbo ciklas 10 min. (MIG)\u00a0 \u00a0 \u00a030 % 200 A, 100 % 100 ADarbo ciklas 10 min. (LIFT TIG\u00a0 \u00a0 \u00a0)30 % 200 A, 100 % 100 ADarbo ciklas 10 min. (MMA)\u00a0 \u00a0 \u00a030 % 160 A, 100 % 80 A<br \/>\nPagrindiniai darbo re\u017eim\u0173 parametrai:<br \/>\n\u00a0MIG\/MAG (su dujomis) re\u017eimas<\/p>\n<p>Maksimali srov\u0117 (I\u2082) prie 30% darbo ciklo: 200 A<br \/>\nSrov\u0117 prie 100% darbo ciklo: 100 A<br \/>\n\u012etampa (U\u2082): 24 V @ 30% \/ 15.0 V @ 100%<br \/>\nAuk\u0161\u010diausia \u012f\u0117jimo srov\u0117 (I\u1d62 max): 41 A<br \/>\nEfektyvioji \u012f\u0117jimo srov\u0117 (I\u1d62 eff): 16 A<\/p>\n<p>\u00a0MMA (su elektrodu) re\u017eimas<\/p>\n<p>Maksimali srov\u0117 (I\u2082) prie 30% darbo ciklo: 200 A<br \/>\nSrov\u0117 prie 100% darbo ciklo: 100 A<br \/>\n\u012etampa (U\u2082): 18 V @ 30% \/ 14 V @ 100%<br \/>\nAuk\u0161\u010diausia \u012f\u0117jimo srov\u0117 (I\u1d62 max): 32 A<br \/>\nEfektyvioji \u012f\u0117jimo srov\u0117 (I\u1d62 eff): 13 A<\/p>\n<p>\u00a0TIG (Lift-TIG) re\u017eimas<\/p>\n<p>Srov\u0117 (I\u2082) prie 30% darbo ciklo: 160 A<br \/>\nSrov\u0117 (I\u2082) prie 100% darbo ciklo: 80 A<br \/>\n\u012etampa (U\u2082): 26.4 V @ 30% \/ 23.2 V @ 100%<br \/>\nAuk\u0161\u010diausia \u012f\u0117jimo srov\u0117 (I\u1d62 max): 36 A<br \/>\nEfektyvioji \u012f\u0117jimo srov\u0117 (I\u1d62 eff): 14 A<\/p>\n","protected":false},"excerpt":{"rendered":"<p>Suvirinimo pusautomatis FORBY\u00ae MIG\u00a0<\/p>","protected":false},"featured_media":429536,"comment_status":"open","ping_status":"open","template":"","meta":[],"product_cat":[11022],"product_tag":[],"class_list":{"0":"post-429534","1":"product","2":"type-product","3":"status-publish","4":"has-post-thumbnail","6":"product_cat-suvirinimo-aparatai","8":"first","9":"outofstock","10":"purchasable","11":"product-type-simple"},"jetpack_sharing_enabled":true,"_links":{"self":[{"href":"https:\/\/irankiuzona.lt\/ru\/wp-json\/wp\/v2\/product\/429534","targetHints":{"allow":["GET"]}}],"collection":[{"href":"https:\/\/irankiuzona.lt\/ru\/wp-json\/wp\/v2\/product"}],"about":[{"href":"https:\/\/irankiuzona.lt\/ru\/wp-json\/wp\/v2\/types\/product"}],"replies":[{"embeddable":true,"href":"https:\/\/irankiuzona.lt\/ru\/wp-json\/wp\/v2\/comments?post=429534"}],"version-history":[{"count":1,"href":"https:\/\/irankiuzona.lt\/ru\/wp-json\/wp\/v2\/product\/429534\/revisions"}],"predecessor-version":[{"id":429535,"href":"https:\/\/irankiuzona.lt\/ru\/wp-json\/wp\/v2\/product\/429534\/revisions\/429535"}],"wp:featuredmedia":[{"embeddable":true,"href":"https:\/\/irankiuzona.lt\/ru\/wp-json\/wp\/v2\/media\/429536"}],"wp:attachment":[{"href":"https:\/\/irankiuzona.lt\/ru\/wp-json\/wp\/v2\/media?parent=429534"}],"wp:term":[{"taxonomy":"product_cat","embeddable":true,"href":"https:\/\/irankiuzona.lt\/ru\/wp-json\/wp\/v2\/product_cat?post=429534"},{"taxonomy":"product_tag","embeddable":true,"href":"https:\/\/irankiuzona.lt\/ru\/wp-json\/wp\/v2\/product_tag?post=429534"}],"curies":[{"name":"wp","href":"https:\/\/api.w.org\/{rel}","templated":true}]}}