{"id":429537,"date":"2026-01-31T12:28:43","date_gmt":"2026-01-31T12:28:43","guid":{"rendered":"https:\/\/irankiuzona.lt\/product\/suvirinimo-pusautomatis-forby-mig-200st-pro-200a-60-sinerginis\/"},"modified":"2026-04-19T14:23:25","modified_gmt":"2026-04-19T14:23:25","slug":"suvirinimo-pusautomatis-forby-mig-200st-pro-200a-60-sinerginis","status":"publish","type":"product","link":"https:\/\/irankiuzona.lt\/ru\/product\/suvirinimo-pusautomatis-forby-mig-200st-pro-200a-60-sinerginis\/","title":{"rendered":"Suvirinimo pusautomatis FORBY\u00ae MIG 200ST PRO (200A &#8211; 60%) (sinerginis)"},"content":{"rendered":"<p>Maitinimo \u012ftampa ( V )\u00a0 \u00a0220\u00b110%Galios koeficientas\u00a0 \u00a00,65 (MIG), 0,6 (TIG), 0,62 (MMA)Efektyvumas\u00a0 ( % )\u00a0 \u00a082 (MIG), 79 (TIG), 86 (MMA)Faz\u0117\u00a0 \u00a0Vienfazis\u012etampa be apkrovos\u00a0 \u00a0 (V)54 (MIG), 1\u201325 (TIG), 54 (MMA)Vielos rit\u0117s dydis\u00a0 [kg] 5Maksimali srov\u0117\u00a0 MMA180Maksimali srov\u0117\u00a0 TIG200Maksimali srov\u0117\u00a0 MIG\/MAG200Nominali \u012f\u0117jimo galia\u00a0 \u00a0 \u00a0 (KVA)9.4 (MIG), 7.6 (TIG), 9.4 (MMA)Nominali \u012f\u0117jimo srov\u0117\u00a0 \u00a0 \u00a0(Imax\/Ieff) (A)41\/22 (MIG), 33\/18 (TIG), 4122 (MMA)Grynasis svoris\u00a0 \u00a0 (KG)12Au\u0161inimo b\u016bdas\u00a0 \u00a0 Ventiliatorius ir orasDarbo ciklas 10 min. (MIG)60 %\u00a0 \u00a0 \u00a0 200 A, 100 % 141 ADarbo ciklas 10 min. (LIFT TIG)60 %\u00a0 \u00a0 \u00a0200 A, 100 % 141 ADarbo ciklas 10 min. (MMA)60 %\u00a0 \u00a0 \u00a0 180 A, 100% 127 AVielos skersmuo\u00a0 \u00a0 0,6\u20130,8\u20131,0 (MIG), \u00d82,5, \u00d83,2, \u00d84.0 (MMA)Matmenys\u00a0 \u00a0 (I * P * A) (mm)490 x 225 x 340Funkcija\u00a0 \u00a0 MIG, LIFT TIG, MMA<br \/>\nMIG\/MAG re\u017eimas<\/p>\n<p>Kasdieniams darbams su plienu da\u017eniausiai pakanka 0,8 mm vielos.<br \/>\nPlonesn\u0117ms skardoms rinkit\u0117s ma\u017eesn\u0119 srov\u0119 ir trumpesn\u012f si\u016bl\u0117s ilg\u012f, kad i\u0161vengtum\u0117te pradegimo.<br \/>\nLaikykite degikl\u012f 10\u201315 mm atstumu nuo ruo\u0161inio ir tolygiai jud\u0117kite palei si\u016bl\u0119.<\/p>\n<p>LIFT TIG re\u017eimas<\/p>\n<p>Naudokite auk\u0161tos grynumo ( 99,99 %) argono dujas.<br \/>\nVolframo elektrod\u0105 gal\u0105skite k\u016bgio formai, kad lankas b\u016bt\u0173 koncentruotas.<br \/>\nSi\u016bl\u0117s prad\u017eiai ir pabaigai naudokite ma\u017eesn\u0119 srov\u0119, kad nesusidaryt\u0173 krateriai.<\/p>\n<p>MMA re\u017eimas<\/p>\n<p>Pasirinkite elektrod\u0173 skersmen\u012f pagal metalo stor\u012f (2,5 mm \u2013 plonesn\u0117ms konstrukcijoms, 3,2\u20134,0 mm \u2013 storesn\u0117ms).<br \/>\nNepamir\u0161kite nuvalyti r\u016bdis ir da\u017eus si\u016bl\u0117s zonoje \u2013 taip pagerinsite lanko stabilum\u0105 ir si\u016bl\u0117s kokyb\u0119.<\/p>\n<p>Pagrindiniai darbo re\u017eim\u0173 parametrai<br \/>\nMIG\/MAG (su dujomis) re\u017eimas<\/p>\n<p>Maksimali srov\u0117 (I\u2082) prie 60% darbo ciklo: 200 A<br \/>\nSrov\u0117 prie 100% darbo ciklo: 141 A<br \/>\n\u012etampa (U\u2082):<\/p>\n<p>24 V @ 60%<br \/>\n21.1 V @ 100%<\/p>\n<p>Auk\u0161\u010diausia \u012f\u0117jimo srov\u0117 (I\u2081 max): 41 A<br \/>\nEfektyvioji \u012f\u0117jimo srov\u0117 (I\u2081 eff): 22 A<br \/>\nTu\u0161\u010dios eigos \u012ftampa (U\u2080): 54 V<\/p>\n<p>MMA (su elektrodu) re\u017eimas<\/p>\n<p>Maksimali srov\u0117 (I\u2082) prie 60% darbo ciklo: 200 A<br \/>\nSrov\u0117 prie 100% darbo ciklo: 141 A<br \/>\n\u012etampa (U\u2082):<\/p>\n<p>18 V @ 60%<br \/>\n15.7 V @ 100%<\/p>\n<p>Auk\u0161\u010diausia \u012f\u0117jimo srov\u0117 (I\u2081 max): 33 A<br \/>\nEfektyvioji \u012f\u0117jimo srov\u0117 (I\u2081 eff): 18 A<br \/>\nTu\u0161\u010dios eigos \u012ftampa (U\u2080): 25 V (VRD diapazonas 1\u201325 V)<\/p>\n<p>TIG (Lift-TIG) re\u017eimas<\/p>\n<p>Maksimali srov\u0117 (I\u2082) prie 60% darbo ciklo: 180 A<br \/>\nSrov\u0117 prie 100% darbo ciklo: 123 A<br \/>\n\u012etampa (U\u2082):<\/p>\n<p>27.2 V @ 60%<br \/>\n25.1 V @ 100%<\/p>\n<p>Auk\u0161\u010diausia \u012f\u0117jimo srov\u0117 (I\u2081 max): 41 A<br \/>\nEfektyvioji \u012f\u0117jimo srov\u0117 (I\u2081 eff): 22 A<br \/>\nTu\u0161\u010dios eigos \u012ftampa (U\u2080): 54 V<\/p>\n","protected":false},"excerpt":{"rendered":"<p>Suvirinimo pusautomatis FORBY\u00ae MIG<\/p>","protected":false},"featured_media":429539,"comment_status":"open","ping_status":"open","template":"","meta":[],"product_cat":[11022],"product_tag":[],"class_list":{"0":"post-429537","1":"product","2":"type-product","3":"status-publish","4":"has-post-thumbnail","6":"product_cat-suvirinimo-aparatai","8":"first","9":"outofstock","10":"purchasable","11":"product-type-simple"},"jetpack_sharing_enabled":true,"_links":{"self":[{"href":"https:\/\/irankiuzona.lt\/ru\/wp-json\/wp\/v2\/product\/429537","targetHints":{"allow":["GET"]}}],"collection":[{"href":"https:\/\/irankiuzona.lt\/ru\/wp-json\/wp\/v2\/product"}],"about":[{"href":"https:\/\/irankiuzona.lt\/ru\/wp-json\/wp\/v2\/types\/product"}],"replies":[{"embeddable":true,"href":"https:\/\/irankiuzona.lt\/ru\/wp-json\/wp\/v2\/comments?post=429537"}],"version-history":[{"count":1,"href":"https:\/\/irankiuzona.lt\/ru\/wp-json\/wp\/v2\/product\/429537\/revisions"}],"predecessor-version":[{"id":429538,"href":"https:\/\/irankiuzona.lt\/ru\/wp-json\/wp\/v2\/product\/429537\/revisions\/429538"}],"wp:featuredmedia":[{"embeddable":true,"href":"https:\/\/irankiuzona.lt\/ru\/wp-json\/wp\/v2\/media\/429539"}],"wp:attachment":[{"href":"https:\/\/irankiuzona.lt\/ru\/wp-json\/wp\/v2\/media?parent=429537"}],"wp:term":[{"taxonomy":"product_cat","embeddable":true,"href":"https:\/\/irankiuzona.lt\/ru\/wp-json\/wp\/v2\/product_cat?post=429537"},{"taxonomy":"product_tag","embeddable":true,"href":"https:\/\/irankiuzona.lt\/ru\/wp-json\/wp\/v2\/product_tag?post=429537"}],"curies":[{"name":"wp","href":"https:\/\/api.w.org\/{rel}","templated":true}]}}