{"id":429540,"date":"2026-01-31T12:28:47","date_gmt":"2026-01-31T12:28:47","guid":{"rendered":"https:\/\/irankiuzona.lt\/product\/karbiuratoriaus-sinchronizatorius-6\/"},"modified":"2026-04-17T09:05:00","modified_gmt":"2026-04-17T09:05:00","slug":"karbiuratoriaus-sinchronizatorius-6","status":"publish","type":"product","link":"https:\/\/irankiuzona.lt\/ru\/product\/karbiuratoriaus-sinchronizatorius-6\/","title":{"rendered":"Karbiuratoriaus sinchronizatorius"},"content":{"rendered":"<p>KD12537 yra profesionalus karbiuratoriaus sinchronizavimo rinkinys, skirtas mechanikams, gara\u017eams ir automobili\u0173 entuziastams. Su keturiais tiksliais sl\u0117gio matuokliais, lanks\u010diomis \u017earnomis ir pilnu adapteri\u0173 rinkiniu, jis leid\u017eia tiksliai subalansuoti karbiuratoriaus vakuum\u0105, tod\u0117l variklis veikia skland\u017eiai, droselio reakcija pager\u0117ja ir degimas yra optimalus. KD12537 rinkinys leid\u017eia vienu metu analizuoti vis\u0173 karbiuratori\u0173 veikim\u0105, pa\u0161alinant netolyg\u0173 variklio darb\u0105 ir pagerinant variklio na\u0161um\u0105 bei skland\u0173 darb\u0105 tiek sportiniuose, tiek turistiniuose motocikluose, tiek klasikiniuose automobiliuose.<br \/>\nPRODUKTO SAVYB\u0116S:<br \/>\n\u2705 Tikslus karbiuratoriaus sinchronizavimas \u2013 u\u017etikrina skland\u0173 ir stabil\u0173 variklio darb\u0105<br \/>\n\u2705 Keturi dideli 93 mm skersmens sl\u0117gio matuokliai \u2013 ai\u0161k\u016bs ir tiksl\u016bs rodmenys<br \/>\n\u2705 Tvirta, vibracijai atspari konstrukcija \u2013 tinka tiek profesionalioms dirbtuv\u0117ms, tiek entuziast\u0173 gara\u017eams<br \/>\n\u2705 Pilnas adapteri\u0173 rinkinys \u2013 tinka \u012fvairiems motociklams ir klasikiniams automobiliams<br \/>\n\u2705 Lanks\u010dios gumin\u0117s \u017earnos (5&#215;8 mm, 900 mm ilgio) \u2013 greitas ir paprastas montavimas net sunkiai pasiekiamose vietose<\/p>","protected":false},"excerpt":{"rendered":"<p>Vakumo matuoklis karbiuratoriaus sinchronizavimui<\/p>","protected":false},"featured_media":429542,"comment_status":"open","ping_status":"closed","template":"","meta":[],"product_cat":[9926],"product_tag":[10104],"class_list":{"0":"post-429540","1":"product","2":"type-product","3":"status-publish","4":"has-post-thumbnail","6":"product_brand-kraftdele","7":"product_cat-kompresijos-matuokliai-diagnostika-kiti-testeriai-varikliui","8":"product_tag-kraftdele","10":"first","11":"instock","12":"purchasable","13":"product-type-simple"},"jetpack_sharing_enabled":true,"_links":{"self":[{"href":"https:\/\/irankiuzona.lt\/ru\/wp-json\/wp\/v2\/product\/429540","targetHints":{"allow":["GET"]}}],"collection":[{"href":"https:\/\/irankiuzona.lt\/ru\/wp-json\/wp\/v2\/product"}],"about":[{"href":"https:\/\/irankiuzona.lt\/ru\/wp-json\/wp\/v2\/types\/product"}],"replies":[{"embeddable":true,"href":"https:\/\/irankiuzona.lt\/ru\/wp-json\/wp\/v2\/comments?post=429540"}],"version-history":[{"count":2,"href":"https:\/\/irankiuzona.lt\/ru\/wp-json\/wp\/v2\/product\/429540\/revisions"}],"predecessor-version":[{"id":429702,"href":"https:\/\/irankiuzona.lt\/ru\/wp-json\/wp\/v2\/product\/429540\/revisions\/429702"}],"wp:featuredmedia":[{"embeddable":true,"href":"https:\/\/irankiuzona.lt\/ru\/wp-json\/wp\/v2\/media\/429542"}],"wp:attachment":[{"href":"https:\/\/irankiuzona.lt\/ru\/wp-json\/wp\/v2\/media?parent=429540"}],"wp:term":[{"taxonomy":"product_cat","embeddable":true,"href":"https:\/\/irankiuzona.lt\/ru\/wp-json\/wp\/v2\/product_cat?post=429540"},{"taxonomy":"product_tag","embeddable":true,"href":"https:\/\/irankiuzona.lt\/ru\/wp-json\/wp\/v2\/product_tag?post=429540"}],"curies":[{"name":"wp","href":"https:\/\/api.w.org\/{rel}","templated":true}]}}