{"id":429543,"date":"2026-01-31T12:28:54","date_gmt":"2026-01-31T12:28:54","guid":{"rendered":"https:\/\/irankiuzona.lt\/product\/hidraulinis-presas-20t\/"},"modified":"2026-04-13T07:41:21","modified_gmt":"2026-04-13T07:41:21","slug":"hidraulinis-presas-20t","status":"publish","type":"product","link":"https:\/\/irankiuzona.lt\/ru\/product\/hidraulinis-presas-20t\/","title":{"rendered":"Hidraulinis presas 20T"},"content":{"rendered":"<p>20 ton\u0173 hidraulinis presas su slankiojan\u010diu st\u016bmokliu yra i\u0161skirtinai tvirtas ir universalus dirbtuvi\u0173 \u012frankis, skirtas intensyviam naudojimui aptarnavimo centruose, dirbtuv\u0117se ir gamybos \u012fmon\u0117se. St\u016bmokl\u012f galima judinti \u012f kair\u0119 ir \u012f de\u0161in\u0119, u\u017etikrinant tiksl\u0173 pritaikym\u0105 prie ruo\u0161ini\u0173. 9 lygi\u0173 reguliuojamas darbinis pavir\u0161ius leid\u017eia pritaikyti darbo viet\u0105 pagal savo poreikius. Ilgas st\u016bmoklio eigos ilgis ir 20 ton\u0173 sl\u0117gis leid\u017eia patogiai presuoti, tiesinti ir surinkti komponentus, kuriems reikalinga didel\u0117 presavimo j\u0117ga.<\/p>\n<p>Technin\u0117s specifikacijos<br \/>\n\u2699\ufe0f 20 ton\u0173 sl\u0117gis<br \/>\n\u2699\ufe0f Kairysis ir de\u0161inysis slankiojantys st\u016bmokliai<br \/>\n\u2699\ufe0f Darbinis diapazonas: 0\u20131020 mm<br \/>\n\u2699\ufe0f 9 lygi\u0173 reguliuojamas darbinis stalas<br \/>\n\u2699\ufe0f St\u016bmoklio plotis: 45 mm<br \/>\n\u2699\ufe0f St\u016bmoklio eiga: 185 mm<br \/>\n\u2699\ufe0f Pridedamos dvi ketaus atramos Produkto sud\u0117tis<\/p>\n<p>\u2705 Hidraulinis presas su 20T slankiojan\u010diu st\u016bmokliu<\/p>","protected":false},"excerpt":{"rendered":"<p>20T hidraulinis presas<\/p>","protected":false},"featured_media":429545,"comment_status":"open","ping_status":"closed","template":"","meta":[],"product_cat":[9946],"product_tag":[10104],"class_list":{"0":"post-429543","1":"product","2":"type-product","3":"status-publish","4":"has-post-thumbnail","6":"product_brand-kraftdele","7":"product_cat-hidrauliniai-presai","8":"product_tag-kraftdele","10":"first","11":"instock","12":"purchasable","13":"product-type-simple"},"jetpack_sharing_enabled":true,"_links":{"self":[{"href":"https:\/\/irankiuzona.lt\/ru\/wp-json\/wp\/v2\/product\/429543","targetHints":{"allow":["GET"]}}],"collection":[{"href":"https:\/\/irankiuzona.lt\/ru\/wp-json\/wp\/v2\/product"}],"about":[{"href":"https:\/\/irankiuzona.lt\/ru\/wp-json\/wp\/v2\/types\/product"}],"replies":[{"embeddable":true,"href":"https:\/\/irankiuzona.lt\/ru\/wp-json\/wp\/v2\/comments?post=429543"}],"version-history":[{"count":2,"href":"https:\/\/irankiuzona.lt\/ru\/wp-json\/wp\/v2\/product\/429543\/revisions"}],"predecessor-version":[{"id":429700,"href":"https:\/\/irankiuzona.lt\/ru\/wp-json\/wp\/v2\/product\/429543\/revisions\/429700"}],"wp:featuredmedia":[{"embeddable":true,"href":"https:\/\/irankiuzona.lt\/ru\/wp-json\/wp\/v2\/media\/429545"}],"wp:attachment":[{"href":"https:\/\/irankiuzona.lt\/ru\/wp-json\/wp\/v2\/media?parent=429543"}],"wp:term":[{"taxonomy":"product_cat","embeddable":true,"href":"https:\/\/irankiuzona.lt\/ru\/wp-json\/wp\/v2\/product_cat?post=429543"},{"taxonomy":"product_tag","embeddable":true,"href":"https:\/\/irankiuzona.lt\/ru\/wp-json\/wp\/v2\/product_tag?post=429543"}],"curies":[{"name":"wp","href":"https:\/\/api.w.org\/{rel}","templated":true}]}}