{"id":429546,"date":"2026-01-31T12:29:01","date_gmt":"2026-01-31T12:29:01","guid":{"rendered":"https:\/\/irankiuzona.lt\/product\/medzio-ir-odos-degintuvas-su-23-antgaliais\/"},"modified":"2026-04-13T04:58:36","modified_gmt":"2026-04-13T04:58:36","slug":"medzio-ir-odos-degintuvas-su-23-antgaliais","status":"publish","type":"product","link":"https:\/\/irankiuzona.lt\/ru\/product\/medzio-ir-odos-degintuvas-su-23-antgaliais\/","title":{"rendered":"Med\u017eio ir odos degintuvas su 23 antgaliais"},"content":{"rendered":"<p>\u0160is prietaisas naudojamas dekoruoti daiktus, pagamintus i\u0161 med\u017eio, odos ir kam\u0161tienos, be kita ko, naudojant pridedamus antgalius. Prietaisas pasiekia iki 275 \u00b0C temperat\u016br\u0105, tod\u0117l degimas yra itin paprastas ir greitas. Degiklis gali b\u016bti naudojamas dekoruoti \u012fvairius daiktus, tokius kaip virtuv\u0117s prietaisai, \u017eaislai, karstai, skrynios ir d\u0117\u017eut\u0117s. Taip pat galite pasigaminti savo dur\u0173 atvirukus, skirtukus, papuo\u0161alus, kal\u0117dinius papuo\u0161alus ar net pie\u0161ti paveiksl\u0117lius ar portretus. Pa\u017eangesni ir \u012fgud\u0119 vartotojai gali naudoti degikl\u012f kurdami tikrus meno k\u016brinius. Savyb\u0117s:<br \/>\n\u2022 Prietaiso tipas: medienos ir odos degiklis<br \/>\n\u2022 Maitinimo \u0161altinis: 230 V \/ 50 Hz<br \/>\n\u2022 Galia: 30 W<br \/>\n\u2022 Temperat\u016bra: 275 \u00b0C<br \/>\n\u2022 Pridedam\u0173 antgali\u0173 skai\u010dius: 22<br \/>\n\u2022 Komplekto svoris: 0,8 kg<\/p>","protected":false},"excerpt":{"rendered":"<p>Medienos ir odos degiklis &#8211; pirografas<\/p>","protected":false},"featured_media":429548,"comment_status":"open","ping_status":"closed","template":"","meta":[],"product_cat":[9802],"product_tag":[10104],"class_list":{"0":"post-429546","1":"product","2":"type-product","3":"status-publish","4":"has-post-thumbnail","6":"product_brand-kraftdele","7":"product_cat-lituokliai","8":"product_tag-kraftdele","10":"first","11":"instock","12":"purchasable","13":"product-type-simple"},"jetpack_sharing_enabled":true,"_links":{"self":[{"href":"https:\/\/irankiuzona.lt\/ru\/wp-json\/wp\/v2\/product\/429546","targetHints":{"allow":["GET"]}}],"collection":[{"href":"https:\/\/irankiuzona.lt\/ru\/wp-json\/wp\/v2\/product"}],"about":[{"href":"https:\/\/irankiuzona.lt\/ru\/wp-json\/wp\/v2\/types\/product"}],"replies":[{"embeddable":true,"href":"https:\/\/irankiuzona.lt\/ru\/wp-json\/wp\/v2\/comments?post=429546"}],"version-history":[{"count":2,"href":"https:\/\/irankiuzona.lt\/ru\/wp-json\/wp\/v2\/product\/429546\/revisions"}],"predecessor-version":[{"id":429701,"href":"https:\/\/irankiuzona.lt\/ru\/wp-json\/wp\/v2\/product\/429546\/revisions\/429701"}],"wp:featuredmedia":[{"embeddable":true,"href":"https:\/\/irankiuzona.lt\/ru\/wp-json\/wp\/v2\/media\/429548"}],"wp:attachment":[{"href":"https:\/\/irankiuzona.lt\/ru\/wp-json\/wp\/v2\/media?parent=429546"}],"wp:term":[{"taxonomy":"product_cat","embeddable":true,"href":"https:\/\/irankiuzona.lt\/ru\/wp-json\/wp\/v2\/product_cat?post=429546"},{"taxonomy":"product_tag","embeddable":true,"href":"https:\/\/irankiuzona.lt\/ru\/wp-json\/wp\/v2\/product_tag?post=429546"}],"curies":[{"name":"wp","href":"https:\/\/api.w.org\/{rel}","templated":true}]}}