{"id":429549,"date":"2026-01-31T12:29:04","date_gmt":"2026-01-31T12:29:04","guid":{"rendered":"https:\/\/irankiuzona.lt\/product\/katinimo-zvakiu-elektrodo-isemimo-komplektas\/"},"modified":"2026-04-14T18:02:25","modified_gmt":"2026-04-14T18:02:25","slug":"katinimo-zvakiu-elektrodo-isemimo-komplektas","status":"publish","type":"product","link":"https:\/\/irankiuzona.lt\/ru\/product\/katinimo-zvakiu-elektrodo-isemimo-komplektas\/","title":{"rendered":"Katinimo \u017evaki\u0173 elektrodo i\u0161\u0117mimo komplektas"},"content":{"rendered":"<p>Pagrindin\u0117s produkto savyb\u0117s:<\/p>\n<p>\u2705 Pilnas \u012franki\u0173 rinkinys saugiam sul\u016b\u017eusi\u0173 u\u017edegimo \u017evaki\u0173 i\u0161\u0117mimui<br \/>\n\u2705 Auk\u0161tos kokyb\u0117s plienas u\u017etikrina ilgaam\u017ei\u0161kum\u0105 ir tvirtum\u0105<br \/>\n\u2705 Tikslus apdirbimas leid\u017eia dirbti net sunkiai pasiekiamose vietose<br \/>\n\u2705 Lengvas surinkimas ir naudojimas \u2013 rinkinys paruo\u0161tas naudoti i\u0161 karto<br \/>\n\u2705 Universalus \u2013 tinka daugumai u\u017edegimo \u017evaki\u0173 modeli\u0173<\/p>","protected":false},"excerpt":{"rendered":"<p>U\u017el\u016b\u017eusi\u0173 pakaitinimo \u017evaki\u0173 galiuk\u0173 i\u0161traukimo komplektas<\/p>","protected":false},"featured_media":429551,"comment_status":"open","ping_status":"closed","template":"","meta":[],"product_cat":[9699],"product_tag":[10104],"class_list":{"0":"post-429549","1":"product","2":"type-product","3":"status-publish","4":"has-post-thumbnail","6":"product_brand-kraftdele","7":"product_cat-uzluzusiu-zvakiu-remontui","8":"product_tag-kraftdele","10":"first","11":"instock","12":"purchasable","13":"product-type-simple"},"jetpack_sharing_enabled":true,"_links":{"self":[{"href":"https:\/\/irankiuzona.lt\/ru\/wp-json\/wp\/v2\/product\/429549","targetHints":{"allow":["GET"]}}],"collection":[{"href":"https:\/\/irankiuzona.lt\/ru\/wp-json\/wp\/v2\/product"}],"about":[{"href":"https:\/\/irankiuzona.lt\/ru\/wp-json\/wp\/v2\/types\/product"}],"replies":[{"embeddable":true,"href":"https:\/\/irankiuzona.lt\/ru\/wp-json\/wp\/v2\/comments?post=429549"}],"version-history":[{"count":2,"href":"https:\/\/irankiuzona.lt\/ru\/wp-json\/wp\/v2\/product\/429549\/revisions"}],"predecessor-version":[{"id":429699,"href":"https:\/\/irankiuzona.lt\/ru\/wp-json\/wp\/v2\/product\/429549\/revisions\/429699"}],"wp:featuredmedia":[{"embeddable":true,"href":"https:\/\/irankiuzona.lt\/ru\/wp-json\/wp\/v2\/media\/429551"}],"wp:attachment":[{"href":"https:\/\/irankiuzona.lt\/ru\/wp-json\/wp\/v2\/media?parent=429549"}],"wp:term":[{"taxonomy":"product_cat","embeddable":true,"href":"https:\/\/irankiuzona.lt\/ru\/wp-json\/wp\/v2\/product_cat?post=429549"},{"taxonomy":"product_tag","embeddable":true,"href":"https:\/\/irankiuzona.lt\/ru\/wp-json\/wp\/v2\/product_tag?post=429549"}],"curies":[{"name":"wp","href":"https:\/\/api.w.org\/{rel}","templated":true}]}}