{"id":429552,"date":"2026-01-31T12:29:07","date_gmt":"2026-01-31T12:29:07","guid":{"rendered":"https:\/\/irankiuzona.lt\/product\/padangu-remonto-ratukai-6mm-grybukai-10vnt\/"},"modified":"2026-04-14T20:54:56","modified_gmt":"2026-04-14T20:54:56","slug":"padangu-remonto-ratukai-6mm-grybukai-10vnt","status":"publish","type":"product","link":"https:\/\/irankiuzona.lt\/ru\/product\/padangu-remonto-ratukai-6mm-grybukai-10vnt\/","title":{"rendered":"Padang\u0173 remonto ratukai 6mm (&#8221;grybukai&#8221;) 10vnt."},"content":{"rendered":"<p>\u2699\ufe0f Smeigtuko skersmuo: 6 mm<br \/>\n\u2699\ufe0f Lopo skersmuo: 45 mm<br \/>\n\u2699\ufe0f Tipas: Kam\u0161tis su lopeliu (grybo formos)<br \/>\n\u2699\ufe0f Kamerin\u0117ms, bekamer\u0117ms, radialin\u0117ms ir \u012fstri\u017ein\u0117ms padangoms<br \/>\n\u2699\ufe0f Klijavimo b\u016bdas: \u0160altas<br \/>\n\u2699\ufe0f Ratlankis apsaugo lopel\u012f nuo susisukimo<br \/>\n\u2699\ufe0f Kiekis pakuot\u0117je: 10 vnt.<\/p>","protected":false},"excerpt":{"rendered":"<p>Padang\u0173 remonto kai\u0161\u010diai su lopais 6 mm, 10 vnt.<\/p>","protected":false},"featured_media":429554,"comment_status":"open","ping_status":"closed","template":"","meta":[],"product_cat":[9843],"product_tag":[10104],"class_list":{"0":"post-429552","1":"product","2":"type-product","3":"status-publish","4":"has-post-thumbnail","6":"product_brand-kraftdele","7":"product_cat-lopai-padangoms-kaisciai-virves","8":"product_tag-kraftdele","10":"first","11":"instock","12":"purchasable","13":"product-type-simple"},"jetpack_sharing_enabled":true,"_links":{"self":[{"href":"https:\/\/irankiuzona.lt\/ru\/wp-json\/wp\/v2\/product\/429552","targetHints":{"allow":["GET"]}}],"collection":[{"href":"https:\/\/irankiuzona.lt\/ru\/wp-json\/wp\/v2\/product"}],"about":[{"href":"https:\/\/irankiuzona.lt\/ru\/wp-json\/wp\/v2\/types\/product"}],"replies":[{"embeddable":true,"href":"https:\/\/irankiuzona.lt\/ru\/wp-json\/wp\/v2\/comments?post=429552"}],"version-history":[{"count":2,"href":"https:\/\/irankiuzona.lt\/ru\/wp-json\/wp\/v2\/product\/429552\/revisions"}],"predecessor-version":[{"id":429698,"href":"https:\/\/irankiuzona.lt\/ru\/wp-json\/wp\/v2\/product\/429552\/revisions\/429698"}],"wp:featuredmedia":[{"embeddable":true,"href":"https:\/\/irankiuzona.lt\/ru\/wp-json\/wp\/v2\/media\/429554"}],"wp:attachment":[{"href":"https:\/\/irankiuzona.lt\/ru\/wp-json\/wp\/v2\/media?parent=429552"}],"wp:term":[{"taxonomy":"product_cat","embeddable":true,"href":"https:\/\/irankiuzona.lt\/ru\/wp-json\/wp\/v2\/product_cat?post=429552"},{"taxonomy":"product_tag","embeddable":true,"href":"https:\/\/irankiuzona.lt\/ru\/wp-json\/wp\/v2\/product_tag?post=429552"}],"curies":[{"name":"wp","href":"https:\/\/api.w.org\/{rel}","templated":true}]}}