{"id":429555,"date":"2026-01-31T12:29:12","date_gmt":"2026-01-31T12:29:12","guid":{"rendered":"https:\/\/irankiuzona.lt\/product\/hidroforas-24l\/"},"modified":"2026-04-16T08:51:40","modified_gmt":"2026-04-16T08:51:40","slug":"hidroforas-24l","status":"publish","type":"product","link":"https:\/\/irankiuzona.lt\/ru\/product\/hidroforas-24l\/","title":{"rendered":"Hidroforas 24L"},"content":{"rendered":"<p>Hidroforas yra galingas \u012frenginys, skirtas vandens pumpavimui nam\u0173 \u016bkiuose, soduose ir pramoniniuose objektuose. 1200 W galios ir 3600 l\/h na\u0161umo d\u0117ka jis u\u017etikrina stabil\u0173 ir greit\u0105 vandens sraut\u0105 net esant maksimaliam 50 m sl\u0117giui. KD5230 modelis gali siurbti vanden\u012f i\u0161 iki 8 m gylio, tod\u0117l j\u012f galima naudoti su vandeniu i\u0161 \u0161ulini\u0173 ar kit\u0173 \u0161altini\u0173. Maksimali 40 \u00b0C vandens temperat\u016bra u\u017etikrina saugum\u0105 ir ilgalaik\u012f veikim\u0105.<br \/>\nPRODUKTO SAVYB\u0116S:<br \/>\n \u2705 Na\u0161umas 3600 l\/h \u2013 greitas vandens srautas<br \/>\n \u2705 Galia 1200 W \u2013 stabilus veikimas<br \/>\n \u2705 Maksimalus pak\u0117limas iki 50 m<br \/>\n \u2705 Siurbimo na\u0161umas iki 8 m<br \/>\n\u2705 Maksimali vandens temperat\u016bra 40\u00b0C<br \/>\n \u2705 Kompakti\u0161kas ir patvarus dizainas <\/p>\n<p>TECHNINIAI DUOMENYS:<br \/>\n \u2699\ufe0f Modelis KD5230<br \/>\n\u2699\ufe0f \u012erenginio tipas Elektrinis vandens siurblys<br \/>\n\u2699\ufe0f Galia 1200 W<br \/>\n\u2699\ufe0f Maitinimo \u0161altinis 230 V \/ 50 Hz<br \/>\n\u2699\ufe0f Na\u0161umas 3600 l\/h<br \/>\n\u2699\ufe0f Maksimalus pak\u0117limas 50 m<br \/>\n\u2699\ufe0f Siurbimo na\u0161umas 8 m<br \/>\n\u2699\ufe0f Bako talpa 24 L<br \/>\n\u2699\ufe0f Maksimali vandens temperat\u016bra 40\u00b0C<br \/>\n\u2699\ufe0f Maksimali aplinkos temperat\u016bra 40\u00b0C<br \/>\n\u2699\ufe0f Darbinis sl\u0117gis 5 bar<\/p>","protected":false},"excerpt":{"rendered":"<p>HYDROFOR 1200W 3600L\/H 24L bakas<\/p>","protected":false},"featured_media":429557,"comment_status":"open","ping_status":"open","template":"","meta":[],"product_cat":[9937],"product_tag":[10104],"class_list":{"0":"post-429555","1":"product","2":"type-product","3":"status-publish","4":"has-post-thumbnail","6":"product_brand-kraftdele","7":"product_cat-hidraulines-pompos","8":"product_tag-kraftdele","10":"first","11":"instock","12":"purchasable","13":"product-type-simple"},"jetpack_sharing_enabled":true,"_links":{"self":[{"href":"https:\/\/irankiuzona.lt\/ru\/wp-json\/wp\/v2\/product\/429555","targetHints":{"allow":["GET"]}}],"collection":[{"href":"https:\/\/irankiuzona.lt\/ru\/wp-json\/wp\/v2\/product"}],"about":[{"href":"https:\/\/irankiuzona.lt\/ru\/wp-json\/wp\/v2\/types\/product"}],"replies":[{"embeddable":true,"href":"https:\/\/irankiuzona.lt\/ru\/wp-json\/wp\/v2\/comments?post=429555"}],"version-history":[{"count":1,"href":"https:\/\/irankiuzona.lt\/ru\/wp-json\/wp\/v2\/product\/429555\/revisions"}],"predecessor-version":[{"id":429556,"href":"https:\/\/irankiuzona.lt\/ru\/wp-json\/wp\/v2\/product\/429555\/revisions\/429556"}],"wp:featuredmedia":[{"embeddable":true,"href":"https:\/\/irankiuzona.lt\/ru\/wp-json\/wp\/v2\/media\/429557"}],"wp:attachment":[{"href":"https:\/\/irankiuzona.lt\/ru\/wp-json\/wp\/v2\/media?parent=429555"}],"wp:term":[{"taxonomy":"product_cat","embeddable":true,"href":"https:\/\/irankiuzona.lt\/ru\/wp-json\/wp\/v2\/product_cat?post=429555"},{"taxonomy":"product_tag","embeddable":true,"href":"https:\/\/irankiuzona.lt\/ru\/wp-json\/wp\/v2\/product_tag?post=429555"}],"curies":[{"name":"wp","href":"https:\/\/api.w.org\/{rel}","templated":true}]}}