{"id":429558,"date":"2026-01-31T12:29:17","date_gmt":"2026-01-31T12:29:17","guid":{"rendered":"https:\/\/irankiuzona.lt\/product\/antgaliai-ilgi-1-4-75mm-su-laikikliu-50vnt\/"},"modified":"2026-04-15T06:35:43","modified_gmt":"2026-04-15T06:35:43","slug":"antgaliai-ilgi-1-4-75mm-su-laikikliu-50vnt","status":"publish","type":"product","link":"https:\/\/irankiuzona.lt\/ru\/product\/antgaliai-ilgi-1-4-75mm-su-laikikliu-50vnt\/","title":{"rendered":"Antgaliai ilgi 1\/4 75mm  su laikikliu *50vnt."},"content":{"rendered":"<p>PRODUKTO SUD\u0116TIS:<br \/>\n\u2705 Torx antgaliai: T8, T10, T15, T20, T25, T27, T30, T35, T40<br \/>\n\u2705 Torx antgaliai su skylute: T10, T15, T20, T25, T30<br \/>\n \u2705 Sankabos antgaliai: 1, 2, 3<br \/>\n\u2705 Torq-set antgaliai: 6, 8, 10<br \/>\n\u2705 Spline antgaliai: M5, M6, M8<br \/>\n\u2705 Trij\u0173 sparn\u0173 antgaliai: 1, 2, 3, 4<br \/>\n \u2705 Kvadratiniai antgaliai: 1, 2<br \/>\n \u2705 Dvigubo kai\u0161\u010dio antgaliai: 4, 6, 8, 10 mm<br \/>\n\u2705 Plok\u0161\u010diieji antgaliai: 4, 5, 6 mm<br \/>\n\u2705 Phillips antgaliai: PH1, PH2<br \/>\n\u2705 Pozidriv antgaliai: PZ1, PZ2<br \/>\n\u2705 \u0160e\u0161iakampiai antgaliai su skylute: 2, 2,5, 3, 4, 5, 6 mm<br \/>\n \u2705 \u0160e\u0161iakampiai antgaliai: 4, 5, 6 mm<br \/>\n\u2705 Magnetinis laikiklis<\/p>","protected":false},"excerpt":{"rendered":"<p>Ilg\u0173 sm\u016bgini\u0173 antgali\u0173 rinkinys 75 mm atsuktuvui + 50 dali\u0173 laikiklis.<\/p>","protected":false},"featured_media":429560,"comment_status":"open","ping_status":"open","template":"","meta":[],"product_cat":[9502],"product_tag":[10104],"class_list":{"0":"post-429558","1":"product","2":"type-product","3":"status-publish","4":"has-post-thumbnail","6":"product_brand-kraftdele","7":"product_cat-antgaliu-komplektai","8":"product_tag-kraftdele","10":"first","11":"instock","12":"purchasable","13":"product-type-simple"},"jetpack_sharing_enabled":true,"_links":{"self":[{"href":"https:\/\/irankiuzona.lt\/ru\/wp-json\/wp\/v2\/product\/429558","targetHints":{"allow":["GET"]}}],"collection":[{"href":"https:\/\/irankiuzona.lt\/ru\/wp-json\/wp\/v2\/product"}],"about":[{"href":"https:\/\/irankiuzona.lt\/ru\/wp-json\/wp\/v2\/types\/product"}],"replies":[{"embeddable":true,"href":"https:\/\/irankiuzona.lt\/ru\/wp-json\/wp\/v2\/comments?post=429558"}],"version-history":[{"count":1,"href":"https:\/\/irankiuzona.lt\/ru\/wp-json\/wp\/v2\/product\/429558\/revisions"}],"predecessor-version":[{"id":429559,"href":"https:\/\/irankiuzona.lt\/ru\/wp-json\/wp\/v2\/product\/429558\/revisions\/429559"}],"wp:featuredmedia":[{"embeddable":true,"href":"https:\/\/irankiuzona.lt\/ru\/wp-json\/wp\/v2\/media\/429560"}],"wp:attachment":[{"href":"https:\/\/irankiuzona.lt\/ru\/wp-json\/wp\/v2\/media?parent=429558"}],"wp:term":[{"taxonomy":"product_cat","embeddable":true,"href":"https:\/\/irankiuzona.lt\/ru\/wp-json\/wp\/v2\/product_cat?post=429558"},{"taxonomy":"product_tag","embeddable":true,"href":"https:\/\/irankiuzona.lt\/ru\/wp-json\/wp\/v2\/product_tag?post=429558"}],"curies":[{"name":"wp","href":"https:\/\/api.w.org\/{rel}","templated":true}]}}