{"id":429570,"date":"2026-01-31T12:29:36","date_gmt":"2026-01-31T12:29:36","guid":{"rendered":"https:\/\/irankiuzona.lt\/product\/dumu-generatorius-12v-18-l-min-30ml\/"},"modified":"2026-05-06T22:06:56","modified_gmt":"2026-05-06T22:06:56","slug":"dumu-generatorius-12v-18-l-min-30ml","status":"publish","type":"product","link":"https:\/\/irankiuzona.lt\/ru\/product\/dumu-generatorius-12v-18-l-min-30ml\/","title":{"rendered":"D\u016bm\u0173 generatorius 12V 18 l\/min 30ml"},"content":{"rendered":"<p>PRODUKTO SAVYB\u0116S<br \/>\n\u2705 Profesionalus prietaisas nuot\u0117kiams EVAP, \u012fsiurbimo, i\u0161metimo ir degal\u0173 sistemose aptikti \u2705 \u012emontuotas oro siurblys \u2013 nereikia i\u0161orinio kompresoriaus<br \/>\n\u2705 Didelis efektyvumas \u2013 d\u016bm\u0173 srautas iki 18 l\/min<br \/>\n\u2705 Maitinamas tiesiogiai i\u0161 12 V transporto priemon\u0117s elektros sistemos<br \/>\n\u2705 Paprasta naudoti ir greita diagnostika<br \/>\n\u2705 Tvirta konstrukcija ir kompakti\u0161kas dydis<br \/>\n\u2705 Tinka naudoti automobiliuose, motocikluose ir kitose vamzdyn\u0173 sistemose<br \/>\nTECHNINIAI DUOMENYS<br \/>\n\u2699 Modelis KD3522<br \/>\n\u2699 Maitinimo \u012ftampa DC 12 V (automobilio maitinimas)<br \/>\n\u2699 I\u0161\u0117jimo sl\u0117gis 18\u201323 BAR<br \/>\n\u2699 I\u0161\u0117jimo srautas 18 l\/min<br \/>\n\u2699 \u012emontuotas oro siurblys<br \/>\n\u2699 Alyvos bako talpa 30 ml<br \/>\n\u2699 \u012erenginio matmenys 210 \u00d7 136 \u00d7 190 mm<\/p>","protected":false},"excerpt":{"rendered":"<p>D\u016bm\u0173 generatorius 12 V sistem\u0173 sandarumo patikrinimui 18 l\/min 30 ml<\/p>","protected":false},"featured_media":429572,"comment_status":"open","ping_status":"closed","template":"","meta":[],"product_cat":[9563],"product_tag":[10104],"class_list":{"0":"post-429570","1":"product","2":"type-product","3":"status-publish","4":"has-post-thumbnail","6":"product_brand-kraftdele","7":"product_cat-irankiai-ausinimo-sistemai","8":"product_tag-kraftdele","10":"first","11":"outofstock","12":"purchasable","13":"product-type-simple"},"jetpack_sharing_enabled":true,"_links":{"self":[{"href":"https:\/\/irankiuzona.lt\/ru\/wp-json\/wp\/v2\/product\/429570","targetHints":{"allow":["GET"]}}],"collection":[{"href":"https:\/\/irankiuzona.lt\/ru\/wp-json\/wp\/v2\/product"}],"about":[{"href":"https:\/\/irankiuzona.lt\/ru\/wp-json\/wp\/v2\/types\/product"}],"replies":[{"embeddable":true,"href":"https:\/\/irankiuzona.lt\/ru\/wp-json\/wp\/v2\/comments?post=429570"}],"version-history":[{"count":2,"href":"https:\/\/irankiuzona.lt\/ru\/wp-json\/wp\/v2\/product\/429570\/revisions"}],"predecessor-version":[{"id":429696,"href":"https:\/\/irankiuzona.lt\/ru\/wp-json\/wp\/v2\/product\/429570\/revisions\/429696"}],"wp:featuredmedia":[{"embeddable":true,"href":"https:\/\/irankiuzona.lt\/ru\/wp-json\/wp\/v2\/media\/429572"}],"wp:attachment":[{"href":"https:\/\/irankiuzona.lt\/ru\/wp-json\/wp\/v2\/media?parent=429570"}],"wp:term":[{"taxonomy":"product_cat","embeddable":true,"href":"https:\/\/irankiuzona.lt\/ru\/wp-json\/wp\/v2\/product_cat?post=429570"},{"taxonomy":"product_tag","embeddable":true,"href":"https:\/\/irankiuzona.lt\/ru\/wp-json\/wp\/v2\/product_tag?post=429570"}],"curies":[{"name":"wp","href":"https:\/\/api.w.org\/{rel}","templated":true}]}}