{"id":429576,"date":"2026-01-31T12:29:57","date_gmt":"2026-01-31T12:29:57","guid":{"rendered":"https:\/\/irankiuzona.lt\/product\/sildytuvas-elektrinis-3500w\/"},"modified":"2026-04-12T07:41:09","modified_gmt":"2026-04-12T07:41:09","slug":"sildytuvas-elektrinis-3500w","status":"publish","type":"product","link":"https:\/\/irankiuzona.lt\/ru\/product\/sildytuvas-elektrinis-3500w\/","title":{"rendered":"\u0160ildytuvas elektrinis 3500W"},"content":{"rendered":"<p>PRODUKTO SAVYB\u0116S:<br \/>\n\u2705 Didel\u0117 \u0161ildymo galia \u2013 3500 W \u2013 greitas kambario \u0161ildymas<br \/>\n\u2705 Galios valdymas: 30 \/ 1750 \/ 3500 W \u2013 galima reguliuoti pagal j\u016bs\u0173 poreikius<br \/>\n\u2705 \u012emontuotas termostatas \u2013 automatinis temperat\u016bros valdymas<br \/>\n\u2705 Kairysis ranken\u0117l\u0117: \u0161ildymo re\u017eimo parinkiklis<br \/>\n\u2705 De\u0161inysis ranken\u0117l\u0117: termostato (\u0161ildymo galios) reguliavimas<br \/>\n\u2705 Ventiliatorius veikia net ir i\u0161jungus \u0161ildytuv\u0105 \u2013 vidinis au\u0161inimas<br \/>\n\u2705 Savaime atsistatantis \u0161iluminis i\u0161jungiklis \u2013 apsauga nuo perkaitimo<br \/>\n\u2705 Ner\u016bdijan\u010dio plieno kaitinimo elementas \u2013 ilgaam\u017ei\u0161kumas ir atsparumas korozijai<br \/>\n\u2705 Plieninis korpusas, padengtas kar\u0161\u010diui atspariais da\u017eais<br \/>\n\u2705 Stabili konstrukcija ir patogi ne\u0161iojimo rankena<br \/>\nTECHNINIAI DUOMENYS:<br \/>\n\u2699\ufe0f Modelis KD11991<br \/>\n\u2699\ufe0f \u012etampa 220\u2013240 V<br \/>\n\u2699\ufe0f Nominali galia 3500 W<br \/>\n\u2699\ufe0f Srov\u0117 13,04 A<br \/>\n\u2699\ufe0f Reikalingas saugiklis 16 A<br \/>\n\u2699\ufe0f Galios valdymas 30 \/ 1750 \/ 3500 W<br \/>\n\u2699\ufe0f \u0160ildytuvo matmenys 151 \u00d7 168 \u00d7 212 mm<br \/>\n\u2699\ufe0f Grynasis svoris 1,6 kg<\/p>","protected":false},"excerpt":{"rendered":"<p>3500 W elektrinis \u0161ildytuvas<\/p>","protected":false},"featured_media":429578,"comment_status":"open","ping_status":"closed","template":"","meta":[],"product_cat":[10073],"product_tag":[10104],"class_list":{"0":"post-429576","1":"product","2":"type-product","3":"status-publish","4":"has-post-thumbnail","6":"product_brand-kraftdele","7":"product_cat-patalpu-sildytuvai-elektriniai-dyzeliniai","8":"product_tag-kraftdele","10":"first","11":"outofstock","12":"purchasable","13":"product-type-simple"},"jetpack_sharing_enabled":true,"_links":{"self":[{"href":"https:\/\/irankiuzona.lt\/ru\/wp-json\/wp\/v2\/product\/429576","targetHints":{"allow":["GET"]}}],"collection":[{"href":"https:\/\/irankiuzona.lt\/ru\/wp-json\/wp\/v2\/product"}],"about":[{"href":"https:\/\/irankiuzona.lt\/ru\/wp-json\/wp\/v2\/types\/product"}],"replies":[{"embeddable":true,"href":"https:\/\/irankiuzona.lt\/ru\/wp-json\/wp\/v2\/comments?post=429576"}],"version-history":[{"count":2,"href":"https:\/\/irankiuzona.lt\/ru\/wp-json\/wp\/v2\/product\/429576\/revisions"}],"predecessor-version":[{"id":429695,"href":"https:\/\/irankiuzona.lt\/ru\/wp-json\/wp\/v2\/product\/429576\/revisions\/429695"}],"wp:featuredmedia":[{"embeddable":true,"href":"https:\/\/irankiuzona.lt\/ru\/wp-json\/wp\/v2\/media\/429578"}],"wp:attachment":[{"href":"https:\/\/irankiuzona.lt\/ru\/wp-json\/wp\/v2\/media?parent=429576"}],"wp:term":[{"taxonomy":"product_cat","embeddable":true,"href":"https:\/\/irankiuzona.lt\/ru\/wp-json\/wp\/v2\/product_cat?post=429576"},{"taxonomy":"product_tag","embeddable":true,"href":"https:\/\/irankiuzona.lt\/ru\/wp-json\/wp\/v2\/product_tag?post=429576"}],"curies":[{"name":"wp","href":"https:\/\/api.w.org\/{rel}","templated":true}]}}