{"id":429579,"date":"2026-01-31T12:30:13","date_gmt":"2026-01-31T12:30:13","guid":{"rendered":"https:\/\/irankiuzona.lt\/product\/hidroforas-50l\/"},"modified":"2026-04-12T04:39:45","modified_gmt":"2026-04-12T04:39:45","slug":"hidroforas-50l","status":"publish","type":"product","link":"https:\/\/irankiuzona.lt\/ru\/product\/hidroforas-50l\/","title":{"rendered":"Hidroforas 50L"},"content":{"rendered":"<p>Hidroforas yra galingas \u012frenginys, skirtas vandens pumpavimui nam\u0173 \u016bkiuose, soduose ir pramoniniuose objektuose. 1300 W galios ir 6000 l\/h na\u0161umo d\u0117ka jis u\u017etikrina stabil\u0173 ir greit\u0105 vandens sraut\u0105 net esant maksimaliam iki 55 m sl\u0117giui. KD5233 modelis gali siurbti vanden\u012f i\u0161 iki 8 m gylio, tod\u0117l j\u012f galima naudoti su vandeniu i\u0161 \u0161ulini\u0173 ar kit\u0173 \u0161altini\u0173. Maksimali 40 \u00b0C vandens temperat\u016bra u\u017etikrina saugum\u0105 ir ilgalaik\u012f veikim\u0105.<br \/>\nPRODUKTO SAVYB\u0116S:<br \/>\n \u2705 Didelis na\u0161umas 6000 l\/h \u2013 greitas vandens srautas<br \/>\n \u2705 Galia 1300 W \u2013 stabilus ir patikimas veikimas<br \/>\n \u2705 Maksimalus sl\u0117gis iki 55 m<br \/>\n\u2705 Vandens siurbimo galia iki 8 m<br \/>\n \u2705 Maksimali vandens temperat\u016bra 40 \u00b0C<br \/>\n\u2705 Tvirta ir patvari konstrukcija <\/p>\n<p>\u2699\ufe0f TECHNINIAI DUOMENYS:<br \/>\n\u2699\ufe0f Modelis KD5233<br \/>\n\u2699\ufe0f \u012erenginio tipas: Elektrinis hidroforas<br \/>\n\u2699\ufe0f Galia 1300 W<br \/>\n\u2699\ufe0f Maitinimo \u0161altinis 230 V \/ 50 Hz<br \/>\n\u2699\ufe0f Na\u0161umas 6000 l\/h<br \/>\n\u2699\ufe0f Maksimalus sl\u0117gis 55 m<br \/>\n\u2699\ufe0f Siurbimo galia 8 m<br \/>\n\u2699\ufe0f Bako talpa 50 L<br \/>\n\u2699\ufe0f Maksimali vandens temperat\u016bra: 40 \u00b0C<br \/>\n \u2699\ufe0f Maksimali aplinkos temperat\u016bra: 40 \u00b0C<br \/>\n\u2699\ufe0f Darbinis sl\u0117gis: 5,5 baro<\/p>","protected":false},"excerpt":{"rendered":"<p>HYDROFOR 1300W 6000L\/H bakas 50L<\/p>","protected":false},"featured_media":429581,"comment_status":"open","ping_status":"open","template":"","meta":[],"product_cat":[9937],"product_tag":[10104],"class_list":{"0":"post-429579","1":"product","2":"type-product","3":"status-publish","4":"has-post-thumbnail","6":"product_brand-kraftdele","7":"product_cat-hidraulines-pompos","8":"product_tag-kraftdele","10":"first","11":"outofstock","12":"purchasable","13":"product-type-simple"},"jetpack_sharing_enabled":true,"_links":{"self":[{"href":"https:\/\/irankiuzona.lt\/ru\/wp-json\/wp\/v2\/product\/429579","targetHints":{"allow":["GET"]}}],"collection":[{"href":"https:\/\/irankiuzona.lt\/ru\/wp-json\/wp\/v2\/product"}],"about":[{"href":"https:\/\/irankiuzona.lt\/ru\/wp-json\/wp\/v2\/types\/product"}],"replies":[{"embeddable":true,"href":"https:\/\/irankiuzona.lt\/ru\/wp-json\/wp\/v2\/comments?post=429579"}],"version-history":[{"count":1,"href":"https:\/\/irankiuzona.lt\/ru\/wp-json\/wp\/v2\/product\/429579\/revisions"}],"predecessor-version":[{"id":429580,"href":"https:\/\/irankiuzona.lt\/ru\/wp-json\/wp\/v2\/product\/429579\/revisions\/429580"}],"wp:featuredmedia":[{"embeddable":true,"href":"https:\/\/irankiuzona.lt\/ru\/wp-json\/wp\/v2\/media\/429581"}],"wp:attachment":[{"href":"https:\/\/irankiuzona.lt\/ru\/wp-json\/wp\/v2\/media?parent=429579"}],"wp:term":[{"taxonomy":"product_cat","embeddable":true,"href":"https:\/\/irankiuzona.lt\/ru\/wp-json\/wp\/v2\/product_cat?post=429579"},{"taxonomy":"product_tag","embeddable":true,"href":"https:\/\/irankiuzona.lt\/ru\/wp-json\/wp\/v2\/product_tag?post=429579"}],"curies":[{"name":"wp","href":"https:\/\/api.w.org\/{rel}","templated":true}]}}