{"id":429582,"date":"2026-01-31T12:30:19","date_gmt":"2026-01-31T12:30:19","guid":{"rendered":"https:\/\/irankiuzona.lt\/product\/valcavimo-hidraulinis-irankis\/"},"modified":"2026-04-14T13:51:15","modified_gmt":"2026-04-14T13:51:15","slug":"valcavimo-hidraulinis-irankis","status":"publish","type":"product","link":"https:\/\/irankiuzona.lt\/ru\/product\/valcavimo-hidraulinis-irankis\/","title":{"rendered":"Valcavimo hidraulinis \u012frankis"},"content":{"rendered":"<p>Technin\u0117s specifikacijos<br \/>\n\u2699\ufe0f Paskirtis: Stabd\u017ei\u0173 ir oro kondicionavimo \u017earnos<br \/>\n\u2699\ufe0f Katalogo numeris: KD12525<br \/>\n\u2699\ufe0f Tipas: Rankinis hidraulinis presas<br \/>\n\u2699\ufe0f Palaikomi \u017earn\u0173 skersmenys: Tipiniai stabd\u017ei\u0173 ir oro kondicionavimo sistemoms<br \/>\n\u2699\ufe0f Didel\u0117 prispaudimo j\u0117ga ir \u012frankio patvarumas<br \/>\n\u2699\ufe0f Pagaminta i\u0161 patvari\u0173, atspari\u0173 korozijai med\u017eiag\u0173<\/p>","protected":false},"excerpt":{"rendered":"<p>Hidraulinis stabd\u017ei\u0173 \u017earnos presas<\/p>","protected":false},"featured_media":429584,"comment_status":"open","ping_status":"closed","template":"","meta":[],"product_cat":[9567],"product_tag":[10104],"class_list":{"0":"post-429582","1":"product","2":"type-product","3":"status-publish","4":"has-post-thumbnail","6":"product_brand-kraftdele","7":"product_cat-vamzdeliu-valcavimui","8":"product_tag-kraftdele","10":"first","11":"instock","12":"purchasable","13":"product-type-simple"},"jetpack_sharing_enabled":true,"_links":{"self":[{"href":"https:\/\/irankiuzona.lt\/ru\/wp-json\/wp\/v2\/product\/429582","targetHints":{"allow":["GET"]}}],"collection":[{"href":"https:\/\/irankiuzona.lt\/ru\/wp-json\/wp\/v2\/product"}],"about":[{"href":"https:\/\/irankiuzona.lt\/ru\/wp-json\/wp\/v2\/types\/product"}],"replies":[{"embeddable":true,"href":"https:\/\/irankiuzona.lt\/ru\/wp-json\/wp\/v2\/comments?post=429582"}],"version-history":[{"count":2,"href":"https:\/\/irankiuzona.lt\/ru\/wp-json\/wp\/v2\/product\/429582\/revisions"}],"predecessor-version":[{"id":429694,"href":"https:\/\/irankiuzona.lt\/ru\/wp-json\/wp\/v2\/product\/429582\/revisions\/429694"}],"wp:featuredmedia":[{"embeddable":true,"href":"https:\/\/irankiuzona.lt\/ru\/wp-json\/wp\/v2\/media\/429584"}],"wp:attachment":[{"href":"https:\/\/irankiuzona.lt\/ru\/wp-json\/wp\/v2\/media?parent=429582"}],"wp:term":[{"taxonomy":"product_cat","embeddable":true,"href":"https:\/\/irankiuzona.lt\/ru\/wp-json\/wp\/v2\/product_cat?post=429582"},{"taxonomy":"product_tag","embeddable":true,"href":"https:\/\/irankiuzona.lt\/ru\/wp-json\/wp\/v2\/product_tag?post=429582"}],"curies":[{"name":"wp","href":"https:\/\/api.w.org\/{rel}","templated":true}]}}