{"id":429663,"date":"2026-01-31T12:32:36","date_gmt":"2026-01-31T12:32:36","guid":{"rendered":"https:\/\/irankiuzona.lt\/product\/honingavimo-irankiai-7vnt-20-177mm\/"},"modified":"2026-04-16T14:57:28","modified_gmt":"2026-04-16T14:57:28","slug":"honingavimo-irankiai-7vnt-20-177mm","status":"publish","type":"product","link":"https:\/\/irankiuzona.lt\/ru\/product\/honingavimo-irankiai-7vnt-20-177mm\/","title":{"rendered":"Honingavimo \u012frankiai 7vnt. (20-177mm)"},"content":{"rendered":"<p>Cilindro skersmuo 20-50, 25-70, 32-89, 51-177 mm<br \/>\nGalano dydis 28&#215;5, 50&#215;7, 76&#215;10, 100&#215;11 mm<br \/>\nGalano med\u017eiaga silicio karbidas Galano kiekis 14 Gr\u016bd\u0117tumas P220<br \/>\n Lankstus taip Vnt. 7 Komplekte yra trij\u0173 svir\u010di\u0173 galandimo \u012ftaisas su akmenimis x3: 28&#215;5 mm P220, 50&#215;7 mm P220, 76&#215;10 mm P220, dviej\u0173 svir\u010di\u0173 galandimo \u012ftaisas su akmenimis 28&#215;5 mm P220, pakaitinis akmuo x3 100&#215;10 mm P220 Taikymas cilindrams<\/p>","protected":false},"excerpt":{"rendered":"<p>Rinkinys cilindr\u0173 honingavimui | 20-50 | 25-70 | 32-89 | 51-177 mm | 7 vnt.<\/p>","protected":false},"featured_media":429665,"comment_status":"open","ping_status":"open","template":"","meta":[],"product_cat":[9555],"product_tag":[9483],"class_list":{"0":"post-429663","1":"product","2":"type-product","3":"status-publish","4":"has-post-thumbnail","6":"product_brand-yato-lenkija","7":"product_cat-irankiai-honingavimui-slifavimui","8":"product_tag-yato-lenkija","10":"first","11":"instock","12":"purchasable","13":"product-type-simple"},"jetpack_sharing_enabled":true,"_links":{"self":[{"href":"https:\/\/irankiuzona.lt\/ru\/wp-json\/wp\/v2\/product\/429663","targetHints":{"allow":["GET"]}}],"collection":[{"href":"https:\/\/irankiuzona.lt\/ru\/wp-json\/wp\/v2\/product"}],"about":[{"href":"https:\/\/irankiuzona.lt\/ru\/wp-json\/wp\/v2\/types\/product"}],"replies":[{"embeddable":true,"href":"https:\/\/irankiuzona.lt\/ru\/wp-json\/wp\/v2\/comments?post=429663"}],"version-history":[{"count":1,"href":"https:\/\/irankiuzona.lt\/ru\/wp-json\/wp\/v2\/product\/429663\/revisions"}],"predecessor-version":[{"id":429664,"href":"https:\/\/irankiuzona.lt\/ru\/wp-json\/wp\/v2\/product\/429663\/revisions\/429664"}],"wp:featuredmedia":[{"embeddable":true,"href":"https:\/\/irankiuzona.lt\/ru\/wp-json\/wp\/v2\/media\/429665"}],"wp:attachment":[{"href":"https:\/\/irankiuzona.lt\/ru\/wp-json\/wp\/v2\/media?parent=429663"}],"wp:term":[{"taxonomy":"product_cat","embeddable":true,"href":"https:\/\/irankiuzona.lt\/ru\/wp-json\/wp\/v2\/product_cat?post=429663"},{"taxonomy":"product_tag","embeddable":true,"href":"https:\/\/irankiuzona.lt\/ru\/wp-json\/wp\/v2\/product_tag?post=429663"}],"curies":[{"name":"wp","href":"https:\/\/api.w.org\/{rel}","templated":true}]}}