{"id":429669,"date":"2026-01-31T12:32:46","date_gmt":"2026-01-31T12:32:46","guid":{"rendered":"https:\/\/irankiuzona.lt\/product\/karbiuratoriaus-valiklis-400ml-mannol\/"},"modified":"2026-04-15T02:40:02","modified_gmt":"2026-04-15T02:40:02","slug":"karbiuratoriaus-valiklis-400ml-mannol","status":"publish","type":"product","link":"https:\/\/irankiuzona.lt\/ru\/product\/karbiuratoriaus-valiklis-400ml-mannol\/","title":{"rendered":"Karbiuratoriaus valiklis 400ml MANNOL"},"content":{"rendered":"<p>Ypa\u010d efektyvus ne\u0161varum\u0173, derv\u0173 valiklisSkirtas i\u0161valyti karbiuratoriaus sudedamasias dalisEfektyviai nuriebalina ir i\u0161d\u017eiovina nepalikdamas purvoTirpdo ir i\u0161garina bet kokias derv\u0173 ir tepal\u0173 sankaupasSvarbu: nepurk\u0161ti ant plastik\u0173, kurie yra neatspar\u016bs tirpikliams &#8211; gali pa\u017eeisti plastikin\u012f pavir\u0161i\u0173<\/p>","protected":false},"excerpt":{"rendered":"<p>Karbiuratoriaus valiklis MANNOL 400ml<\/p>","protected":false},"featured_media":429671,"comment_status":"open","ping_status":"closed","template":"","meta":[],"product_cat":[9824],"product_tag":[],"class_list":{"0":"post-429669","1":"product","2":"type-product","3":"status-publish","4":"has-post-thumbnail","6":"product_cat-autochemija","8":"first","9":"instock","10":"purchasable","11":"product-type-simple"},"jetpack_sharing_enabled":true,"_links":{"self":[{"href":"https:\/\/irankiuzona.lt\/ru\/wp-json\/wp\/v2\/product\/429669","targetHints":{"allow":["GET"]}}],"collection":[{"href":"https:\/\/irankiuzona.lt\/ru\/wp-json\/wp\/v2\/product"}],"about":[{"href":"https:\/\/irankiuzona.lt\/ru\/wp-json\/wp\/v2\/types\/product"}],"replies":[{"embeddable":true,"href":"https:\/\/irankiuzona.lt\/ru\/wp-json\/wp\/v2\/comments?post=429669"}],"version-history":[{"count":1,"href":"https:\/\/irankiuzona.lt\/ru\/wp-json\/wp\/v2\/product\/429669\/revisions"}],"predecessor-version":[{"id":429670,"href":"https:\/\/irankiuzona.lt\/ru\/wp-json\/wp\/v2\/product\/429669\/revisions\/429670"}],"wp:featuredmedia":[{"embeddable":true,"href":"https:\/\/irankiuzona.lt\/ru\/wp-json\/wp\/v2\/media\/429671"}],"wp:attachment":[{"href":"https:\/\/irankiuzona.lt\/ru\/wp-json\/wp\/v2\/media?parent=429669"}],"wp:term":[{"taxonomy":"product_cat","embeddable":true,"href":"https:\/\/irankiuzona.lt\/ru\/wp-json\/wp\/v2\/product_cat?post=429669"},{"taxonomy":"product_tag","embeddable":true,"href":"https:\/\/irankiuzona.lt\/ru\/wp-json\/wp\/v2\/product_tag?post=429669"}],"curies":[{"name":"wp","href":"https:\/\/api.w.org\/{rel}","templated":true}]}}