{"id":429752,"date":"2026-02-04T14:37:22","date_gmt":"2026-02-04T14:37:22","guid":{"rendered":"https:\/\/irankiuzona.lt\/product\/galines-asies-ivores-nuemejai-vauhall-opel-vectra-2\/"},"modified":"2026-04-22T03:51:01","modified_gmt":"2026-04-22T03:51:01","slug":"galines-asies-ivores-nuemejai-vauhall-opel-vectra-2","status":"publish","type":"product","link":"https:\/\/irankiuzona.lt\/ru\/product\/galines-asies-ivores-nuemejai-vauhall-opel-vectra-2\/","title":{"rendered":"Galin\u0117s a\u0161ies \u012fvor\u0117s nu\u0117m\u0117jai Vauhall Opel Vectra"},"content":{"rendered":"<p>Komplektas pritaikytas automobilio galin\u0117je dalyje esan\u010dioms valdymo svirties apatin\u0117ms ir vir\u0161utin\u0117ms metalin\u0117ms-gumin\u0117ms \u012fvor\u0117ms nuimti\/sumontuoti.<br \/>\nTaikymas: Vauhall \/ Opel Vectra B (1995-2002).<\/p>","protected":false},"excerpt":{"rendered":"<p>Galin\u0117s a\u0161ies \u012fvor\u0117s nu\u0117m\u0117jai Vauhall Opel Vectra<\/p>","protected":false},"featured_media":260789,"comment_status":"open","ping_status":"open","template":"","meta":[],"product_cat":[9731],"product_tag":[10130],"class_list":{"0":"post-429752","1":"product","2":"type-product","3":"status-publish","4":"has-post-thumbnail","6":"product_brand-satra-lenkija","7":"product_cat-guoliu-sailentbloku-presavimo-irankiai","8":"product_tag-satra-lenkija","10":"first","11":"instock","12":"purchasable","13":"product-type-simple"},"jetpack_sharing_enabled":true,"_links":{"self":[{"href":"https:\/\/irankiuzona.lt\/ru\/wp-json\/wp\/v2\/product\/429752","targetHints":{"allow":["GET"]}}],"collection":[{"href":"https:\/\/irankiuzona.lt\/ru\/wp-json\/wp\/v2\/product"}],"about":[{"href":"https:\/\/irankiuzona.lt\/ru\/wp-json\/wp\/v2\/types\/product"}],"replies":[{"embeddable":true,"href":"https:\/\/irankiuzona.lt\/ru\/wp-json\/wp\/v2\/comments?post=429752"}],"version-history":[{"count":1,"href":"https:\/\/irankiuzona.lt\/ru\/wp-json\/wp\/v2\/product\/429752\/revisions"}],"predecessor-version":[{"id":429753,"href":"https:\/\/irankiuzona.lt\/ru\/wp-json\/wp\/v2\/product\/429752\/revisions\/429753"}],"wp:featuredmedia":[{"embeddable":true,"href":"https:\/\/irankiuzona.lt\/ru\/wp-json\/wp\/v2\/media\/260789"}],"wp:attachment":[{"href":"https:\/\/irankiuzona.lt\/ru\/wp-json\/wp\/v2\/media?parent=429752"}],"wp:term":[{"taxonomy":"product_cat","embeddable":true,"href":"https:\/\/irankiuzona.lt\/ru\/wp-json\/wp\/v2\/product_cat?post=429752"},{"taxonomy":"product_tag","embeddable":true,"href":"https:\/\/irankiuzona.lt\/ru\/wp-json\/wp\/v2\/product_tag?post=429752"}],"curies":[{"name":"wp","href":"https:\/\/api.w.org\/{rel}","templated":true}]}}