{"id":429754,"date":"2026-02-04T14:52:08","date_gmt":"2026-02-04T14:52:08","guid":{"rendered":"https:\/\/irankiuzona.lt\/product\/reples-ausinimo-savarzoms-230mm-2\/"},"modified":"2026-04-22T06:58:00","modified_gmt":"2026-04-22T06:58:00","slug":"reples-ausinimo-savarzoms-230mm-2","status":"publish","type":"product","link":"https:\/\/irankiuzona.lt\/ru\/product\/reples-ausinimo-savarzoms-230mm-2\/","title":{"rendered":"Repl\u0117s au\u0161inimo s\u0105var\u017eoms 230mm"},"content":{"rendered":"","protected":false},"excerpt":{"rendered":"<p>Repl\u0117s au\u0161inimo s\u0105var\u017eoms 230mm<\/p>","protected":false},"featured_media":262995,"comment_status":"open","ping_status":"open","template":"","meta":[],"product_cat":[9563],"product_tag":[10130],"class_list":{"0":"post-429754","1":"product","2":"type-product","3":"status-publish","4":"has-post-thumbnail","6":"product_brand-satra-lenkija","7":"product_cat-irankiai-ausinimo-sistemai","8":"product_tag-satra-lenkija","10":"first","11":"instock","12":"purchasable","13":"product-type-simple"},"jetpack_sharing_enabled":true,"_links":{"self":[{"href":"https:\/\/irankiuzona.lt\/ru\/wp-json\/wp\/v2\/product\/429754","targetHints":{"allow":["GET"]}}],"collection":[{"href":"https:\/\/irankiuzona.lt\/ru\/wp-json\/wp\/v2\/product"}],"about":[{"href":"https:\/\/irankiuzona.lt\/ru\/wp-json\/wp\/v2\/types\/product"}],"replies":[{"embeddable":true,"href":"https:\/\/irankiuzona.lt\/ru\/wp-json\/wp\/v2\/comments?post=429754"}],"version-history":[{"count":1,"href":"https:\/\/irankiuzona.lt\/ru\/wp-json\/wp\/v2\/product\/429754\/revisions"}],"predecessor-version":[{"id":429755,"href":"https:\/\/irankiuzona.lt\/ru\/wp-json\/wp\/v2\/product\/429754\/revisions\/429755"}],"wp:featuredmedia":[{"embeddable":true,"href":"https:\/\/irankiuzona.lt\/ru\/wp-json\/wp\/v2\/media\/262995"}],"wp:attachment":[{"href":"https:\/\/irankiuzona.lt\/ru\/wp-json\/wp\/v2\/media?parent=429754"}],"wp:term":[{"taxonomy":"product_cat","embeddable":true,"href":"https:\/\/irankiuzona.lt\/ru\/wp-json\/wp\/v2\/product_cat?post=429754"},{"taxonomy":"product_tag","embeddable":true,"href":"https:\/\/irankiuzona.lt\/ru\/wp-json\/wp\/v2\/product_tag?post=429754"}],"curies":[{"name":"wp","href":"https:\/\/api.w.org\/{rel}","templated":true}]}}