{"id":429760,"date":"2026-02-04T15:01:54","date_gmt":"2026-02-04T15:01:54","guid":{"rendered":"https:\/\/irankiuzona.lt\/product\/merscedes-benz-alyvos-lygio-matuokliai-4-vnt-3\/"},"modified":"2026-04-14T23:22:43","modified_gmt":"2026-04-14T23:22:43","slug":"merscedes-benz-alyvos-lygio-matuokliai-4-vnt-3","status":"publish","type":"product","link":"https:\/\/irankiuzona.lt\/ru\/product\/merscedes-benz-alyvos-lygio-matuokliai-4-vnt-3\/","title":{"rendered":"Merscedes-Benz alyvos lygio matuokliai 4 vnt."},"content":{"rendered":"<p>Merscedes-Benz alyvos lygio matuokliai 4 vnt.930 mm (W211, W220, W170, W171, W203, W204, W209, W215, W163, W207, W212, W208, W210)930 mm (W221, W211, W220, W203, W204, W209, W210, W124, W202, W140, W215, W129, W170, W638)920 mm (C klas\u0117, CLK, S klas\u0117, Vito, Sprinter)1220 mm (A klas\u0117, B klas\u0117, Vaneo)<\/p>","protected":false},"excerpt":{"rendered":"<p>Merscedes-Benz alyvos lygio matuokliai 4 vnt.<\/p>","protected":false},"featured_media":264573,"comment_status":"open","ping_status":"open","template":"","meta":[],"product_cat":[9741],"product_tag":[10130],"class_list":{"0":"post-429760","1":"product","2":"type-product","3":"status-publish","4":"has-post-thumbnail","6":"product_brand-satra-lenkija","7":"product_cat-matuokliai-tepalo-lygiui","8":"product_tag-satra-lenkija","10":"first","11":"outofstock","12":"purchasable","13":"product-type-simple"},"jetpack_sharing_enabled":true,"_links":{"self":[{"href":"https:\/\/irankiuzona.lt\/ru\/wp-json\/wp\/v2\/product\/429760","targetHints":{"allow":["GET"]}}],"collection":[{"href":"https:\/\/irankiuzona.lt\/ru\/wp-json\/wp\/v2\/product"}],"about":[{"href":"https:\/\/irankiuzona.lt\/ru\/wp-json\/wp\/v2\/types\/product"}],"replies":[{"embeddable":true,"href":"https:\/\/irankiuzona.lt\/ru\/wp-json\/wp\/v2\/comments?post=429760"}],"version-history":[{"count":1,"href":"https:\/\/irankiuzona.lt\/ru\/wp-json\/wp\/v2\/product\/429760\/revisions"}],"predecessor-version":[{"id":429761,"href":"https:\/\/irankiuzona.lt\/ru\/wp-json\/wp\/v2\/product\/429760\/revisions\/429761"}],"wp:featuredmedia":[{"embeddable":true,"href":"https:\/\/irankiuzona.lt\/ru\/wp-json\/wp\/v2\/media\/264573"}],"wp:attachment":[{"href":"https:\/\/irankiuzona.lt\/ru\/wp-json\/wp\/v2\/media?parent=429760"}],"wp:term":[{"taxonomy":"product_cat","embeddable":true,"href":"https:\/\/irankiuzona.lt\/ru\/wp-json\/wp\/v2\/product_cat?post=429760"},{"taxonomy":"product_tag","embeddable":true,"href":"https:\/\/irankiuzona.lt\/ru\/wp-json\/wp\/v2\/product_tag?post=429760"}],"curies":[{"name":"wp","href":"https:\/\/api.w.org\/{rel}","templated":true}]}}