{"id":429778,"date":"2026-02-04T16:24:38","date_gmt":"2026-02-04T16:24:38","guid":{"rendered":"https:\/\/irankiuzona.lt\/product\/pneumatinis-stabdziu-skyscio-nuorinimo-istraukimo-irankis-2\/"},"modified":"2026-04-15T01:03:31","modified_gmt":"2026-04-15T01:03:31","slug":"pneumatinis-stabdziu-skyscio-nuorinimo-istraukimo-irankis-2","status":"publish","type":"product","link":"https:\/\/irankiuzona.lt\/ru\/product\/pneumatinis-stabdziu-skyscio-nuorinimo-istraukimo-irankis-2\/","title":{"rendered":"Pneumatinis stabd\u017ei\u0173 skys\u010dio nuorinimo &#8211; i\u0161traukimo \u012frankis"},"content":{"rendered":"<p>Sudarytas i\u0161 300 cm\u00b3 PE baliono, 1,8 m silikonin\u0117s \u017earnos, sustiprinto guminio i\u0161leidimo vo\u017etuvo ir metalini\u0173 (aliuminio ir \u017ealvario) dali\u0173.<br \/>\n90\u00b0 u\u017edarymo vo\u017etuvas tiksliai kontroliuoja skys\u010dio sraut\u0105 ir turi 1\/4 colio oro greito prijungimo ki\u0161tuk\u0105 oro tiekimui.<br \/>\nRekomenduojamas darbinis sl\u0117gis: 90\u2013100 psi.<br \/>\nMaksimalus sl\u0117gis: 100 psi<br \/>\nGreita jungtis: 1\/4 colio<\/p>","protected":false},"excerpt":{"rendered":"<p>Pneumatinis stabd\u017ei\u0173 skys\u010dio nuorinimo &#8211; i\u0161traukimo \u012frankis<\/p>","protected":false},"featured_media":407145,"comment_status":"open","ping_status":"open","template":"","meta":[],"product_cat":[9534],"product_tag":[10130],"class_list":{"0":"post-429778","1":"product","2":"type-product","3":"status-publish","4":"has-post-thumbnail","6":"product_brand-satra-lenkija","7":"product_cat-stabdziu-remonto-nuorinimo-irankiai","8":"product_tag-satra-lenkija","10":"first","11":"instock","12":"purchasable","13":"product-type-simple"},"jetpack_sharing_enabled":true,"_links":{"self":[{"href":"https:\/\/irankiuzona.lt\/ru\/wp-json\/wp\/v2\/product\/429778","targetHints":{"allow":["GET"]}}],"collection":[{"href":"https:\/\/irankiuzona.lt\/ru\/wp-json\/wp\/v2\/product"}],"about":[{"href":"https:\/\/irankiuzona.lt\/ru\/wp-json\/wp\/v2\/types\/product"}],"replies":[{"embeddable":true,"href":"https:\/\/irankiuzona.lt\/ru\/wp-json\/wp\/v2\/comments?post=429778"}],"version-history":[{"count":1,"href":"https:\/\/irankiuzona.lt\/ru\/wp-json\/wp\/v2\/product\/429778\/revisions"}],"predecessor-version":[{"id":429779,"href":"https:\/\/irankiuzona.lt\/ru\/wp-json\/wp\/v2\/product\/429778\/revisions\/429779"}],"wp:featuredmedia":[{"embeddable":true,"href":"https:\/\/irankiuzona.lt\/ru\/wp-json\/wp\/v2\/media\/407145"}],"wp:attachment":[{"href":"https:\/\/irankiuzona.lt\/ru\/wp-json\/wp\/v2\/media?parent=429778"}],"wp:term":[{"taxonomy":"product_cat","embeddable":true,"href":"https:\/\/irankiuzona.lt\/ru\/wp-json\/wp\/v2\/product_cat?post=429778"},{"taxonomy":"product_tag","embeddable":true,"href":"https:\/\/irankiuzona.lt\/ru\/wp-json\/wp\/v2\/product_tag?post=429778"}],"curies":[{"name":"wp","href":"https:\/\/api.w.org\/{rel}","templated":true}]}}