{"id":429780,"date":"2026-02-04T16:25:05","date_gmt":"2026-02-04T16:25:05","guid":{"rendered":"https:\/\/irankiuzona.lt\/product\/hidraulinis-sailentbloku-presavimo-komplektas-2\/"},"modified":"2026-04-15T01:03:33","modified_gmt":"2026-04-15T01:03:33","slug":"hidraulinis-sailentbloku-presavimo-komplektas-2","status":"publish","type":"product","link":"https:\/\/irankiuzona.lt\/ru\/product\/hidraulinis-sailentbloku-presavimo-komplektas-2\/","title":{"rendered":"Hidraulinis sailentblok\u0173 presavimo komplektas"},"content":{"rendered":"<p>Komplekto specifikacijos:18Ton hidraulinis cilindras su 3\/8 colio adapteriu22 x juodos \u012fvor\u0117s:\u012evori\u0173 dyd\u017eiai: 18-60 mm (vidinis) ir 26-68 mm (i\u0161orinis) 2 mm \u017eingsniais: 26\u00d718, 28\u00d720, 30\u00d722, 32\u00d724, 34\u00d726, 36\u00d728, 38\u00d730, 40\u00d732, 42\u00d734, 44\u00d736, 46\u00d738, 48\u00d740, 50\u00d742, 52\u00d744 54\u00d746, 56\u00d748, 58\u00d750, 60\u00d752, 62 \u00d7 54, 64 \u00d7 56, 66 \u00d7 58, 68 \u00d7 60.22 x auksin\u0117s \u012fvor\u0117s:\u012evori\u0173 dyd\u017eiai: 16\u201358 mm (vidinis) ir 26\u201368 mm (i\u0161orinis) 2 mm \u017eingsniais: 26 \u00d7 16, 28 \u00d7 18, 30 \u00d7 20, 32 \u00d7 22, 34 \u00d7 24, 36 \u00d7 26, 38 \u00d7 28, 40 \u00d7 30, 42 \u00d7 32, 44 \u00d7 34, 46 \u00d7 36, 48 \u00d7 38, 50 \u00d7 40, 52 \u00d7 42, 54 \u00d7 44, 56 \u00d7 46, 58 \u00d7 48, 60 \u00d7 50, 62 \u00d7 52, 64 \u00d7 54, 66 \u00d7 56, 68 \u00d7 58.4 i\u0161traukimo velenai-var\u017etai: M10x1,5 \/ M12x1,75 \/ M14x2,0 \/ M16x2,0<\/p>","protected":false},"excerpt":{"rendered":"<p>Hidraulinis guoli\u0173, sailentblok\u0173 \u012fpresavimo-i\u0161presavimo \u012franki\u0173 komplektas<\/p>","protected":false},"featured_media":408244,"comment_status":"open","ping_status":"open","template":"","meta":[],"product_cat":[9731],"product_tag":[10130],"class_list":{"0":"post-429780","1":"product","2":"type-product","3":"status-publish","4":"has-post-thumbnail","6":"product_brand-satra-lenkija","7":"product_cat-guoliu-sailentbloku-presavimo-irankiai","8":"product_tag-satra-lenkija","10":"first","11":"outofstock","12":"purchasable","13":"product-type-simple"},"jetpack_sharing_enabled":true,"_links":{"self":[{"href":"https:\/\/irankiuzona.lt\/ru\/wp-json\/wp\/v2\/product\/429780","targetHints":{"allow":["GET"]}}],"collection":[{"href":"https:\/\/irankiuzona.lt\/ru\/wp-json\/wp\/v2\/product"}],"about":[{"href":"https:\/\/irankiuzona.lt\/ru\/wp-json\/wp\/v2\/types\/product"}],"replies":[{"embeddable":true,"href":"https:\/\/irankiuzona.lt\/ru\/wp-json\/wp\/v2\/comments?post=429780"}],"version-history":[{"count":1,"href":"https:\/\/irankiuzona.lt\/ru\/wp-json\/wp\/v2\/product\/429780\/revisions"}],"predecessor-version":[{"id":429781,"href":"https:\/\/irankiuzona.lt\/ru\/wp-json\/wp\/v2\/product\/429780\/revisions\/429781"}],"wp:featuredmedia":[{"embeddable":true,"href":"https:\/\/irankiuzona.lt\/ru\/wp-json\/wp\/v2\/media\/408244"}],"wp:attachment":[{"href":"https:\/\/irankiuzona.lt\/ru\/wp-json\/wp\/v2\/media?parent=429780"}],"wp:term":[{"taxonomy":"product_cat","embeddable":true,"href":"https:\/\/irankiuzona.lt\/ru\/wp-json\/wp\/v2\/product_cat?post=429780"},{"taxonomy":"product_tag","embeddable":true,"href":"https:\/\/irankiuzona.lt\/ru\/wp-json\/wp\/v2\/product_tag?post=429780"}],"curies":[{"name":"wp","href":"https:\/\/api.w.org\/{rel}","templated":true}]}}