{"id":429782,"date":"2026-02-04T16:28:08","date_gmt":"2026-02-04T16:28:08","guid":{"rendered":"https:\/\/irankiuzona.lt\/product\/irankis-stebules-statramscio-prapletimui-3\/"},"modified":"2026-04-15T02:39:06","modified_gmt":"2026-04-15T02:39:06","slug":"irankis-stebules-statramscio-prapletimui-3","status":"publish","type":"product","link":"https:\/\/irankiuzona.lt\/ru\/product\/irankis-stebules-statramscio-prapletimui-3\/","title":{"rendered":"\u012erankis stebul\u0117s, statrams\u010dio prapl\u0117timui"},"content":{"rendered":"<p>Diapazonas: 5,5\u201311,5 mm\u0160e\u0161iakamp\u0117 galvut\u0117 10 mm ver\u017eliarak\u010diuiMaks. Nm: 13Kietumas: HRC 38\u201342Med\u017eiaga: Cr-MoPastaba! \u0160is \u012frankis skirtas tik rankiniam naudojimui.<\/p>","protected":false},"excerpt":{"rendered":"<p>\u012erankis automobilio pakabos remontui<\/p>","protected":false},"featured_media":408325,"comment_status":"open","ping_status":"open","template":"","meta":[],"product_cat":[9545],"product_tag":[10130],"class_list":{"0":"post-429782","1":"product","2":"type-product","3":"status-publish","4":"has-post-thumbnail","6":"product_brand-satra-lenkija","7":"product_cat-irankiai-amortizatoriams","8":"product_tag-satra-lenkija","10":"first","11":"instock","12":"purchasable","13":"product-type-simple"},"jetpack_sharing_enabled":true,"_links":{"self":[{"href":"https:\/\/irankiuzona.lt\/ru\/wp-json\/wp\/v2\/product\/429782","targetHints":{"allow":["GET"]}}],"collection":[{"href":"https:\/\/irankiuzona.lt\/ru\/wp-json\/wp\/v2\/product"}],"about":[{"href":"https:\/\/irankiuzona.lt\/ru\/wp-json\/wp\/v2\/types\/product"}],"replies":[{"embeddable":true,"href":"https:\/\/irankiuzona.lt\/ru\/wp-json\/wp\/v2\/comments?post=429782"}],"version-history":[{"count":1,"href":"https:\/\/irankiuzona.lt\/ru\/wp-json\/wp\/v2\/product\/429782\/revisions"}],"predecessor-version":[{"id":429783,"href":"https:\/\/irankiuzona.lt\/ru\/wp-json\/wp\/v2\/product\/429782\/revisions\/429783"}],"wp:featuredmedia":[{"embeddable":true,"href":"https:\/\/irankiuzona.lt\/ru\/wp-json\/wp\/v2\/media\/408325"}],"wp:attachment":[{"href":"https:\/\/irankiuzona.lt\/ru\/wp-json\/wp\/v2\/media?parent=429782"}],"wp:term":[{"taxonomy":"product_cat","embeddable":true,"href":"https:\/\/irankiuzona.lt\/ru\/wp-json\/wp\/v2\/product_cat?post=429782"},{"taxonomy":"product_tag","embeddable":true,"href":"https:\/\/irankiuzona.lt\/ru\/wp-json\/wp\/v2\/product_tag?post=429782"}],"curies":[{"name":"wp","href":"https:\/\/api.w.org\/{rel}","templated":true}]}}