{"id":429784,"date":"2026-02-04T16:36:55","date_gmt":"2026-02-04T16:36:55","guid":{"rendered":"https:\/\/irankiuzona.lt\/product\/verzliu-nupjovejas-16-22-mm\/"},"modified":"2026-02-04T16:36:55","modified_gmt":"2026-02-04T16:36:55","slug":"verzliu-nupjovejas-16-22-mm","status":"publish","type":"product","link":"https:\/\/irankiuzona.lt\/ru\/product\/verzliu-nupjovejas-16-22-mm\/","title":{"rendered":"Ver\u017eli\u0173 nupjov\u0117jas, 16-22 mm"},"content":{"rendered":"","protected":false},"excerpt":{"rendered":"<p>Ver\u017eli\u0173 skaldytuvas 16-22 mm<\/p>","protected":false},"featured_media":429677,"comment_status":"open","ping_status":"open","template":"","meta":[],"product_cat":[9805],"product_tag":[9435],"class_list":{"0":"post-429784","1":"product","2":"type-product","3":"status-publish","4":"has-post-thumbnail","6":"product_brand-kinija","7":"product_cat-sugadintu-varztu-ir-verzliu-nupjovejai","8":"product_tag-kinija","10":"first","11":"instock","12":"purchasable","13":"product-type-simple"},"jetpack_sharing_enabled":true,"_links":{"self":[{"href":"https:\/\/irankiuzona.lt\/ru\/wp-json\/wp\/v2\/product\/429784","targetHints":{"allow":["GET"]}}],"collection":[{"href":"https:\/\/irankiuzona.lt\/ru\/wp-json\/wp\/v2\/product"}],"about":[{"href":"https:\/\/irankiuzona.lt\/ru\/wp-json\/wp\/v2\/types\/product"}],"replies":[{"embeddable":true,"href":"https:\/\/irankiuzona.lt\/ru\/wp-json\/wp\/v2\/comments?post=429784"}],"version-history":[{"count":1,"href":"https:\/\/irankiuzona.lt\/ru\/wp-json\/wp\/v2\/product\/429784\/revisions"}],"predecessor-version":[{"id":429785,"href":"https:\/\/irankiuzona.lt\/ru\/wp-json\/wp\/v2\/product\/429784\/revisions\/429785"}],"wp:featuredmedia":[{"embeddable":true,"href":"https:\/\/irankiuzona.lt\/ru\/wp-json\/wp\/v2\/media\/429677"}],"wp:attachment":[{"href":"https:\/\/irankiuzona.lt\/ru\/wp-json\/wp\/v2\/media?parent=429784"}],"wp:term":[{"taxonomy":"product_cat","embeddable":true,"href":"https:\/\/irankiuzona.lt\/ru\/wp-json\/wp\/v2\/product_cat?post=429784"},{"taxonomy":"product_tag","embeddable":true,"href":"https:\/\/irankiuzona.lt\/ru\/wp-json\/wp\/v2\/product_tag?post=429784"}],"curies":[{"name":"wp","href":"https:\/\/api.w.org\/{rel}","templated":true}]}}