{"id":429807,"date":"2026-02-04T16:39:12","date_gmt":"2026-02-04T16:39:12","guid":{"rendered":"https:\/\/irankiuzona.lt\/product\/radiatoriaus-spaudimo-testavimo-k-tas-28vnt\/"},"modified":"2026-05-06T22:07:01","modified_gmt":"2026-05-06T22:07:01","slug":"radiatoriaus-spaudimo-testavimo-k-tas-28vnt","status":"publish","type":"product","link":"https:\/\/irankiuzona.lt\/ru\/product\/radiatoriaus-spaudimo-testavimo-k-tas-28vnt\/","title":{"rendered":"Radiatoriaus spaudimo testavimo k-tas 28vnt"},"content":{"rendered":"<p>PRODUKTO SAVYB\u0116S<br \/>\n\u2705 Universalus au\u0161inimo sistemos nuot\u0117kio bandymo rinkinys \u2013 iki 28 komponent\u0173<br \/>\n\u2705 Sl\u0117gio matavimo diapazonas: 0\u201335 PSI (0\u20132,5 BAR) d\u0117l tikslaus siurblio su manometru<br \/>\n\u2705 Spalvomis koduoti, sunumeruoti dangteliai ir adapteriai \u2013 lengva atpa\u017einti tinkam\u0105 komponent\u0105<br \/>\n\u2705 Tinka daugumai rinkoje esan\u010di\u0173 automobili\u0173 \u2013 europieti\u0161k\u0173, japoni\u0161k\u0173 ir amerikieti\u0161k\u0173<br \/>\n\u2705 Leid\u017eia greitai aptikti nuot\u0117k\u012f ir pakeisti au\u0161inimo skyst\u012f<br \/>\n\u2705 Tvirta konstrukcija ir patvarios med\u017eiagos, atsparios darbiniams skys\u010diams<br \/>\n\u2705 Apima universalius guminius adapterius, jungtis, \u017earnas ir sistemos prap\u016btimo \u012ftais\u0105<br \/>\n\u2705 Viskas patogiame, u\u017erakinamame d\u0117kle<br \/>\nTECHNINIAI DUOMENYS<br \/>\n\u2699 Modelis KD12501<br \/>\n\u2699 \u012erenginio tipas: Au\u0161inimo sistemos nuot\u0117kio bandymo prietaisas<br \/>\n\u2699 Komponent\u0173 skai\u010dius: 28<br \/>\n\u2699 Sl\u0117gio matavimo diapazonas: 0\u201335 PSI (0\u20132,5 BAR)<br \/>\n\u2699 Taikymas: Automobiliai \u2013 europieti\u0161ki, japoni\u0161ki ir amerikieti\u0161ki<br \/>\n\u2699 Komponent\u0173 skai\u010dius Adapteriai: 17 + universal\u016bs adapteriai<br \/>\n\u2699 Rinkinio svoris: 4,38 kg<\/p>\n<p>PRODUKTO SUD\u0116TIS<br \/>\n\u2705 Au\u0161inimo sistemos nuot\u0117kio testeris su pompa ir sl\u0117gio matuokliu<br \/>\n\u2705 17 spalvot\u0173 adapteri\u0173 su \u012fvairiais skersmenimis<br \/>\n\u2705 Universalus guminis adapteris<br \/>\n\u2705 Au\u0161inimo sistemos prap\u016btimo \u012ftaisas<br \/>\n\u2705 Temperat\u016bros matuoklis<br \/>\n\u2705 Permatoma \u017earna<br \/>\n\u2705 Au\u0161inimo skys\u010dio \u017earna<br \/>\n\u2705 Jungtys (juodos ir m\u0117lynos)<\/p>","protected":false},"excerpt":{"rendered":"<p>AU\u0160INIMO SISTEMOS NUOTEKIO TESTERIAI 28 vnt.<\/p>","protected":false},"featured_media":429809,"comment_status":"open","ping_status":"closed","template":"","meta":[],"product_cat":[9563],"product_tag":[10104],"class_list":{"0":"post-429807","1":"product","2":"type-product","3":"status-publish","4":"has-post-thumbnail","6":"product_brand-kraftdele","7":"product_cat-irankiai-ausinimo-sistemai","8":"product_tag-kraftdele","10":"first","11":"outofstock","12":"purchasable","13":"product-type-simple"},"jetpack_sharing_enabled":true,"_links":{"self":[{"href":"https:\/\/irankiuzona.lt\/ru\/wp-json\/wp\/v2\/product\/429807","targetHints":{"allow":["GET"]}}],"collection":[{"href":"https:\/\/irankiuzona.lt\/ru\/wp-json\/wp\/v2\/product"}],"about":[{"href":"https:\/\/irankiuzona.lt\/ru\/wp-json\/wp\/v2\/types\/product"}],"replies":[{"embeddable":true,"href":"https:\/\/irankiuzona.lt\/ru\/wp-json\/wp\/v2\/comments?post=429807"}],"version-history":[{"count":2,"href":"https:\/\/irankiuzona.lt\/ru\/wp-json\/wp\/v2\/product\/429807\/revisions"}],"predecessor-version":[{"id":429861,"href":"https:\/\/irankiuzona.lt\/ru\/wp-json\/wp\/v2\/product\/429807\/revisions\/429861"}],"wp:featuredmedia":[{"embeddable":true,"href":"https:\/\/irankiuzona.lt\/ru\/wp-json\/wp\/v2\/media\/429809"}],"wp:attachment":[{"href":"https:\/\/irankiuzona.lt\/ru\/wp-json\/wp\/v2\/media?parent=429807"}],"wp:term":[{"taxonomy":"product_cat","embeddable":true,"href":"https:\/\/irankiuzona.lt\/ru\/wp-json\/wp\/v2\/product_cat?post=429807"},{"taxonomy":"product_tag","embeddable":true,"href":"https:\/\/irankiuzona.lt\/ru\/wp-json\/wp\/v2\/product_tag?post=429807"}],"curies":[{"name":"wp","href":"https:\/\/api.w.org\/{rel}","templated":true}]}}