{"id":429822,"date":"2026-02-04T16:39:40","date_gmt":"2026-02-04T16:39:40","guid":{"rendered":"https:\/\/irankiuzona.lt\/product\/dujinis-degiklis-mini\/"},"modified":"2026-04-20T11:57:32","modified_gmt":"2026-04-20T11:57:32","slug":"dujinis-degiklis-mini","status":"publish","type":"product","link":"https:\/\/irankiuzona.lt\/ru\/product\/dujinis-degiklis-mini\/","title":{"rendered":"Dujinis degiklis mini"},"content":{"rendered":"<p>Dujinis degiklis yra kompakti\u0161kas, daugiafunkcis prietaisas, skirtas tiksliam litavimui ir terminiams darbams.<br \/>\nJis puikiai tinka situacijoms, kai n\u0117ra prieigos prie elektros tinklo \u2013 dirbtuv\u0117se, lauke ar atliekant mobilius remonto darbus.<br \/>\nJis puikiai tinka elektrikams, mechanikams ir nam\u0173 \u201epasidaryk pats\u201c entuziastams. Prietaisas maitinamas pla\u010diai prieinamomis butano dujomis (\u017eiebtuv\u0117lio dujomis), o kompakti\u0161kas dydis ir funkcional\u016bs priedai leid\u017eia dirbti patogiai, greitai ir tiksliai.<br \/>\nSklandus liepsnos reguliavimas ir duj\u0173 i\u0161jungimo mygtukas padidina saugum\u0105 ir valdym\u0105.<br \/>\nKomplekte yra visas antgali\u0173 ir pried\u0173 rinkinys, leid\u017eiantis nedelsiant paleisti ir universaliai naudoti degikl\u012f.<br \/>\n\u2699\ufe0f Technin\u0117s specifikacijos:<br \/>\n\u2699\ufe0f Bako talpa: 12 ml<br \/>\n\u2699\ufe0f Liepsnos temperat\u016bra: Iki 1300 \u00b0C<br \/>\n\u2699\ufe0f Antgalio temperat\u016bra: 250\u2013400 \u00b0C<br \/>\n\u2699\ufe0f Veikimo laikas: Ma\u017edaug 30 minu\u010di\u0173<br \/>\n\u2699\ufe0f Liepsnos reguliavimas: Taip<br \/>\n\u2699\ufe0f Duj\u0173 i\u0161jungimo mygtukas: Taip<\/p>","protected":false},"excerpt":{"rendered":"<p>MINI DUJINIS DEGIKLIS D\u0116\u017dUT\u0116JE<\/p>","protected":false},"featured_media":429824,"comment_status":"open","ping_status":"open","template":"","meta":[],"product_cat":[9788],"product_tag":[10104],"class_list":{"0":"post-429822","1":"product","2":"type-product","3":"status-publish","4":"has-post-thumbnail","6":"product_brand-kraftdele","7":"product_cat-dujiniai-degikliai","8":"product_tag-kraftdele","10":"first","11":"instock","12":"purchasable","13":"product-type-simple"},"jetpack_sharing_enabled":true,"_links":{"self":[{"href":"https:\/\/irankiuzona.lt\/ru\/wp-json\/wp\/v2\/product\/429822","targetHints":{"allow":["GET"]}}],"collection":[{"href":"https:\/\/irankiuzona.lt\/ru\/wp-json\/wp\/v2\/product"}],"about":[{"href":"https:\/\/irankiuzona.lt\/ru\/wp-json\/wp\/v2\/types\/product"}],"replies":[{"embeddable":true,"href":"https:\/\/irankiuzona.lt\/ru\/wp-json\/wp\/v2\/comments?post=429822"}],"version-history":[{"count":1,"href":"https:\/\/irankiuzona.lt\/ru\/wp-json\/wp\/v2\/product\/429822\/revisions"}],"predecessor-version":[{"id":429823,"href":"https:\/\/irankiuzona.lt\/ru\/wp-json\/wp\/v2\/product\/429822\/revisions\/429823"}],"wp:featuredmedia":[{"embeddable":true,"href":"https:\/\/irankiuzona.lt\/ru\/wp-json\/wp\/v2\/media\/429824"}],"wp:attachment":[{"href":"https:\/\/irankiuzona.lt\/ru\/wp-json\/wp\/v2\/media?parent=429822"}],"wp:term":[{"taxonomy":"product_cat","embeddable":true,"href":"https:\/\/irankiuzona.lt\/ru\/wp-json\/wp\/v2\/product_cat?post=429822"},{"taxonomy":"product_tag","embeddable":true,"href":"https:\/\/irankiuzona.lt\/ru\/wp-json\/wp\/v2\/product_tag?post=429822"}],"curies":[{"name":"wp","href":"https:\/\/api.w.org\/{rel}","templated":true}]}}